{"id":4074,"date":"2024-12-05T07:35:12","date_gmt":"2024-12-05T07:35:12","guid":{"rendered":"https:\/\/sartsmetal.ee\/?page_id=4074"},"modified":"2024-12-05T07:59:34","modified_gmt":"2024-12-05T07:59:34","slug":"privacy-policy","status":"publish","type":"page","link":"https:\/\/sartsmetal.ee\/en\/privaatsuspoliitika\/","title":{"rendered":"Privacy policy"},"content":{"rendered":"<div data-elementor-type=\"wp-page\" data-elementor-id=\"4074\" class=\"elementor elementor-4074\" data-elementor-post-type=\"page\">\n\t\t\t\t\t\t<section class=\"elementor-section elementor-top-section elementor-element elementor-element-5ed451d5 elementor-section-boxed elementor-section-height-default elementor-section-height-default\" data-id=\"5ed451d5\" data-element_type=\"section\" data-e-type=\"section\" data-settings=\"{&quot;background_background&quot;:&quot;classic&quot;}\">\n\t\t\t\t\t\t\t<div class=\"elementor-background-overlay\"><\/div>\n\t\t\t\t\t\t\t<div class=\"elementor-container elementor-column-gap-default\">\n\t\t\t\t\t<div class=\"elementor-column elementor-col-100 elementor-top-column elementor-element elementor-element-3924b979\" data-id=\"3924b979\" data-element_type=\"column\" data-e-type=\"column\">\n\t\t\t<div class=\"elementor-widget-wrap elementor-element-populated\">\n\t\t\t\t\t\t<div class=\"elementor-element elementor-element-6d3d23dd elementor-widget elementor-widget-heading\" data-id=\"6d3d23dd\" data-element_type=\"widget\" data-e-type=\"widget\" data-widget_type=\"heading.default\">\n\t\t\t\t<div class=\"elementor-widget-container\">\n\t\t\t\t\t<h1 class=\"elementor-heading-title elementor-size-default\">Privacy policy<\/h1>\t\t\t\t<\/div>\n\t\t\t\t<\/div>\n\t\t\t\t\t<\/div>\n\t\t<\/div>\n\t\t\t\t\t<\/div>\n\t\t<\/section>\n\t\t\t\t<section class=\"elementor-section elementor-top-section elementor-element elementor-element-432de68 elementor-section-boxed elementor-section-height-default elementor-section-height-default\" data-id=\"432de68\" data-element_type=\"section\" data-e-type=\"section\">\n\t\t\t\t\t\t<div class=\"elementor-container elementor-column-gap-default\">\n\t\t\t\t\t<div class=\"elementor-column elementor-col-100 elementor-top-column elementor-element elementor-element-718ba24\" data-id=\"718ba24\" data-element_type=\"column\" data-e-type=\"column\">\n\t\t\t<div class=\"elementor-widget-wrap elementor-element-populated\">\n\t\t\t\t\t\t<div class=\"elementor-element elementor-element-8ecb507 elementor-widget elementor-widget-text-editor\" data-id=\"8ecb507\" data-element_type=\"widget\" data-e-type=\"widget\" data-widget_type=\"text-editor.default\">\n\t\t\t\t<div class=\"elementor-widget-container\">\n\t\t\t\t\t\t\t\t\t<ol><li><strong>General provisions<\/strong><\/li><\/ol><p><span data-contrast=\"none\">1.1 This Privacy Policy sets out the principles governing the collection, processing and storage of personal data. Personal data is collected, processed and stored by the controller (Sarts metal O\u00dc) (hereinafter referred to as the data controller).<\/span><span data-ccp-props=\"{&quot;134233117&quot;:false,&quot;134233118&quot;:false,&quot;335551550&quot;:1,&quot;335551620&quot;:1,&quot;335557856&quot;:16777215,&quot;335559738&quot;:0,&quot;335559739&quot;:240}\">\u00a0<\/span><\/p><p><span data-contrast=\"none\">1.2 For the purposes of this Privacy Policy, a data subject is a customer or other natural person whose personal data is processed by a data processor.<\/span><span data-ccp-props=\"{&quot;134233117&quot;:false,&quot;134233118&quot;:false,&quot;335551550&quot;:1,&quot;335551620&quot;:1,&quot;335557856&quot;:16777215,&quot;335559738&quot;:0,&quot;335559739&quot;:240}\">\u00a0<\/span><\/p><p><span data-contrast=\"none\">1.3. For the purposes of this Privacy Policy, a customer is anyone who purchases goods or services from the website of the data processor.<\/span><span data-ccp-props=\"{&quot;134233117&quot;:false,&quot;134233118&quot;:false,&quot;335551550&quot;:1,&quot;335551620&quot;:1,&quot;335557856&quot;:16777215,&quot;335559738&quot;:0,&quot;335559739&quot;:240}\">\u00a0<\/span><\/p><p><span data-contrast=\"none\">1.4 The data processor shall comply with the principles of data processing set out in the legislation, including processing personal data lawfully, fairly and securely. The data processor is able to confirm that the personal data have been processed in accordance with the law.<\/span><span data-ccp-props=\"{&quot;134233117&quot;:false,&quot;134233118&quot;:false,&quot;335551550&quot;:1,&quot;335551620&quot;:1,&quot;335557856&quot;:16777215,&quot;335559738&quot;:0,&quot;335559739&quot;:240}\">\u00a0<\/span><\/p><ol start=\"2\"><li><span data-contrast=\"none\"><b> Collection, processing and storage of personal data<\/b><\/span><\/li><\/ol><p><span data-contrast=\"none\">2.1 The personal data collected, processed and stored by the data controller are collected electronically, mainly through the website and e-mail.<\/span><span data-contrast=\"none\">\u00a0<\/span><span data-ccp-props=\"{&quot;134233117&quot;:false,&quot;134233118&quot;:false,&quot;335551550&quot;:1,&quot;335551620&quot;:1,&quot;335557856&quot;:16777215,&quot;335559738&quot;:0,&quot;335559739&quot;:240}\">\u00a0<\/span><\/p><p><span data-contrast=\"none\">2.2 By sharing your personal data, you grant the data processor the right to collect, organise, use and manage the personal data that you share directly or indirectly with the data processor when purchasing goods or services from the website for the purposes specified in the Privacy Policy.<\/span><span data-ccp-props=\"{&quot;134233117&quot;:false,&quot;134233118&quot;:false,&quot;335551550&quot;:1,&quot;335551620&quot;:1,&quot;335557856&quot;:16777215,&quot;335559738&quot;:0,&quot;335559739&quot;:240}\">\u00a0<\/span><\/p><p><span data-contrast=\"none\">2.3 The data subject is responsible for the accuracy, correctness and completeness of the data he or she provides. Knowingly providing false information will be considered a breach of the Privacy Policy. The data subject is obliged to inform the data processor without delay of any changes to the data provided.<\/span><span data-ccp-props=\"{&quot;134233117&quot;:false,&quot;134233118&quot;:false,&quot;335551550&quot;:1,&quot;335551620&quot;:1,&quot;335557856&quot;:16777215,&quot;335559738&quot;:0,&quot;335559739&quot;:240}\">\u00a0<\/span><\/p><p><span data-contrast=\"none\">2.4 The Data Processor shall not be liable for any damage caused by the submission of false data by the data subject to the data subject or third parties.<\/span><span data-ccp-props=\"{&quot;134233117&quot;:false,&quot;134233118&quot;:false,&quot;335551550&quot;:1,&quot;335551620&quot;:1,&quot;335557856&quot;:16777215,&quot;335559738&quot;:0,&quot;335559739&quot;:240}\">\u00a0<\/span><\/p><ol start=\"3\"><li><span data-contrast=\"none\"><b> Processing of customers' personal data<\/b><\/span><\/li><\/ol><p><span data-contrast=\"none\">3.1 The data processor may process the following personal data of the data subject:<\/span><span data-ccp-props=\"{&quot;134233117&quot;:false,&quot;134233118&quot;:false,&quot;335551550&quot;:1,&quot;335551620&quot;:1,&quot;335557856&quot;:16777215,&quot;335559738&quot;:0,&quot;335559739&quot;:240}\">\u00a0<\/span><\/p><p><span data-contrast=\"none\">3.1.1. First name and surname;<\/span><span data-ccp-props=\"{&quot;134233117&quot;:false,&quot;134233118&quot;:false,&quot;335551550&quot;:1,&quot;335551620&quot;:1,&quot;335557856&quot;:16777215,&quot;335559738&quot;:0,&quot;335559739&quot;:240}\">\u00a0<\/span><\/p><p><span data-contrast=\"none\">3.1.2. Date of birth;<\/span><span data-ccp-props=\"{&quot;134233117&quot;:false,&quot;134233118&quot;:false,&quot;335551550&quot;:1,&quot;335551620&quot;:1,&quot;335557856&quot;:16777215,&quot;335559738&quot;:0,&quot;335559739&quot;:240}\">\u00a0<\/span><\/p><p><span data-contrast=\"none\">3.1.3. Telephone number;<\/span><span data-ccp-props=\"{&quot;134233117&quot;:false,&quot;134233118&quot;:false,&quot;335551550&quot;:1,&quot;335551620&quot;:1,&quot;335557856&quot;:16777215,&quot;335559738&quot;:0,&quot;335559739&quot;:240}\">\u00a0<\/span><\/p><p><span data-contrast=\"none\">3.1.4. E-mail address;<\/span><span data-ccp-props=\"{&quot;134233117&quot;:false,&quot;134233118&quot;:false,&quot;335551550&quot;:1,&quot;335551620&quot;:1,&quot;335557856&quot;:16777215,&quot;335559738&quot;:0,&quot;335559739&quot;:240}\">\u00a0<\/span><\/p><p><span data-contrast=\"none\">3.1.5. Delivery address;<\/span><span data-ccp-props=\"{&quot;134233117&quot;:false,&quot;134233118&quot;:false,&quot;335551550&quot;:1,&quot;335551620&quot;:1,&quot;335557856&quot;:16777215,&quot;335559738&quot;:0,&quot;335559739&quot;:240}\">\u00a0<\/span><\/p><p><span data-contrast=\"none\">3.1.6. Current account number;<\/span><span data-ccp-props=\"{&quot;134233117&quot;:false,&quot;134233118&quot;:false,&quot;335551550&quot;:1,&quot;335551620&quot;:1,&quot;335557856&quot;:16777215,&quot;335559738&quot;:0,&quot;335559739&quot;:240}\">\u00a0<\/span><\/p><p><span data-contrast=\"none\">3.1.7. Payment card details;<\/span><span data-ccp-props=\"{&quot;134233117&quot;:false,&quot;134233118&quot;:false,&quot;335551550&quot;:1,&quot;335551620&quot;:1,&quot;335557856&quot;:16777215,&quot;335559738&quot;:0,&quot;335559739&quot;:240}\">\u00a0<\/span><\/p><p><span data-contrast=\"none\">3.2 In addition to the foregoing, the data controller is entitled to collect data about the customer that is available in public registers.<\/span><span data-ccp-props=\"{&quot;134233117&quot;:false,&quot;134233118&quot;:false,&quot;335551550&quot;:1,&quot;335551620&quot;:1,&quot;335557856&quot;:16777215,&quot;335559738&quot;:0,&quot;335559739&quot;:240}\">\u00a0<\/span><\/p><p><span data-contrast=\"none\">3.3 The legal basis for the processing of personal data is Article 6(1)(a), (b), (c) and (f) of the GDPR:<\/span><span data-ccp-props=\"{&quot;134233117&quot;:false,&quot;134233118&quot;:false,&quot;335551550&quot;:1,&quot;335551620&quot;:1,&quot;335557856&quot;:16777215,&quot;335559738&quot;:0,&quot;335559739&quot;:240}\">\u00a0<\/span><\/p><ol><li><span data-contrast=\"none\">(a) the data subject has given his or her consent to the processing of his or her personal data for one or more specific purposes;<\/span><\/li><li><span data-contrast=\"none\">(b) processing of personal data is necessary for the performance of a contract entered into with the involvement of the data subject or for the performance of pre-contractual measures at the request of the data subject;<\/span><\/li><li><span data-contrast=\"none\">(c) the processing is necessary for compliance with a legal obligation to which the controller is subject;<\/span><\/li><li><span data-contrast=\"none\">(f) the processing is necessary for the purposes of the legitimate interests pursued by the controller or by a third party, except where such interests override the interests of the data subject or the fundamental rights and freedoms for which the personal data must be protected, in particular where the data subject is a child.<\/span><\/li><\/ol><p><span data-contrast=\"none\">3.4. Processing of personal data in accordance with the purpose of the processing:<\/span><span data-ccp-props=\"{&quot;134233117&quot;:false,&quot;134233118&quot;:false,&quot;335551550&quot;:1,&quot;335551620&quot;:1,&quot;335557856&quot;:16777215,&quot;335559738&quot;:0,&quot;335559739&quot;:240}\">\u00a0<\/span><\/p><p><span data-contrast=\"none\">3.4.1. Purpose of the processing - security and safety<\/span>\u00a0<br \/><span data-contrast=\"none\">Maximum retention period - in accordance with the time limits specified by law.<\/span><span data-ccp-props=\"{&quot;134233117&quot;:false,&quot;134233118&quot;:false,&quot;335551550&quot;:1,&quot;335551620&quot;:1,&quot;335557856&quot;:16777215,&quot;335559738&quot;:0,&quot;335559739&quot;:240}\">\u00a0<\/span><\/p><p><span data-contrast=\"none\">3.4.2. Purpose of the processing - processing of the order.<\/span>\u00a0<br \/><span data-contrast=\"none\">Maximum retention period for personal data -<\/span> <span data-contrast=\"auto\">5 years<\/span><span data-ccp-props=\"{&quot;134233117&quot;:false,&quot;134233118&quot;:false,&quot;335551550&quot;:1,&quot;335551620&quot;:1,&quot;335557856&quot;:16777215,&quot;335559738&quot;:0,&quot;335559739&quot;:240}\">\u00a0<\/span><\/p><p><span data-contrast=\"none\">3.4.3. Purpose of the processing - to ensure the functioning of the e-shop services.<\/span>\u00a0<br \/><span data-contrast=\"none\">Maximum retention period of personal data - 5 years<\/span><span data-ccp-props=\"{&quot;134233117&quot;:false,&quot;134233118&quot;:false,&quot;335551550&quot;:1,&quot;335551620&quot;:1,&quot;335557856&quot;:16777215,&quot;335559738&quot;:0,&quot;335559739&quot;:240}\">\u00a0<\/span><\/p><p><span data-contrast=\"none\">3.4.4. Purpose of the processing - customer management.<\/span>\u00a0<br \/><span data-contrast=\"none\">Maximum retention period of personal data - 5 years<\/span><span data-contrast=\"none\">\u00a0<\/span><span data-ccp-props=\"{&quot;134233117&quot;:false,&quot;134233118&quot;:false,&quot;335551550&quot;:1,&quot;335551620&quot;:1,&quot;335557856&quot;:16777215,&quot;335559738&quot;:0,&quot;335559739&quot;:240}\">\u00a0<\/span><\/p><p><span data-contrast=\"none\">3.4.5. Purpose of processing - financial activities, accounting.<\/span>\u00a0<br \/><span data-contrast=\"none\">Maximum retention period - in accordance with the time limits specified by law.<\/span><span data-ccp-props=\"{&quot;134233117&quot;:false,&quot;134233118&quot;:false,&quot;335551550&quot;:1,&quot;335551620&quot;:1,&quot;335557856&quot;:16777215,&quot;335559738&quot;:0,&quot;335559739&quot;:240}\">\u00a0<\/span><\/p><p><span data-contrast=\"none\">3.4.6. Purpose of the processing - marketing.<\/span>\u00a0<br \/><span data-contrast=\"none\">Maximum retention period of personal data - 5 years<\/span>\u00a0<br \/><span data-ccp-props=\"{&quot;134233117&quot;:false,&quot;134233118&quot;:false,&quot;335551550&quot;:1,&quot;335551620&quot;:1,&quot;335557856&quot;:16777215,&quot;335559738&quot;:0,&quot;335559739&quot;:240}\">\u00a0<\/span><\/p><p><span data-contrast=\"none\">3.5 The Data Processor has the right to share the personal data of the Customer with third parties, such as authorised data processors, accountants, transport and courier companies, companies providing transfer services, etc. The Data Processor is the controller of the personal data. The data processor transfers the personal data necessary for the execution of payments to the processor Maksekeskus AS.<\/span><span data-ccp-props=\"{&quot;134233117&quot;:false,&quot;134233118&quot;:false,&quot;335551550&quot;:1,&quot;335551620&quot;:1,&quot;335557856&quot;:16777215,&quot;335559738&quot;:0,&quot;335559739&quot;:240}\">\u00a0<\/span><\/p><p><span data-contrast=\"none\">3.6 When processing and storing the personal data of the data subject, the data processor shall implement organisational and technical measures to ensure the protection of personal data against accidental or unlawful destruction, alteration, disclosure and any other unlawful processing.<\/span><span data-ccp-props=\"{&quot;134233117&quot;:false,&quot;134233118&quot;:false,&quot;335551550&quot;:1,&quot;335551620&quot;:1,&quot;335557856&quot;:16777215,&quot;335559738&quot;:0,&quot;335559739&quot;:240}\">\u00a0<\/span><\/p><p><span data-contrast=\"none\">3.7 The data controller shall store the data of the data subjects, depending on the purpose of the processing, but no longer than. <\/span><span data-contrast=\"none\">5<\/span><span data-contrast=\"none\"> years.<\/span><span data-ccp-props=\"{&quot;134233117&quot;:false,&quot;134233118&quot;:false,&quot;335551550&quot;:1,&quot;335551620&quot;:1,&quot;335557856&quot;:16777215,&quot;335559738&quot;:0,&quot;335559739&quot;:240}\">\u00a0<\/span><\/p><ol start=\"4\"><li><span data-contrast=\"none\"><b> Data subject rights<\/b><\/span><\/li><\/ol><p><span data-contrast=\"none\">4.1 The data subject has the right of access to and inspection of his or her personal data.<\/span><span data-ccp-props=\"{&quot;134233117&quot;:false,&quot;134233118&quot;:false,&quot;335551550&quot;:1,&quot;335551620&quot;:1,&quot;335557856&quot;:16777215,&quot;335559738&quot;:0,&quot;335559739&quot;:240}\">\u00a0<\/span><\/p><p><span data-contrast=\"none\">4.2 The data subject has the right to receive information about the processing of his or her personal data.<\/span><span data-ccp-props=\"{&quot;134233117&quot;:false,&quot;134233118&quot;:false,&quot;335551550&quot;:1,&quot;335551620&quot;:1,&quot;335557856&quot;:16777215,&quot;335559738&quot;:0,&quot;335559739&quot;:240}\">\u00a0<\/span><\/p><p><span data-contrast=\"none\">4.3 The data subject has the right to complete or correct inaccurate data.<\/span><span data-ccp-props=\"{&quot;134233117&quot;:false,&quot;134233118&quot;:false,&quot;335551550&quot;:1,&quot;335551620&quot;:1,&quot;335557856&quot;:16777215,&quot;335559738&quot;:0,&quot;335559739&quot;:240}\">\u00a0<\/span><\/p><p><span data-contrast=\"none\">4.4 Where a data processor processes the personal data of a data subject on the basis of the data subject's consent, the data subject has the right to withdraw his or her consent at any time.<\/span><span data-ccp-props=\"{&quot;134233117&quot;:false,&quot;134233118&quot;:false,&quot;335551550&quot;:1,&quot;335551620&quot;:1,&quot;335557856&quot;:16777215,&quot;335559738&quot;:0,&quot;335559739&quot;:240}\">\u00a0<\/span><\/p><p aria-level=\"2\"><span data-contrast=\"none\">4.5 The data subject can exercise his or her rights by contacting the e-shop's customer support at sander@sartsmetal.ee.<\/span><span data-ccp-props=\"{&quot;134245418&quot;:true,&quot;134245529&quot;:true,&quot;335559738&quot;:160,&quot;335559739&quot;:80}\">\u00a0<\/span><\/p><p><span data-contrast=\"none\">4.6 The data subject may lodge a complaint with the Data Protection Inspectorate in order to protect his or her rights.<\/span><span data-ccp-props=\"{&quot;134233117&quot;:false,&quot;134233118&quot;:false,&quot;335551550&quot;:1,&quot;335551620&quot;:1,&quot;335557856&quot;:16777215,&quot;335559738&quot;:0,&quot;335559739&quot;:240}\">\u00a0<\/span><\/p><ol start=\"5\"><li><span data-contrast=\"none\"><b> Final provisions<\/b><\/span><\/li><\/ol><p><span data-contrast=\"none\">5.1 These Data Protection Terms and Conditions have been drawn up in accordance with Regulation (EU) No 2016\/679 of the European Parliament and of the Council on the protection of natural persons with regard to the processing of personal data and on the free movement of such data and repealing Directive 95\/46\/EC \/ EC (General Data Protection Regulation), the Personal Data Protection Act of the Republic of Estonia and the legislation of the Republic of Estonia and the European Union.<\/span><span data-ccp-props=\"{&quot;134233117&quot;:false,&quot;134233118&quot;:false,&quot;335551550&quot;:1,&quot;335551620&quot;:1,&quot;335557856&quot;:16777215,&quot;335559738&quot;:0,&quot;335559739&quot;:240}\">\u00a0<\/span><\/p><p><span data-contrast=\"none\">5.2. The data processor has the right to modify the data protection conditions in part or in full, by informing the data subjects of the changes on the website. <\/span><span data-contrast=\"auto\">sartsmetal.ee<\/span> <span data-contrast=\"none\">via.<\/span><span data-ccp-props=\"{&quot;134233117&quot;:false,&quot;134233118&quot;:false,&quot;335551550&quot;:1,&quot;335551620&quot;:1,&quot;335557856&quot;:16777215,&quot;335559738&quot;:0,&quot;335559739&quot;:0}\">\u00a0<\/span><\/p><p><span data-ccp-props=\"{}\">\u00a0<\/span><\/p>\t\t\t\t\t\t\t\t<\/div>\n\t\t\t\t<\/div>\n\t\t\t\t\t<\/div>\n\t\t<\/div>\n\t\t\t\t\t<\/div>\n\t\t<\/section>\n\t\t\t\t<\/div>","protected":false},"excerpt":{"rendered":"<p>\u00dclds\u00e4tted 1.1. K\u00e4esolev privaatsuspoliitika reguleerib isikuandmete kogumist, t\u00f6\u00f6tlemist ja s\u00e4ilitamist k\u00e4sitlevaid p\u00f5him\u00f5tteid. Isikuandmeid kogub t\u00f6\u00f6tleb ja s\u00e4ilitab isikuandmete vastutav t\u00f6\u00f6tleja (Sarts metal O\u00dc) (edaspidi andmet\u00f6\u00f6tleja).\u00a0 1.2. Andmesubjekt privaatsuspoliitika t\u00e4henduses on klient v\u00f5i muu f\u00fc\u00fcsiline isik, kelle isikuandmeid andmet\u00f6\u00f6tleja t\u00f6\u00f6tleb.\u00a0 1.3. Klient privaatsuspoliitika t\u00e4henduses on iga\u00fcks, kes ostab andmet\u00f6\u00f6tleja kodulehelt kaupu v\u00f5i teenuseid.\u00a0 1.4. Andmet\u00f6\u00f6tleja j\u00e4rgib [&hellip;]<\/p>\n","protected":false},"author":4,"featured_media":0,"parent":0,"menu_order":0,"comment_status":"closed","ping_status":"closed","template":"","meta":{"_monsterinsights_skip_tracking":false,"_monsterinsights_sitenote_active":false,"_monsterinsights_sitenote_note":"","_monsterinsights_sitenote_category":0,"footnotes":""},"class_list":["post-4074","page","type-page","status-publish","hentry"],"_links":{"self":[{"href":"https:\/\/sartsmetal.ee\/en\/wp-json\/wp\/v2\/pages\/4074","targetHints":{"allow":["GET"]}}],"collection":[{"href":"https:\/\/sartsmetal.ee\/en\/wp-json\/wp\/v2\/pages"}],"about":[{"href":"https:\/\/sartsmetal.ee\/en\/wp-json\/wp\/v2\/types\/page"}],"author":[{"embeddable":true,"href":"https:\/\/sartsmetal.ee\/en\/wp-json\/wp\/v2\/users\/4"}],"replies":[{"embeddable":true,"href":"https:\/\/sartsmetal.ee\/en\/wp-json\/wp\/v2\/comments?post=4074"}],"version-history":[{"count":5,"href":"https:\/\/sartsmetal.ee\/en\/wp-json\/wp\/v2\/pages\/4074\/revisions"}],"predecessor-version":[{"id":4091,"href":"https:\/\/sartsmetal.ee\/en\/wp-json\/wp\/v2\/pages\/4074\/revisions\/4091"}],"wp:attachment":[{"href":"https:\/\/sartsmetal.ee\/en\/wp-json\/wp\/v2\/media?parent=4074"}],"curies":[{"name":"wp","href":"https:\/\/api.w.org\/{rel}","templated":true}]}}