{"id":4518,"date":"2025-11-03T13:24:58","date_gmt":"2025-11-03T11:24:58","guid":{"rendered":"https:\/\/sartsmetal.ee\/?page_id=4518"},"modified":"2025-11-04T12:30:15","modified_gmt":"2025-11-04T10:30:15","slug":"robot-lihvimine","status":"publish","type":"page","link":"https:\/\/sartsmetal.ee\/en\/robot-lihvimine\/","title":{"rendered":"Robot grinding"},"content":{"rendered":"<div data-elementor-type=\"wp-page\" data-elementor-id=\"4518\" class=\"elementor elementor-4518\" data-elementor-post-type=\"page\">\n\t\t\t\t\t\t<section class=\"elementor-section elementor-top-section elementor-element elementor-element-c160d1b elementor-section-boxed elementor-section-height-default elementor-section-height-default\" data-id=\"c160d1b\" data-element_type=\"section\" data-e-type=\"section\" data-settings=\"{&quot;background_background&quot;:&quot;classic&quot;}\">\n\t\t\t\t\t\t\t<div class=\"elementor-background-overlay\"><\/div>\n\t\t\t\t\t\t\t<div class=\"elementor-container elementor-column-gap-default\">\n\t\t\t\t\t<div class=\"elementor-column elementor-col-33 elementor-top-column elementor-element elementor-element-8f74294\" data-id=\"8f74294\" data-element_type=\"column\" data-e-type=\"column\">\n\t\t\t<div class=\"elementor-widget-wrap\">\n\t\t\t\t\t\t\t<\/div>\n\t\t<\/div>\n\t\t\t\t<div class=\"elementor-column elementor-col-33 elementor-top-column elementor-element elementor-element-e1183b5\" data-id=\"e1183b5\" data-element_type=\"column\" data-e-type=\"column\">\n\t\t\t<div class=\"elementor-widget-wrap elementor-element-populated\">\n\t\t\t\t\t\t<div class=\"elementor-element elementor-element-1b8f34e elementor-widget elementor-widget-heading\" data-id=\"1b8f34e\" data-element_type=\"widget\" data-e-type=\"widget\" data-widget_type=\"heading.default\">\n\t\t\t\t<div class=\"elementor-widget-container\">\n\t\t\t\t\t<h1 class=\"elementor-heading-title elementor-size-default\">Robot grinding<\/h1>\t\t\t\t<\/div>\n\t\t\t\t<\/div>\n\t\t\t\t\t<\/div>\n\t\t<\/div>\n\t\t\t\t<div class=\"elementor-column elementor-col-33 elementor-top-column elementor-element elementor-element-62d39f3\" data-id=\"62d39f3\" data-element_type=\"column\" data-e-type=\"column\">\n\t\t\t<div class=\"elementor-widget-wrap\">\n\t\t\t\t\t\t\t<\/div>\n\t\t<\/div>\n\t\t\t\t\t<\/div>\n\t\t<\/section>\n\t\t\t\t<section class=\"elementor-section elementor-top-section elementor-element elementor-element-0496ec3 elementor-section-boxed elementor-section-height-default elementor-section-height-default\" data-id=\"0496ec3\" data-element_type=\"section\" data-e-type=\"section\">\n\t\t\t\t\t\t<div class=\"elementor-container elementor-column-gap-default\">\n\t\t\t\t\t<div class=\"elementor-column elementor-col-50 elementor-top-column elementor-element elementor-element-a2f9df3\" data-id=\"a2f9df3\" data-element_type=\"column\" data-e-type=\"column\">\n\t\t\t<div class=\"elementor-widget-wrap elementor-element-populated\">\n\t\t\t\t\t\t<div class=\"elementor-element elementor-element-9111187 elementor-widget elementor-widget-image\" data-id=\"9111187\" data-element_type=\"widget\" data-e-type=\"widget\" data-widget_type=\"image.default\">\n\t\t\t\t<div class=\"elementor-widget-container\">\n\t\t\t\t\t\t\t\t\t\t\t\t\t\t\t<img fetchpriority=\"high\" decoding=\"async\" width=\"800\" height=\"589\" src=\"https:\/\/sartsmetal.ee\/wp-content\/uploads\/2025\/06\/1.png\" class=\"attachment-large size-large wp-image-4469\" alt=\"\" srcset=\"https:\/\/sartsmetal.ee\/wp-content\/uploads\/2025\/06\/1.png 888w, https:\/\/sartsmetal.ee\/wp-content\/uploads\/2025\/06\/1-300x221.png 300w, https:\/\/sartsmetal.ee\/wp-content\/uploads\/2025\/06\/1-768x566.png 768w, https:\/\/sartsmetal.ee\/wp-content\/uploads\/2025\/06\/1-16x12.png 16w, https:\/\/sartsmetal.ee\/wp-content\/uploads\/2025\/06\/1-600x442.png 600w\" sizes=\"(max-width: 800px) 100vw, 800px\" \/>\t\t\t\t\t\t\t\t\t\t\t\t\t\t\t<\/div>\n\t\t\t\t<\/div>\n\t\t\t\t\t<\/div>\n\t\t<\/div>\n\t\t\t\t<div class=\"elementor-column elementor-col-50 elementor-top-column elementor-element elementor-element-3cd88eb\" data-id=\"3cd88eb\" data-element_type=\"column\" data-e-type=\"column\">\n\t\t\t<div class=\"elementor-widget-wrap elementor-element-populated\">\n\t\t\t\t\t\t<div class=\"elementor-element elementor-element-e83d17d elementor-widget elementor-widget-heading\" data-id=\"e83d17d\" data-element_type=\"widget\" data-e-type=\"widget\" data-widget_type=\"heading.default\">\n\t\t\t\t<div class=\"elementor-widget-container\">\n\t\t\t\t\t<h2 class=\"elementor-heading-title elementor-size-default\">Automated grinding cell<\/h2>\t\t\t\t<\/div>\n\t\t\t\t<\/div>\n\t\t\t\t<div class=\"elementor-element elementor-element-3a3e1e6 elementor-widget elementor-widget-text-editor\" data-id=\"3a3e1e6\" data-element_type=\"widget\" data-e-type=\"widget\" data-widget_type=\"text-editor.default\">\n\t\t\t\t<div class=\"elementor-widget-container\">\n\t\t\t\t\t\t\t\t\t<p>We offer design and installation of automatic grinding cells. First, the baseline is analysed and key KPIs are set, followed by a preliminary cost-benefit analysis. For a promising project, the expected payback period is 1-3 years. Our expertise includes:<\/p><p>-Mapping the existing process and defining KPIs. Mapping the material flow. Analysis of cycle times.<\/p><p>-Development of technical solutions, including feed mechanisms, gripping of parts, selection of grinding machine, selection of robot.<\/p><p>-Production cell simulation with real cycle times.<br \/><br \/>-Design and manufacture of machinery and equipment.<\/p><p>-Risk assessment and CE conformity.<\/p><p>-Installation and integration to the production line.<\/p><p>-Maintenance and programming.<\/p><p><a href=\"https:\/\/sartsmetal.ee\/en\/contact-2\/\">Contact us<\/a>, to start automating your factory!<\/p>\t\t\t\t\t\t\t\t<\/div>\n\t\t\t\t<\/div>\n\t\t\t\t\t<\/div>\n\t\t<\/div>\n\t\t\t\t\t<\/div>\n\t\t<\/section>\n\t\t\t\t<section class=\"elementor-section elementor-top-section elementor-element elementor-element-226955f elementor-section-boxed elementor-section-height-default elementor-section-height-default\" data-id=\"226955f\" data-element_type=\"section\" data-e-type=\"section\">\n\t\t\t\t\t\t<div class=\"elementor-container elementor-column-gap-default\">\n\t\t\t\t\t<div class=\"elementor-column elementor-col-50 elementor-top-column elementor-element elementor-element-28296c5\" data-id=\"28296c5\" data-element_type=\"column\" data-e-type=\"column\">\n\t\t\t<div class=\"elementor-widget-wrap elementor-element-populated\">\n\t\t\t\t\t\t<div class=\"elementor-element elementor-element-322d647 elementor-widget elementor-widget-image\" data-id=\"322d647\" data-element_type=\"widget\" data-e-type=\"widget\" data-widget_type=\"image.default\">\n\t\t\t\t<div class=\"elementor-widget-container\">\n\t\t\t\t\t\t\t\t\t\t\t\t\t\t\t<img decoding=\"async\" width=\"786\" height=\"812\" src=\"https:\/\/sartsmetal.ee\/wp-content\/uploads\/2025\/04\/jubin1PNG.png\" class=\"attachment-large size-large wp-image-4420\" alt=\"\" srcset=\"https:\/\/sartsmetal.ee\/wp-content\/uploads\/2025\/04\/jubin1PNG.png 786w, https:\/\/sartsmetal.ee\/wp-content\/uploads\/2025\/04\/jubin1PNG-290x300.png 290w, https:\/\/sartsmetal.ee\/wp-content\/uploads\/2025\/04\/jubin1PNG-768x793.png 768w, https:\/\/sartsmetal.ee\/wp-content\/uploads\/2025\/04\/jubin1PNG-12x12.png 12w, https:\/\/sartsmetal.ee\/wp-content\/uploads\/2025\/04\/jubin1PNG-600x620.png 600w\" sizes=\"(max-width: 786px) 100vw, 786px\" \/>\t\t\t\t\t\t\t\t\t\t\t\t\t\t\t<\/div>\n\t\t\t\t<\/div>\n\t\t\t\t\t<\/div>\n\t\t<\/div>\n\t\t\t\t<div class=\"elementor-column elementor-col-50 elementor-top-column elementor-element elementor-element-9287e31\" data-id=\"9287e31\" data-element_type=\"column\" data-e-type=\"column\">\n\t\t\t<div class=\"elementor-widget-wrap elementor-element-populated\">\n\t\t\t\t\t\t<div class=\"elementor-element elementor-element-7feed1b elementor-widget elementor-widget-heading\" data-id=\"7feed1b\" data-element_type=\"widget\" data-e-type=\"widget\" data-widget_type=\"heading.default\">\n\t\t\t\t<div class=\"elementor-widget-container\">\n\t\t\t\t\t<h2 class=\"elementor-heading-title elementor-size-default\">Pneumatic grinder for robot 10x330\n<\/h2>\t\t\t\t<\/div>\n\t\t\t\t<\/div>\n\t\t\t\t<div class=\"elementor-element elementor-element-25f57f9 elementor-widget elementor-widget-text-editor\" data-id=\"25f57f9\" data-element_type=\"widget\" data-e-type=\"widget\" data-widget_type=\"text-editor.default\">\n\t\t\t\t<div class=\"elementor-widget-container\">\n\t\t\t\t\t\t\t\t\t<p>Pneumatic grinding machine for industrial and collaborative robots.<br \/>Suitable for grinding, deburring and edge rounding of various parts.<br \/>-Adjustable working head.<br \/>-Pressure 0,6 Mpa<br \/>-Pneumatic connection NPT 1\/4, flange ISO 9409-63mm\u00a0<br \/>-Max. speed 20 000 rpm<br \/>-Required air flow rate 200 l\/min<br \/>-Made in Estonia<\/p><p>We supply high quality abrasive belts for different materials (metal, wood, glass, etc.).<\/p><p>Possibility to produce a flange that fits your robot. If required, we can assist with the integration to the robot system.<br \/>We also offer design and manufacture of special tooling according to the customer's requirements.<\/p>\t\t\t\t\t\t\t\t<\/div>\n\t\t\t\t<\/div>\n\t\t\t\t\t<\/div>\n\t\t<\/div>\n\t\t\t\t\t<\/div>\n\t\t<\/section>\n\t\t\t\t<section class=\"elementor-section elementor-top-section elementor-element elementor-element-0763a1d elementor-section-boxed elementor-section-height-default elementor-section-height-default\" data-id=\"0763a1d\" data-element_type=\"section\" data-e-type=\"section\">\n\t\t\t\t\t\t<div class=\"elementor-container elementor-column-gap-default\">\n\t\t\t\t\t<div class=\"elementor-column elementor-col-50 elementor-top-column elementor-element elementor-element-88f9c68\" data-id=\"88f9c68\" data-element_type=\"column\" data-e-type=\"column\">\n\t\t\t<div class=\"elementor-widget-wrap elementor-element-populated\">\n\t\t\t\t\t\t<div class=\"elementor-element elementor-element-2ae4dd4 elementor-widget elementor-widget-image\" data-id=\"2ae4dd4\" data-element_type=\"widget\" data-e-type=\"widget\" data-widget_type=\"image.default\">\n\t\t\t\t<div class=\"elementor-widget-container\">\n\t\t\t\t\t\t\t\t\t\t\t\t\t\t\t<img decoding=\"async\" width=\"800\" height=\"755\" src=\"https:\/\/sartsmetal.ee\/wp-content\/uploads\/2025\/04\/Positsioneer2PNG-1024x967.png\" class=\"attachment-large size-large wp-image-4419\" alt=\"\" srcset=\"https:\/\/sartsmetal.ee\/wp-content\/uploads\/2025\/04\/Positsioneer2PNG-1024x967.png 1024w, https:\/\/sartsmetal.ee\/wp-content\/uploads\/2025\/04\/Positsioneer2PNG-300x283.png 300w, https:\/\/sartsmetal.ee\/wp-content\/uploads\/2025\/04\/Positsioneer2PNG-768x725.png 768w, https:\/\/sartsmetal.ee\/wp-content\/uploads\/2025\/04\/Positsioneer2PNG-1536x1451.png 1536w, https:\/\/sartsmetal.ee\/wp-content\/uploads\/2025\/04\/Positsioneer2PNG-2048x1934.png 2048w, https:\/\/sartsmetal.ee\/wp-content\/uploads\/2025\/04\/Positsioneer2PNG-13x12.png 13w, https:\/\/sartsmetal.ee\/wp-content\/uploads\/2025\/04\/Positsioneer2PNG-600x567.png 600w\" sizes=\"(max-width: 800px) 100vw, 800px\" \/>\t\t\t\t\t\t\t\t\t\t\t\t\t\t\t<\/div>\n\t\t\t\t<\/div>\n\t\t\t\t\t<\/div>\n\t\t<\/div>\n\t\t\t\t<div class=\"elementor-column elementor-col-50 elementor-top-column elementor-element elementor-element-3402072\" data-id=\"3402072\" data-element_type=\"column\" data-e-type=\"column\">\n\t\t\t<div class=\"elementor-widget-wrap elementor-element-populated\">\n\t\t\t\t\t\t<div class=\"elementor-element elementor-element-feec23c elementor-widget elementor-widget-heading\" data-id=\"feec23c\" data-element_type=\"widget\" data-e-type=\"widget\" data-widget_type=\"heading.default\">\n\t\t\t\t<div class=\"elementor-widget-container\">\n\t\t\t\t\t<h2 class=\"elementor-heading-title elementor-size-default\">Servo turntable for robot<\/h2>\t\t\t\t<\/div>\n\t\t\t\t<\/div>\n\t\t\t\t<div class=\"elementor-element elementor-element-2aa9d7c elementor-widget elementor-widget-text-editor\" data-id=\"2aa9d7c\" data-element_type=\"widget\" data-e-type=\"widget\" data-widget_type=\"text-editor.default\">\n\t\t\t\t<div class=\"elementor-widget-container\">\n\t\t\t\t\t\t\t\t\t<p>The servo turntable is suitable for the robot to feed the parts. It can also be used as an additional axis for machining complex parts. Different types of jigs can be placed on the table.\u00a0<\/p><p>-High quality Mitsubishi servo motor, programmable according to the task.<\/p><p>-Positioning accuracy +- 0,01mm.<\/p><p>-Board diameter 300mm, maximum load 30kg.<\/p><p>-Interfacing with the robot via I\/O signals or Databus.<\/p><p>-Reliability ensured, the machine will stop in the event of overload or other failure.<\/p><p>-Rigid machined steel construction<\/p><p>Can be produced in different sizes and according to the customer's requirements. We can help to interface the turntable to your robot system.<\/p>\t\t\t\t\t\t\t\t<\/div>\n\t\t\t\t<\/div>\n\t\t\t\t\t<\/div>\n\t\t<\/div>\n\t\t\t\t\t<\/div>\n\t\t<\/section>\n\t\t\t\t<section class=\"elementor-section elementor-top-section elementor-element elementor-element-fa77015 elementor-section-boxed elementor-section-height-default elementor-section-height-default\" data-id=\"fa77015\" data-element_type=\"section\" data-e-type=\"section\">\n\t\t\t\t\t\t<div class=\"elementor-container elementor-column-gap-default\">\n\t\t\t\t\t<div class=\"elementor-column elementor-col-50 elementor-top-column elementor-element elementor-element-6bfa88d\" data-id=\"6bfa88d\" data-element_type=\"column\" data-e-type=\"column\">\n\t\t\t<div class=\"elementor-widget-wrap elementor-element-populated\">\n\t\t\t\t\t\t<div class=\"elementor-element elementor-element-2c408d7 elementor-widget elementor-widget-image\" data-id=\"2c408d7\" data-element_type=\"widget\" data-e-type=\"widget\" data-widget_type=\"image.default\">\n\t\t\t\t<div class=\"elementor-widget-container\">\n\t\t\t\t\t\t\t\t\t\t\t\t\t\t\t<img loading=\"lazy\" decoding=\"async\" width=\"800\" height=\"600\" src=\"https:\/\/sartsmetal.ee\/wp-content\/uploads\/2025\/06\/kapp-1024x768.jpg\" class=\"attachment-large size-large wp-image-4467\" alt=\"\" srcset=\"https:\/\/sartsmetal.ee\/wp-content\/uploads\/2025\/06\/kapp-1024x768.jpg 1024w, https:\/\/sartsmetal.ee\/wp-content\/uploads\/2025\/06\/kapp-300x225.jpg 300w, https:\/\/sartsmetal.ee\/wp-content\/uploads\/2025\/06\/kapp-768x576.jpg 768w, https:\/\/sartsmetal.ee\/wp-content\/uploads\/2025\/06\/kapp-1536x1152.jpg 1536w, https:\/\/sartsmetal.ee\/wp-content\/uploads\/2025\/06\/kapp-2048x1536.jpg 2048w, https:\/\/sartsmetal.ee\/wp-content\/uploads\/2025\/06\/kapp-16x12.jpg 16w, https:\/\/sartsmetal.ee\/wp-content\/uploads\/2025\/06\/kapp-600x450.jpg 600w\" sizes=\"(max-width: 800px) 100vw, 800px\" \/>\t\t\t\t\t\t\t\t\t\t\t\t\t\t\t<\/div>\n\t\t\t\t<\/div>\n\t\t\t\t\t<\/div>\n\t\t<\/div>\n\t\t\t\t<div class=\"elementor-column elementor-col-50 elementor-top-column elementor-element elementor-element-5765562\" data-id=\"5765562\" data-element_type=\"column\" data-e-type=\"column\">\n\t\t\t<div class=\"elementor-widget-wrap elementor-element-populated\">\n\t\t\t\t\t\t<div class=\"elementor-element elementor-element-ee97c72 elementor-widget elementor-widget-heading\" data-id=\"ee97c72\" data-element_type=\"widget\" data-e-type=\"widget\" data-widget_type=\"heading.default\">\n\t\t\t\t<div class=\"elementor-widget-container\">\n\t\t\t\t\t<h2 class=\"elementor-heading-title elementor-size-default\">Universal grinding gripper for robot<\/h2>\t\t\t\t<\/div>\n\t\t\t\t<\/div>\n\t\t\t\t<div class=\"elementor-element elementor-element-fd6ed68 elementor-widget elementor-widget-text-editor\" data-id=\"fd6ed68\" data-element_type=\"widget\" data-e-type=\"widget\" data-widget_type=\"text-editor.default\">\n\t\t\t\t<div class=\"elementor-widget-container\">\n\t\t\t\t\t\t\t\t\t<p>Universal grinding gripper for smaller parts. The gripper jaws are machined according to the shape of the workpiece. The Z-axis pneumatic compensator ensures uniform grinding force and repeatable results.<\/p><p>-Axis ISO 9409-63mm<\/p><p>-Schunk pneumatic gripper<\/p><p>-Schunk Z-axis compensator, pressure adjustable<\/p><p>-Special gripper jaws according to the part<\/p>\t\t\t\t\t\t\t\t<\/div>\n\t\t\t\t<\/div>\n\t\t\t\t\t<\/div>\n\t\t<\/div>\n\t\t\t\t\t<\/div>\n\t\t<\/section>\n\t\t\t\t<\/div>","protected":false},"excerpt":{"rendered":"<p>Robot lihvimine Automatiseeritud lihvimisrakk Pakume automaatse lihvimisraku projekteerimist ja paigaldust. Esmalt anal\u00fc\u00fcsitakse l\u00e4hte\u00fclesannet ja p\u00fcstitatakse peamised KPI\u00b4id, seej\u00e4rel teostatakse esialgne tasuvusarvutus. Lootusrikka projekti puhul eeldatav tasuvusaeg 1-3 aastat. Meie p\u00e4devusse kuulub: -Olemasoleva protsessi kaardistamine ja KPI\u00b4de m\u00e4\u00e4ramine. Materjalivoo kaardistamine. Ts\u00fckliaegade anal\u00fc\u00fcs. -Tehniliste lahenduste v\u00e4lja t\u00f6\u00f6tamine sealhulgas detailide s\u00f6\u00f6tur-v\u00e4ljaviimis mehhanismid, detailide haaramine, lihvmasina valik, roboti valik. [&hellip;]<\/p>\n","protected":false},"author":9,"featured_media":0,"parent":0,"menu_order":0,"comment_status":"closed","ping_status":"closed","template":"","meta":{"_monsterinsights_skip_tracking":false,"_monsterinsights_sitenote_active":false,"_monsterinsights_sitenote_note":"","_monsterinsights_sitenote_category":0,"footnotes":""},"class_list":["post-4518","page","type-page","status-publish","hentry"],"_links":{"self":[{"href":"https:\/\/sartsmetal.ee\/en\/wp-json\/wp\/v2\/pages\/4518","targetHints":{"allow":["GET"]}}],"collection":[{"href":"https:\/\/sartsmetal.ee\/en\/wp-json\/wp\/v2\/pages"}],"about":[{"href":"https:\/\/sartsmetal.ee\/en\/wp-json\/wp\/v2\/types\/page"}],"author":[{"embeddable":true,"href":"https:\/\/sartsmetal.ee\/en\/wp-json\/wp\/v2\/users\/9"}],"replies":[{"embeddable":true,"href":"https:\/\/sartsmetal.ee\/en\/wp-json\/wp\/v2\/comments?post=4518"}],"version-history":[{"count":5,"href":"https:\/\/sartsmetal.ee\/en\/wp-json\/wp\/v2\/pages\/4518\/revisions"}],"predecessor-version":[{"id":4680,"href":"https:\/\/sartsmetal.ee\/en\/wp-json\/wp\/v2\/pages\/4518\/revisions\/4680"}],"wp:attachment":[{"href":"https:\/\/sartsmetal.ee\/en\/wp-json\/wp\/v2\/media?parent=4518"}],"curies":[{"name":"wp","href":"https:\/\/api.w.org\/{rel}","templated":true}]}}