{"id":4518,"date":"2025-11-03T13:24:58","date_gmt":"2025-11-03T11:24:58","guid":{"rendered":"https:\/\/sartsmetal.ee\/?page_id=4518"},"modified":"2025-11-04T12:30:15","modified_gmt":"2025-11-04T10:30:15","slug":"robot-lihvimine","status":"publish","type":"page","link":"https:\/\/sartsmetal.ee\/fi\/robot-lihvimine\/","title":{"rendered":"Robottihionta"},"content":{"rendered":"<div data-elementor-type=\"wp-page\" data-elementor-id=\"4518\" class=\"elementor elementor-4518\" data-elementor-post-type=\"page\">\n\t\t\t\t\t\t<section class=\"elementor-section elementor-top-section elementor-element elementor-element-c160d1b elementor-section-boxed elementor-section-height-default elementor-section-height-default\" data-id=\"c160d1b\" data-element_type=\"section\" data-e-type=\"section\" data-settings=\"{&quot;background_background&quot;:&quot;classic&quot;}\">\n\t\t\t\t\t\t\t<div class=\"elementor-background-overlay\"><\/div>\n\t\t\t\t\t\t\t<div class=\"elementor-container elementor-column-gap-default\">\n\t\t\t\t\t<div class=\"elementor-column elementor-col-33 elementor-top-column elementor-element elementor-element-8f74294\" data-id=\"8f74294\" data-element_type=\"column\" data-e-type=\"column\">\n\t\t\t<div class=\"elementor-widget-wrap\">\n\t\t\t\t\t\t\t<\/div>\n\t\t<\/div>\n\t\t\t\t<div class=\"elementor-column elementor-col-33 elementor-top-column elementor-element elementor-element-e1183b5\" data-id=\"e1183b5\" data-element_type=\"column\" data-e-type=\"column\">\n\t\t\t<div class=\"elementor-widget-wrap elementor-element-populated\">\n\t\t\t\t\t\t<div class=\"elementor-element elementor-element-1b8f34e elementor-widget elementor-widget-heading\" data-id=\"1b8f34e\" data-element_type=\"widget\" data-e-type=\"widget\" data-widget_type=\"heading.default\">\n\t\t\t\t<div class=\"elementor-widget-container\">\n\t\t\t\t\t<h1 class=\"elementor-heading-title elementor-size-default\">Robottihionta<\/h1>\t\t\t\t<\/div>\n\t\t\t\t<\/div>\n\t\t\t\t\t<\/div>\n\t\t<\/div>\n\t\t\t\t<div class=\"elementor-column elementor-col-33 elementor-top-column elementor-element elementor-element-62d39f3\" data-id=\"62d39f3\" data-element_type=\"column\" data-e-type=\"column\">\n\t\t\t<div class=\"elementor-widget-wrap\">\n\t\t\t\t\t\t\t<\/div>\n\t\t<\/div>\n\t\t\t\t\t<\/div>\n\t\t<\/section>\n\t\t\t\t<section class=\"elementor-section elementor-top-section elementor-element elementor-element-0496ec3 elementor-section-boxed elementor-section-height-default elementor-section-height-default\" data-id=\"0496ec3\" data-element_type=\"section\" data-e-type=\"section\">\n\t\t\t\t\t\t<div class=\"elementor-container elementor-column-gap-default\">\n\t\t\t\t\t<div class=\"elementor-column elementor-col-50 elementor-top-column elementor-element elementor-element-a2f9df3\" data-id=\"a2f9df3\" data-element_type=\"column\" data-e-type=\"column\">\n\t\t\t<div class=\"elementor-widget-wrap elementor-element-populated\">\n\t\t\t\t\t\t<div class=\"elementor-element elementor-element-9111187 elementor-widget elementor-widget-image\" data-id=\"9111187\" data-element_type=\"widget\" data-e-type=\"widget\" data-widget_type=\"image.default\">\n\t\t\t\t<div class=\"elementor-widget-container\">\n\t\t\t\t\t\t\t\t\t\t\t\t\t\t\t<img fetchpriority=\"high\" decoding=\"async\" width=\"800\" height=\"589\" src=\"https:\/\/sartsmetal.ee\/wp-content\/uploads\/2025\/06\/1.png\" class=\"attachment-large size-large wp-image-4469\" alt=\"\" srcset=\"https:\/\/sartsmetal.ee\/wp-content\/uploads\/2025\/06\/1.png 888w, https:\/\/sartsmetal.ee\/wp-content\/uploads\/2025\/06\/1-300x221.png 300w, https:\/\/sartsmetal.ee\/wp-content\/uploads\/2025\/06\/1-768x566.png 768w, https:\/\/sartsmetal.ee\/wp-content\/uploads\/2025\/06\/1-16x12.png 16w, https:\/\/sartsmetal.ee\/wp-content\/uploads\/2025\/06\/1-600x442.png 600w\" sizes=\"(max-width: 800px) 100vw, 800px\" \/>\t\t\t\t\t\t\t\t\t\t\t\t\t\t\t<\/div>\n\t\t\t\t<\/div>\n\t\t\t\t\t<\/div>\n\t\t<\/div>\n\t\t\t\t<div class=\"elementor-column elementor-col-50 elementor-top-column elementor-element elementor-element-3cd88eb\" data-id=\"3cd88eb\" data-element_type=\"column\" data-e-type=\"column\">\n\t\t\t<div class=\"elementor-widget-wrap elementor-element-populated\">\n\t\t\t\t\t\t<div class=\"elementor-element elementor-element-e83d17d elementor-widget elementor-widget-heading\" data-id=\"e83d17d\" data-element_type=\"widget\" data-e-type=\"widget\" data-widget_type=\"heading.default\">\n\t\t\t\t<div class=\"elementor-widget-container\">\n\t\t\t\t\t<h2 class=\"elementor-heading-title elementor-size-default\">Automatisoitu hiontasolu<\/h2>\t\t\t\t<\/div>\n\t\t\t\t<\/div>\n\t\t\t\t<div class=\"elementor-element elementor-element-3a3e1e6 elementor-widget elementor-widget-text-editor\" data-id=\"3a3e1e6\" data-element_type=\"widget\" data-e-type=\"widget\" data-widget_type=\"text-editor.default\">\n\t\t\t\t<div class=\"elementor-widget-container\">\n\t\t\t\t\t\t\t\t\t<p>Tarjoamme automaattisten hiontasolujen suunnittelua ja asennusta. Ensin analysoidaan l\u00e4ht\u00f6tilanne ja m\u00e4\u00e4ritell\u00e4\u00e4n keskeiset KPI-mittarit, mink\u00e4 j\u00e4lkeen tehd\u00e4\u00e4n alustava kustannus-hy\u00f6tyanalyysi. Lupaavissa projekteissa arvioitu takaisinmaksuaika on 1\u20133 vuotta. Osaamisemme kattaa:<\/p><p>Nykyisen prosessin kartoitus ja KPI-m\u00e4\u00e4rittely. Materiaalivirran kartoitus. Sykliaikojen analysointi.<\/p><p>Teknisten ratkaisujen kehitt\u00e4minen, mukaan lukien sy\u00f6tt\u00f6mekanismit, kappaleiden tartunta, hiomakoneen valinta ja robotin valinta.<\/p><p>Tuotantosolun simulointi todellisilla sykliajoilla.<br \/><br \/>Koneiden ja laitteiden suunnittelu ja valmistus.<\/p><p>Riskinarviointi ja CE-vaatimustenmukaisuus.<\/p><p>Asennus ja integrointi tuotantolinjaan.<\/p><p>Huolto ja ohjelmointi.<\/p><p><a href=\"https:\/\/sartsmetal.ee\/fi\/kontakt\/\">Ota yhteytt\u00e4 ja aloita tehtaasi automatisointi!<\/a>, et alustada oma tehase robotiseerimisega!<\/p>\t\t\t\t\t\t\t\t<\/div>\n\t\t\t\t<\/div>\n\t\t\t\t\t<\/div>\n\t\t<\/div>\n\t\t\t\t\t<\/div>\n\t\t<\/section>\n\t\t\t\t<section class=\"elementor-section elementor-top-section elementor-element elementor-element-226955f elementor-section-boxed elementor-section-height-default elementor-section-height-default\" data-id=\"226955f\" data-element_type=\"section\" data-e-type=\"section\">\n\t\t\t\t\t\t<div class=\"elementor-container elementor-column-gap-default\">\n\t\t\t\t\t<div class=\"elementor-column elementor-col-50 elementor-top-column elementor-element elementor-element-28296c5\" data-id=\"28296c5\" data-element_type=\"column\" data-e-type=\"column\">\n\t\t\t<div class=\"elementor-widget-wrap elementor-element-populated\">\n\t\t\t\t\t\t<div class=\"elementor-element elementor-element-322d647 elementor-widget elementor-widget-image\" data-id=\"322d647\" data-element_type=\"widget\" data-e-type=\"widget\" data-widget_type=\"image.default\">\n\t\t\t\t<div class=\"elementor-widget-container\">\n\t\t\t\t\t\t\t\t\t\t\t\t\t\t\t<img decoding=\"async\" width=\"786\" height=\"812\" src=\"https:\/\/sartsmetal.ee\/wp-content\/uploads\/2025\/04\/jubin1PNG.png\" class=\"attachment-large size-large wp-image-4420\" alt=\"\" srcset=\"https:\/\/sartsmetal.ee\/wp-content\/uploads\/2025\/04\/jubin1PNG.png 786w, https:\/\/sartsmetal.ee\/wp-content\/uploads\/2025\/04\/jubin1PNG-290x300.png 290w, https:\/\/sartsmetal.ee\/wp-content\/uploads\/2025\/04\/jubin1PNG-768x793.png 768w, https:\/\/sartsmetal.ee\/wp-content\/uploads\/2025\/04\/jubin1PNG-12x12.png 12w, https:\/\/sartsmetal.ee\/wp-content\/uploads\/2025\/04\/jubin1PNG-600x620.png 600w\" sizes=\"(max-width: 786px) 100vw, 786px\" \/>\t\t\t\t\t\t\t\t\t\t\t\t\t\t\t<\/div>\n\t\t\t\t<\/div>\n\t\t\t\t\t<\/div>\n\t\t<\/div>\n\t\t\t\t<div class=\"elementor-column elementor-col-50 elementor-top-column elementor-element elementor-element-9287e31\" data-id=\"9287e31\" data-element_type=\"column\" data-e-type=\"column\">\n\t\t\t<div class=\"elementor-widget-wrap elementor-element-populated\">\n\t\t\t\t\t\t<div class=\"elementor-element elementor-element-7feed1b elementor-widget elementor-widget-heading\" data-id=\"7feed1b\" data-element_type=\"widget\" data-e-type=\"widget\" data-widget_type=\"heading.default\">\n\t\t\t\t<div class=\"elementor-widget-container\">\n\t\t\t\t\t<h2 class=\"elementor-heading-title elementor-size-default\">Pneumaattinen hiomakone robotille 10x330\n<\/h2>\t\t\t\t<\/div>\n\t\t\t\t<\/div>\n\t\t\t\t<div class=\"elementor-element elementor-element-25f57f9 elementor-widget elementor-widget-text-editor\" data-id=\"25f57f9\" data-element_type=\"widget\" data-e-type=\"widget\" data-widget_type=\"text-editor.default\">\n\t\t\t\t<div class=\"elementor-widget-container\">\n\t\t\t\t\t\t\t\t\t<p>Pneumaattinen hiomakone teollisuus- ja yhteisty\u00f6roboteille.<br \/>Soveltuu erilaisten kappaleiden hiontaan, purseiden poistoon ja reunojen py\u00f6rist\u00e4miseen.<br \/>S\u00e4\u00e4dett\u00e4v\u00e4 ty\u00f6p\u00e4\u00e4<br \/>Paine 0,6 MPa<br \/>Pneumaattinen liit\u00e4nt\u00e4 NPT 1\/4, laippa ISO 9409-63 mm\u00a0<br \/>Maks. nopeus 20 000 rpm<br \/>Tarvittava ilmavirtaus 200 l\/min<br \/>Valmistettu Virossa<\/p><p>Toimitamme korkealaatuisia hiomanauhoja eri materiaaleille (metalli, puu, lasi jne.).<\/p><p>Mahdollisuus valmistaa laippa, joka sopii robotillesi. Tarvittaessa voimme auttaa integroinnissa robottij\u00e4rjestelm\u00e4\u00e4n.<br \/>Tarjoamme my\u00f6s erikoisty\u00f6kalujen suunnittelua ja valmistusta asiakkaan vaatimusten mukaan.<\/p>\t\t\t\t\t\t\t\t<\/div>\n\t\t\t\t<\/div>\n\t\t\t\t\t<\/div>\n\t\t<\/div>\n\t\t\t\t\t<\/div>\n\t\t<\/section>\n\t\t\t\t<section class=\"elementor-section elementor-top-section elementor-element elementor-element-0763a1d elementor-section-boxed elementor-section-height-default elementor-section-height-default\" data-id=\"0763a1d\" data-element_type=\"section\" data-e-type=\"section\">\n\t\t\t\t\t\t<div class=\"elementor-container elementor-column-gap-default\">\n\t\t\t\t\t<div class=\"elementor-column elementor-col-50 elementor-top-column elementor-element elementor-element-88f9c68\" data-id=\"88f9c68\" data-element_type=\"column\" data-e-type=\"column\">\n\t\t\t<div class=\"elementor-widget-wrap elementor-element-populated\">\n\t\t\t\t\t\t<div class=\"elementor-element elementor-element-2ae4dd4 elementor-widget elementor-widget-image\" data-id=\"2ae4dd4\" data-element_type=\"widget\" data-e-type=\"widget\" data-widget_type=\"image.default\">\n\t\t\t\t<div class=\"elementor-widget-container\">\n\t\t\t\t\t\t\t\t\t\t\t\t\t\t\t<img decoding=\"async\" width=\"800\" height=\"755\" src=\"https:\/\/sartsmetal.ee\/wp-content\/uploads\/2025\/04\/Positsioneer2PNG-1024x967.png\" class=\"attachment-large size-large wp-image-4419\" alt=\"\" srcset=\"https:\/\/sartsmetal.ee\/wp-content\/uploads\/2025\/04\/Positsioneer2PNG-1024x967.png 1024w, https:\/\/sartsmetal.ee\/wp-content\/uploads\/2025\/04\/Positsioneer2PNG-300x283.png 300w, https:\/\/sartsmetal.ee\/wp-content\/uploads\/2025\/04\/Positsioneer2PNG-768x725.png 768w, https:\/\/sartsmetal.ee\/wp-content\/uploads\/2025\/04\/Positsioneer2PNG-1536x1451.png 1536w, https:\/\/sartsmetal.ee\/wp-content\/uploads\/2025\/04\/Positsioneer2PNG-2048x1934.png 2048w, https:\/\/sartsmetal.ee\/wp-content\/uploads\/2025\/04\/Positsioneer2PNG-13x12.png 13w, https:\/\/sartsmetal.ee\/wp-content\/uploads\/2025\/04\/Positsioneer2PNG-600x567.png 600w\" sizes=\"(max-width: 800px) 100vw, 800px\" \/>\t\t\t\t\t\t\t\t\t\t\t\t\t\t\t<\/div>\n\t\t\t\t<\/div>\n\t\t\t\t\t<\/div>\n\t\t<\/div>\n\t\t\t\t<div class=\"elementor-column elementor-col-50 elementor-top-column elementor-element elementor-element-3402072\" data-id=\"3402072\" data-element_type=\"column\" data-e-type=\"column\">\n\t\t\t<div class=\"elementor-widget-wrap elementor-element-populated\">\n\t\t\t\t\t\t<div class=\"elementor-element elementor-element-feec23c elementor-widget elementor-widget-heading\" data-id=\"feec23c\" data-element_type=\"widget\" data-e-type=\"widget\" data-widget_type=\"heading.default\">\n\t\t\t\t<div class=\"elementor-widget-container\">\n\t\t\t\t\t<h2 class=\"elementor-heading-title elementor-size-default\">Servo-k\u00e4\u00e4nt\u00f6p\u00f6yt\u00e4 robotille<\/h2>\t\t\t\t<\/div>\n\t\t\t\t<\/div>\n\t\t\t\t<div class=\"elementor-element elementor-element-2aa9d7c elementor-widget elementor-widget-text-editor\" data-id=\"2aa9d7c\" data-element_type=\"widget\" data-e-type=\"widget\" data-widget_type=\"text-editor.default\">\n\t\t\t\t<div class=\"elementor-widget-container\">\n\t\t\t\t\t\t\t\t\t<p>Servo-k\u00e4\u00e4nt\u00f6p\u00f6yt\u00e4 soveltuu kappaleiden sy\u00f6tt\u00e4miseen robotille. Sit\u00e4 voidaan k\u00e4ytt\u00e4\u00e4 my\u00f6s lis\u00e4akselina monimutkaisten kappaleiden ty\u00f6st\u00f6ss\u00e4. P\u00f6yd\u00e4lle voidaan asentaa erilaisia kiinnittimi\u00e4.\u00a0<\/p><p>Korkealaatuinen Mitsubishi-servomoottori, ohjelmoitavissa teht\u00e4v\u00e4n mukaan<\/p><p>Paikoitustarkkuus \u00b10,01 mm<\/p><p>P\u00f6yd\u00e4n halkaisija 300 mm, maksimikuorma 30 kg<\/p><p>Liit\u00e4nt\u00e4 robottiin I\/O-signaaleilla tai v\u00e4yl\u00e4j\u00e4rjestelm\u00e4n kautta<\/p><p>Luotettava toiminta \u2013 kone pys\u00e4htyy ylikuormituksen tai muun vian sattuessa<\/p><p>J\u00e4ykk\u00e4 koneistettu ter\u00e4srakenne<\/p><p>Voidaan valmistaa eri kokoisina ja asiakkaan vaatimusten mukaan. Autamme k\u00e4\u00e4nt\u00f6p\u00f6yd\u00e4n liitt\u00e4misess\u00e4 robottij\u00e4rjestelm\u00e4\u00e4si.<\/p>\t\t\t\t\t\t\t\t<\/div>\n\t\t\t\t<\/div>\n\t\t\t\t\t<\/div>\n\t\t<\/div>\n\t\t\t\t\t<\/div>\n\t\t<\/section>\n\t\t\t\t<section class=\"elementor-section elementor-top-section elementor-element elementor-element-fa77015 elementor-section-boxed elementor-section-height-default elementor-section-height-default\" data-id=\"fa77015\" data-element_type=\"section\" data-e-type=\"section\">\n\t\t\t\t\t\t<div class=\"elementor-container elementor-column-gap-default\">\n\t\t\t\t\t<div class=\"elementor-column elementor-col-50 elementor-top-column elementor-element elementor-element-6bfa88d\" data-id=\"6bfa88d\" data-element_type=\"column\" data-e-type=\"column\">\n\t\t\t<div class=\"elementor-widget-wrap elementor-element-populated\">\n\t\t\t\t\t\t<div class=\"elementor-element elementor-element-2c408d7 elementor-widget elementor-widget-image\" data-id=\"2c408d7\" data-element_type=\"widget\" data-e-type=\"widget\" data-widget_type=\"image.default\">\n\t\t\t\t<div class=\"elementor-widget-container\">\n\t\t\t\t\t\t\t\t\t\t\t\t\t\t\t<img loading=\"lazy\" decoding=\"async\" width=\"800\" height=\"600\" src=\"https:\/\/sartsmetal.ee\/wp-content\/uploads\/2025\/06\/kapp-1024x768.jpg\" class=\"attachment-large size-large wp-image-4467\" alt=\"\" srcset=\"https:\/\/sartsmetal.ee\/wp-content\/uploads\/2025\/06\/kapp-1024x768.jpg 1024w, https:\/\/sartsmetal.ee\/wp-content\/uploads\/2025\/06\/kapp-300x225.jpg 300w, https:\/\/sartsmetal.ee\/wp-content\/uploads\/2025\/06\/kapp-768x576.jpg 768w, https:\/\/sartsmetal.ee\/wp-content\/uploads\/2025\/06\/kapp-1536x1152.jpg 1536w, https:\/\/sartsmetal.ee\/wp-content\/uploads\/2025\/06\/kapp-2048x1536.jpg 2048w, https:\/\/sartsmetal.ee\/wp-content\/uploads\/2025\/06\/kapp-16x12.jpg 16w, https:\/\/sartsmetal.ee\/wp-content\/uploads\/2025\/06\/kapp-600x450.jpg 600w\" sizes=\"(max-width: 800px) 100vw, 800px\" \/>\t\t\t\t\t\t\t\t\t\t\t\t\t\t\t<\/div>\n\t\t\t\t<\/div>\n\t\t\t\t\t<\/div>\n\t\t<\/div>\n\t\t\t\t<div class=\"elementor-column elementor-col-50 elementor-top-column elementor-element elementor-element-5765562\" data-id=\"5765562\" data-element_type=\"column\" data-e-type=\"column\">\n\t\t\t<div class=\"elementor-widget-wrap elementor-element-populated\">\n\t\t\t\t\t\t<div class=\"elementor-element elementor-element-ee97c72 elementor-widget elementor-widget-heading\" data-id=\"ee97c72\" data-element_type=\"widget\" data-e-type=\"widget\" data-widget_type=\"heading.default\">\n\t\t\t\t<div class=\"elementor-widget-container\">\n\t\t\t\t\t<h2 class=\"elementor-heading-title elementor-size-default\">Yleisk\u00e4ytt\u00f6inen hiontagripperi robotille<\/h2>\t\t\t\t<\/div>\n\t\t\t\t<\/div>\n\t\t\t\t<div class=\"elementor-element elementor-element-fd6ed68 elementor-widget elementor-widget-text-editor\" data-id=\"fd6ed68\" data-element_type=\"widget\" data-e-type=\"widget\" data-widget_type=\"text-editor.default\">\n\t\t\t\t<div class=\"elementor-widget-container\">\n\t\t\t\t\t\t\t\t\t<p>Yleisk\u00e4ytt\u00f6inen hiontagripperi pienemmille kappaleille. Tartuntaleuat koneistetaan ty\u00f6kappaleen muodon mukaan. Pneumaattinen Z-akselin kompensaattori varmistaa tasaisen hiontavoiman ja toistettavan lopputuloksen.<\/p><p>Laippa ISO 9409-63 mm<\/p><p>Schunk-pneumaattinen gripperi<\/p><p>Schunk Z-akselin kompensaattori, paine s\u00e4\u00e4dett\u00e4viss\u00e4<\/p><p>Erikoisvalmisteiset tartuntaleuat kappaleen mukaan<\/p>\t\t\t\t\t\t\t\t<\/div>\n\t\t\t\t<\/div>\n\t\t\t\t\t<\/div>\n\t\t<\/div>\n\t\t\t\t\t<\/div>\n\t\t<\/section>\n\t\t\t\t<\/div>","protected":false},"excerpt":{"rendered":"<p>Robot lihvimine Automatiseeritud lihvimisrakk Pakume automaatse lihvimisraku projekteerimist ja paigaldust. Esmalt anal\u00fc\u00fcsitakse l\u00e4hte\u00fclesannet ja p\u00fcstitatakse peamised KPI\u00b4id, seej\u00e4rel teostatakse esialgne tasuvusarvutus. Lootusrikka projekti puhul eeldatav tasuvusaeg 1-3 aastat. Meie p\u00e4devusse kuulub: -Olemasoleva protsessi kaardistamine ja KPI\u00b4de m\u00e4\u00e4ramine. Materjalivoo kaardistamine. Ts\u00fckliaegade anal\u00fc\u00fcs. -Tehniliste lahenduste v\u00e4lja t\u00f6\u00f6tamine sealhulgas detailide s\u00f6\u00f6tur-v\u00e4ljaviimis mehhanismid, detailide haaramine, lihvmasina valik, roboti valik. [&hellip;]<\/p>\n","protected":false},"author":9,"featured_media":0,"parent":0,"menu_order":0,"comment_status":"closed","ping_status":"closed","template":"","meta":{"_monsterinsights_skip_tracking":false,"_monsterinsights_sitenote_active":false,"_monsterinsights_sitenote_note":"","_monsterinsights_sitenote_category":0,"footnotes":""},"class_list":["post-4518","page","type-page","status-publish","hentry"],"_links":{"self":[{"href":"https:\/\/sartsmetal.ee\/fi\/wp-json\/wp\/v2\/pages\/4518","targetHints":{"allow":["GET"]}}],"collection":[{"href":"https:\/\/sartsmetal.ee\/fi\/wp-json\/wp\/v2\/pages"}],"about":[{"href":"https:\/\/sartsmetal.ee\/fi\/wp-json\/wp\/v2\/types\/page"}],"author":[{"embeddable":true,"href":"https:\/\/sartsmetal.ee\/fi\/wp-json\/wp\/v2\/users\/9"}],"replies":[{"embeddable":true,"href":"https:\/\/sartsmetal.ee\/fi\/wp-json\/wp\/v2\/comments?post=4518"}],"version-history":[{"count":5,"href":"https:\/\/sartsmetal.ee\/fi\/wp-json\/wp\/v2\/pages\/4518\/revisions"}],"predecessor-version":[{"id":4680,"href":"https:\/\/sartsmetal.ee\/fi\/wp-json\/wp\/v2\/pages\/4518\/revisions\/4680"}],"wp:attachment":[{"href":"https:\/\/sartsmetal.ee\/fi\/wp-json\/wp\/v2\/media?parent=4518"}],"curies":[{"name":"wp","href":"https:\/\/api.w.org\/{rel}","templated":true}]}}