{"id":220,"date":"2020-04-13T11:18:50","date_gmt":"2020-04-13T11:18:50","guid":{"rendered":"https:\/\/sartsmetal.ee\/services\/"},"modified":"2024-12-04T13:50:02","modified_gmt":"2024-12-04T13:50:02","slug":"tootmine","status":"publish","type":"page","link":"https:\/\/sartsmetal.ee\/lt\/tootmine\/","title":{"rendered":"gamyba"},"content":{"rendered":"<div data-elementor-type=\"wp-page\" data-elementor-id=\"220\" class=\"elementor elementor-220\" data-elementor-post-type=\"page\">\n\t\t\t\t\t\t<section class=\"elementor-section elementor-top-section elementor-element elementor-element-1b0a5d33 elementor-section-boxed elementor-section-height-default elementor-section-height-default\" data-id=\"1b0a5d33\" data-element_type=\"section\" data-e-type=\"section\" data-settings=\"{&quot;background_background&quot;:&quot;classic&quot;}\">\n\t\t\t\t\t\t\t<div class=\"elementor-background-overlay\"><\/div>\n\t\t\t\t\t\t\t<div class=\"elementor-container elementor-column-gap-default\">\n\t\t\t\t\t<div class=\"elementor-column elementor-col-100 elementor-top-column elementor-element elementor-element-1f841ba\" data-id=\"1f841ba\" data-element_type=\"column\" data-e-type=\"column\">\n\t\t\t<div class=\"elementor-widget-wrap elementor-element-populated\">\n\t\t\t\t\t\t<div class=\"elementor-element elementor-element-365ba0bd elementor-widget elementor-widget-heading\" data-id=\"365ba0bd\" data-element_type=\"widget\" data-e-type=\"widget\" data-widget_type=\"heading.default\">\n\t\t\t\t<div class=\"elementor-widget-container\">\n\t\t\t\t\t<h1 class=\"elementor-heading-title elementor-size-default\">gamyba<\/h1>\t\t\t\t<\/div>\n\t\t\t\t<\/div>\n\t\t\t\t\t<\/div>\n\t\t<\/div>\n\t\t\t\t\t<\/div>\n\t\t<\/section>\n\t\t\t\t<section class=\"elementor-section elementor-top-section elementor-element elementor-element-4d2c9e9 elementor-section-boxed elementor-section-height-default elementor-section-height-default\" data-id=\"4d2c9e9\" data-element_type=\"section\" data-e-type=\"section\">\n\t\t\t\t\t\t<div class=\"elementor-container elementor-column-gap-no\">\n\t\t\t\t\t<div class=\"elementor-column elementor-col-50 elementor-top-column elementor-element elementor-element-1148300\" data-id=\"1148300\" data-element_type=\"column\" data-e-type=\"column\">\n\t\t\t<div class=\"elementor-widget-wrap elementor-element-populated\">\n\t\t\t\t\t\t<div class=\"elementor-element elementor-element-5070b618 elementor-widget elementor-widget-heading\" data-id=\"5070b618\" data-element_type=\"widget\" data-e-type=\"widget\" data-widget_type=\"heading.default\">\n\t\t\t\t<div class=\"elementor-widget-container\">\n\t\t\t\t\t<h2 class=\"elementor-heading-title elementor-size-default\">Suvirinimas<\/h2>\t\t\t\t<\/div>\n\t\t\t\t<\/div>\n\t\t\t\t<div class=\"elementor-element elementor-element-62d352e2 elementor-widget elementor-widget-text-editor\" data-id=\"62d352e2\" data-element_type=\"widget\" data-e-type=\"widget\" data-widget_type=\"text-editor.default\">\n\t\t\t\t<div class=\"elementor-widget-container\">\n\t\t\t\t\t\t\t\t\t<p><\/p>\n<p><span style=\"font-size: 16px;\">Suvirinimo darbuose naudojame modernias suvirinimo technologijas ir pa\u017eangius \u201eFronius\u201c suvirinimo aparatus. Naudodami specialiai suprojektuotus tvirtinimo \u012ftaisus, galime pasiekti auk\u0161t\u0105 efektyvum\u0105 i\u0161laikant puiki\u0105 kokyb\u0119.<\/span><\/p>\n<p><\/p>\t\t\t\t\t\t\t\t<\/div>\n\t\t\t\t<\/div>\n\t\t\t\t\t<\/div>\n\t\t<\/div>\n\t\t\t\t<div class=\"elementor-column elementor-col-50 elementor-top-column elementor-element elementor-element-7285665\" data-id=\"7285665\" data-element_type=\"column\" data-e-type=\"column\">\n\t\t\t<div class=\"elementor-widget-wrap elementor-element-populated\">\n\t\t\t\t\t\t<div class=\"elementor-element elementor-element-80ec2d7 elementor-widget elementor-widget-image\" data-id=\"80ec2d7\" data-element_type=\"widget\" data-e-type=\"widget\" data-widget_type=\"image.default\">\n\t\t\t\t<div class=\"elementor-widget-container\">\n\t\t\t\t\t\t\t\t\t\t\t\t\t\t\t<img fetchpriority=\"high\" decoding=\"async\" width=\"800\" height=\"534\" src=\"https:\/\/sartsmetal.ee\/wp-content\/uploads\/2024\/12\/Sartsmetal-tootmine-1.jpg\" class=\"attachment-large size-large wp-image-3702\" alt=\"\" srcset=\"https:\/\/sartsmetal.ee\/wp-content\/uploads\/2024\/12\/Sartsmetal-tootmine-1.jpg 1024w, https:\/\/sartsmetal.ee\/wp-content\/uploads\/2024\/12\/Sartsmetal-tootmine-1-300x200.jpg 300w, https:\/\/sartsmetal.ee\/wp-content\/uploads\/2024\/12\/Sartsmetal-tootmine-1-768x512.jpg 768w, https:\/\/sartsmetal.ee\/wp-content\/uploads\/2024\/12\/Sartsmetal-tootmine-1-600x400.jpg 600w\" sizes=\"(max-width: 800px) 100vw, 800px\" \/>\t\t\t\t\t\t\t\t\t\t\t\t\t\t\t<\/div>\n\t\t\t\t<\/div>\n\t\t\t\t\t<\/div>\n\t\t<\/div>\n\t\t\t\t\t<\/div>\n\t\t<\/section>\n\t\t\t\t<section class=\"elementor-section elementor-top-section elementor-element elementor-element-9e09982 elementor-reverse-mobile elementor-section-boxed elementor-section-height-default elementor-section-height-default\" data-id=\"9e09982\" data-element_type=\"section\" data-e-type=\"section\">\n\t\t\t\t\t\t<div class=\"elementor-container elementor-column-gap-default\">\n\t\t\t\t\t<div class=\"elementor-column elementor-col-50 elementor-top-column elementor-element elementor-element-429004e\" data-id=\"429004e\" data-element_type=\"column\" data-e-type=\"column\">\n\t\t\t<div class=\"elementor-widget-wrap elementor-element-populated\">\n\t\t\t\t\t\t<div class=\"elementor-element elementor-element-461581e elementor-widget elementor-widget-image\" data-id=\"461581e\" data-element_type=\"widget\" data-e-type=\"widget\" data-widget_type=\"image.default\">\n\t\t\t\t<div class=\"elementor-widget-container\">\n\t\t\t\t\t\t\t\t\t\t\t\t\t\t\t<img decoding=\"async\" width=\"800\" height=\"534\" src=\"https:\/\/sartsmetal.ee\/wp-content\/uploads\/2024\/12\/Sartsmetal-tootmine-2.jpg\" class=\"attachment-large size-large wp-image-3704\" alt=\"\" srcset=\"https:\/\/sartsmetal.ee\/wp-content\/uploads\/2024\/12\/Sartsmetal-tootmine-2.jpg 1024w, https:\/\/sartsmetal.ee\/wp-content\/uploads\/2024\/12\/Sartsmetal-tootmine-2-300x200.jpg 300w, https:\/\/sartsmetal.ee\/wp-content\/uploads\/2024\/12\/Sartsmetal-tootmine-2-768x512.jpg 768w, https:\/\/sartsmetal.ee\/wp-content\/uploads\/2024\/12\/Sartsmetal-tootmine-2-600x400.jpg 600w\" sizes=\"(max-width: 800px) 100vw, 800px\" \/>\t\t\t\t\t\t\t\t\t\t\t\t\t\t\t<\/div>\n\t\t\t\t<\/div>\n\t\t\t\t\t<\/div>\n\t\t<\/div>\n\t\t\t\t<div class=\"elementor-column elementor-col-50 elementor-top-column elementor-element elementor-element-d99304c\" data-id=\"d99304c\" data-element_type=\"column\" data-e-type=\"column\">\n\t\t\t<div class=\"elementor-widget-wrap elementor-element-populated\">\n\t\t\t\t\t\t<div class=\"elementor-element elementor-element-5995212 elementor-widget elementor-widget-heading\" data-id=\"5995212\" data-element_type=\"widget\" data-e-type=\"widget\" data-widget_type=\"heading.default\">\n\t\t\t\t<div class=\"elementor-widget-container\">\n\t\t\t\t\t<h2 class=\"elementor-heading-title elementor-size-default\">Frezavimas<\/h2>\t\t\t\t<\/div>\n\t\t\t\t<\/div>\n\t\t\t\t<div class=\"elementor-element elementor-element-42bf3b8 elementor-widget elementor-widget-text-editor\" data-id=\"42bf3b8\" data-element_type=\"widget\" data-e-type=\"widget\" data-widget_type=\"text-editor.default\">\n\t\t\t\t<div class=\"elementor-widget-container\">\n\t\t\t\t\t\t\t\t\t<p>Naudodami frezavimo stakles apdirbame pavir\u0161ius, kuriems reikalingas ypatingas tikslumas. Tai leid\u017eia u\u017etikrinti, kad visos dalys b\u016bt\u0173 surenkamos precizi\u0161kai.<\/p>\n<p><\/p>\t\t\t\t\t\t\t\t<\/div>\n\t\t\t\t<\/div>\n\t\t\t\t\t<\/div>\n\t\t<\/div>\n\t\t\t\t\t<\/div>\n\t\t<\/section>\n\t\t\t\t<section class=\"elementor-section elementor-top-section elementor-element elementor-element-bf13906 elementor-section-boxed elementor-section-height-default elementor-section-height-default\" data-id=\"bf13906\" data-element_type=\"section\" data-e-type=\"section\">\n\t\t\t\t\t\t<div class=\"elementor-container elementor-column-gap-default\">\n\t\t\t\t\t<div class=\"elementor-column elementor-col-100 elementor-top-column elementor-element elementor-element-7cece1c\" data-id=\"7cece1c\" data-element_type=\"column\" data-e-type=\"column\">\n\t\t\t<div class=\"elementor-widget-wrap elementor-element-populated\">\n\t\t\t\t\t\t<section class=\"elementor-section elementor-inner-section elementor-element elementor-element-048b198 elementor-section-boxed elementor-section-height-default elementor-section-height-default\" data-id=\"048b198\" data-element_type=\"section\" data-e-type=\"section\">\n\t\t\t\t\t\t<div class=\"elementor-container elementor-column-gap-default\">\n\t\t\t\t\t<div class=\"elementor-column elementor-col-50 elementor-inner-column elementor-element elementor-element-b186447\" data-id=\"b186447\" data-element_type=\"column\" data-e-type=\"column\">\n\t\t\t<div class=\"elementor-widget-wrap elementor-element-populated\">\n\t\t\t\t\t\t<div class=\"elementor-element elementor-element-965a0d6 elementor-widget elementor-widget-heading\" data-id=\"965a0d6\" data-element_type=\"widget\" data-e-type=\"widget\" data-widget_type=\"heading.default\">\n\t\t\t\t<div class=\"elementor-widget-container\">\n\t\t\t\t\t<h2 class=\"elementor-heading-title elementor-size-default\">Tekinimas<\/h2>\t\t\t\t<\/div>\n\t\t\t\t<\/div>\n\t\t\t\t<div class=\"elementor-element elementor-element-9869252 elementor-widget elementor-widget-text-editor\" data-id=\"9869252\" data-element_type=\"widget\" data-e-type=\"widget\" data-widget_type=\"text-editor.default\">\n\t\t\t\t<div class=\"elementor-widget-container\">\n\t\t\t\t\t\t\t\t\t<p class=\"translation-block\">Kasutame&nbsp; treikeskust Okuma. CNC treipingiga on v\u00f5imalik toota efektiivselt detaile suurtes kogustes ja samal ajal hoides t\u00e4pset m\u00f5\u00f5tu&nbsp;<span style=\"font-size: 16px; font-style: normal; font-weight: 400;\">sajandiku<\/span>&nbsp;piires.<\/p>\t\t\t\t\t\t\t\t<\/div>\n\t\t\t\t<\/div>\n\t\t\t\t\t<\/div>\n\t\t<\/div>\n\t\t\t\t<div class=\"elementor-column elementor-col-50 elementor-inner-column elementor-element elementor-element-8e06a7e\" data-id=\"8e06a7e\" data-element_type=\"column\" data-e-type=\"column\">\n\t\t\t<div class=\"elementor-widget-wrap elementor-element-populated\">\n\t\t\t\t\t\t<div class=\"elementor-element elementor-element-60ebbc6 elementor-widget elementor-widget-image\" data-id=\"60ebbc6\" data-element_type=\"widget\" data-e-type=\"widget\" data-widget_type=\"image.default\">\n\t\t\t\t<div class=\"elementor-widget-container\">\n\t\t\t\t\t\t\t\t\t\t\t\t\t\t\t<img decoding=\"async\" width=\"800\" height=\"534\" src=\"https:\/\/sartsmetal.ee\/wp-content\/uploads\/2024\/12\/Sartsmetal-tootmine-4.jpg\" class=\"attachment-large size-large wp-image-3708\" alt=\"\" srcset=\"https:\/\/sartsmetal.ee\/wp-content\/uploads\/2024\/12\/Sartsmetal-tootmine-4.jpg 1024w, https:\/\/sartsmetal.ee\/wp-content\/uploads\/2024\/12\/Sartsmetal-tootmine-4-300x200.jpg 300w, https:\/\/sartsmetal.ee\/wp-content\/uploads\/2024\/12\/Sartsmetal-tootmine-4-768x512.jpg 768w, https:\/\/sartsmetal.ee\/wp-content\/uploads\/2024\/12\/Sartsmetal-tootmine-4-600x400.jpg 600w\" sizes=\"(max-width: 800px) 100vw, 800px\" \/>\t\t\t\t\t\t\t\t\t\t\t\t\t\t\t<\/div>\n\t\t\t\t<\/div>\n\t\t\t\t\t<\/div>\n\t\t<\/div>\n\t\t\t\t\t<\/div>\n\t\t<\/section>\n\t\t\t\t\t<\/div>\n\t\t<\/div>\n\t\t\t\t\t<\/div>\n\t\t<\/section>\n\t\t\t\t<section class=\"elementor-section elementor-top-section elementor-element elementor-element-2a03e66 elementor-reverse-mobile elementor-section-boxed elementor-section-height-default elementor-section-height-default\" data-id=\"2a03e66\" data-element_type=\"section\" data-e-type=\"section\">\n\t\t\t\t\t\t<div class=\"elementor-container elementor-column-gap-default\">\n\t\t\t\t\t<div class=\"elementor-column elementor-col-50 elementor-top-column elementor-element elementor-element-dea2236\" data-id=\"dea2236\" data-element_type=\"column\" data-e-type=\"column\">\n\t\t\t<div class=\"elementor-widget-wrap elementor-element-populated\">\n\t\t\t\t\t\t<div class=\"elementor-element elementor-element-712c2ae elementor-widget elementor-widget-image\" data-id=\"712c2ae\" data-element_type=\"widget\" data-e-type=\"widget\" data-widget_type=\"image.default\">\n\t\t\t\t<div class=\"elementor-widget-container\">\n\t\t\t\t\t\t\t\t\t\t\t\t\t\t\t<img loading=\"lazy\" decoding=\"async\" width=\"800\" height=\"534\" src=\"https:\/\/sartsmetal.ee\/wp-content\/uploads\/2024\/12\/Sartsmetal-tootmine-5.jpg\" class=\"attachment-large size-large wp-image-3710\" alt=\"\" srcset=\"https:\/\/sartsmetal.ee\/wp-content\/uploads\/2024\/12\/Sartsmetal-tootmine-5.jpg 1024w, https:\/\/sartsmetal.ee\/wp-content\/uploads\/2024\/12\/Sartsmetal-tootmine-5-300x200.jpg 300w, https:\/\/sartsmetal.ee\/wp-content\/uploads\/2024\/12\/Sartsmetal-tootmine-5-768x512.jpg 768w, https:\/\/sartsmetal.ee\/wp-content\/uploads\/2024\/12\/Sartsmetal-tootmine-5-600x400.jpg 600w\" sizes=\"(max-width: 800px) 100vw, 800px\" \/>\t\t\t\t\t\t\t\t\t\t\t\t\t\t\t<\/div>\n\t\t\t\t<\/div>\n\t\t\t\t\t<\/div>\n\t\t<\/div>\n\t\t\t\t<div class=\"elementor-column elementor-col-50 elementor-top-column elementor-element elementor-element-34c538e\" data-id=\"34c538e\" data-element_type=\"column\" data-e-type=\"column\">\n\t\t\t<div class=\"elementor-widget-wrap elementor-element-populated\">\n\t\t\t\t\t\t<div class=\"elementor-element elementor-element-d3d7c6f elementor-widget elementor-widget-heading\" data-id=\"d3d7c6f\" data-element_type=\"widget\" data-e-type=\"widget\" data-widget_type=\"heading.default\">\n\t\t\t\t<div class=\"elementor-widget-container\">\n\t\t\t\t\t<h2 class=\"elementor-heading-title elementor-size-default\">Gr\u0119\u017eimas<\/h2>\t\t\t\t<\/div>\n\t\t\t\t<\/div>\n\t\t\t\t<div class=\"elementor-element elementor-element-f3ea8c2 elementor-widget elementor-widget-text-editor\" data-id=\"f3ea8c2\" data-element_type=\"widget\" data-e-type=\"widget\" data-widget_type=\"text-editor.default\">\n\t\t\t\t<div class=\"elementor-widget-container\">\n\t\t\t\t\t\t\t\t\t<p>Naudodami radialines gr\u0119\u017eimo stakles galime gr\u0119\u017eti iki 30 mm skersmens skyles, sriegti iki M16.\u00a0<\/p>\t\t\t\t\t\t\t\t<\/div>\n\t\t\t\t<\/div>\n\t\t\t\t\t<\/div>\n\t\t<\/div>\n\t\t\t\t\t<\/div>\n\t\t<\/section>\n\t\t\t\t<section class=\"elementor-section elementor-top-section elementor-element elementor-element-5399be5 elementor-reverse-mobile elementor-section-boxed elementor-section-height-default elementor-section-height-default\" data-id=\"5399be5\" data-element_type=\"section\" data-e-type=\"section\">\n\t\t\t\t\t\t<div class=\"elementor-container elementor-column-gap-default\">\n\t\t\t\t\t<div class=\"elementor-column elementor-col-100 elementor-top-column elementor-element elementor-element-5c45e63\" data-id=\"5c45e63\" data-element_type=\"column\" data-e-type=\"column\">\n\t\t\t<div class=\"elementor-widget-wrap elementor-element-populated\">\n\t\t\t\t\t\t<section class=\"elementor-section elementor-inner-section elementor-element elementor-element-820c9d1 elementor-section-boxed elementor-section-height-default elementor-section-height-default\" data-id=\"820c9d1\" data-element_type=\"section\" data-e-type=\"section\">\n\t\t\t\t\t\t<div class=\"elementor-container elementor-column-gap-default\">\n\t\t\t\t\t<div class=\"elementor-column elementor-col-50 elementor-inner-column elementor-element elementor-element-019b3bb\" data-id=\"019b3bb\" data-element_type=\"column\" data-e-type=\"column\">\n\t\t\t<div class=\"elementor-widget-wrap elementor-element-populated\">\n\t\t\t\t\t\t<div class=\"elementor-element elementor-element-b7763e3 elementor-widget elementor-widget-heading\" data-id=\"b7763e3\" data-element_type=\"widget\" data-e-type=\"widget\" data-widget_type=\"heading.default\">\n\t\t\t\t<div class=\"elementor-widget-container\">\n\t\t\t\t\t<h2 class=\"elementor-heading-title elementor-size-default\">Kompiuterizuota gamyba<\/h2>\t\t\t\t<\/div>\n\t\t\t\t<\/div>\n\t\t\t\t<div class=\"elementor-element elementor-element-ec49585 elementor-widget elementor-widget-text-editor\" data-id=\"ec49585\" data-element_type=\"widget\" data-e-type=\"widget\" data-widget_type=\"text-editor.default\">\n\t\t\t\t<div class=\"elementor-widget-container\">\n\t\t\t\t\t\t\t\t\t<p>Naudodami moderni\u0105 CAD sistem\u0105 galime tiksliai projektuoti, planuoti ir analizuoti gaminius. Kompiuteris tiesiogiai perduoda programas CNC stakl\u0117ms, kurios i\u0161pjauna reikiamas detales.<\/p><p>\u00a0<\/p>\t\t\t\t\t\t\t\t<\/div>\n\t\t\t\t<\/div>\n\t\t\t\t\t<\/div>\n\t\t<\/div>\n\t\t\t\t<div class=\"elementor-column elementor-col-50 elementor-inner-column elementor-element elementor-element-f52b76e\" data-id=\"f52b76e\" data-element_type=\"column\" data-e-type=\"column\">\n\t\t\t<div class=\"elementor-widget-wrap elementor-element-populated\">\n\t\t\t\t\t\t<div class=\"elementor-element elementor-element-8d1994e elementor-widget elementor-widget-image\" data-id=\"8d1994e\" data-element_type=\"widget\" data-e-type=\"widget\" data-widget_type=\"image.default\">\n\t\t\t\t<div class=\"elementor-widget-container\">\n\t\t\t\t\t\t\t\t\t\t\t\t\t\t\t<img loading=\"lazy\" decoding=\"async\" width=\"800\" height=\"534\" src=\"https:\/\/sartsmetal.ee\/wp-content\/uploads\/2024\/12\/Raalintegreeritud-tootmine.jpg\" class=\"attachment-large size-large wp-image-3714\" alt=\"\" srcset=\"https:\/\/sartsmetal.ee\/wp-content\/uploads\/2024\/12\/Raalintegreeritud-tootmine.jpg 1024w, https:\/\/sartsmetal.ee\/wp-content\/uploads\/2024\/12\/Raalintegreeritud-tootmine-300x200.jpg 300w, https:\/\/sartsmetal.ee\/wp-content\/uploads\/2024\/12\/Raalintegreeritud-tootmine-768x512.jpg 768w, https:\/\/sartsmetal.ee\/wp-content\/uploads\/2024\/12\/Raalintegreeritud-tootmine-600x400.jpg 600w\" sizes=\"(max-width: 800px) 100vw, 800px\" \/>\t\t\t\t\t\t\t\t\t\t\t\t\t\t\t<\/div>\n\t\t\t\t<\/div>\n\t\t\t\t\t<\/div>\n\t\t<\/div>\n\t\t\t\t\t<\/div>\n\t\t<\/section>\n\t\t\t\t\t<\/div>\n\t\t<\/div>\n\t\t\t\t\t<\/div>\n\t\t<\/section>\n\t\t\t\t<\/div>","protected":false},"excerpt":{"rendered":"<p>Tootmine Keevitamine Keevitamisel kasutame kaasaegseid t\u00f6\u00f6v\u00f5tteid ja tipptasemel Fronius seadmeid. Kasutades nutikaid rakiseid suudame tagada suure efektiivsuse hoides samal ajal kvaliteeti k\u00f5rgel. Freesimine Freespingiga t\u00f6\u00f6tleme pindasid mis vajavad erilist t\u00e4psust. Freesides \u00fcle vajalikud pinnad ja avad saame tagada, et toode on ideaalselt m\u00f5\u00f5dus ja l\u00e4heb kokku sujuvalt Treimine Kasutame\u00a0 treikeskust Okuma. CNC treipingiga on v\u00f5imalik [&hellip;]<\/p>\n","protected":false},"author":1,"featured_media":0,"parent":0,"menu_order":0,"comment_status":"closed","ping_status":"closed","template":"","meta":{"_monsterinsights_skip_tracking":false,"_monsterinsights_sitenote_active":false,"_monsterinsights_sitenote_note":"","_monsterinsights_sitenote_category":0,"footnotes":""},"class_list":["post-220","page","type-page","status-publish","hentry"],"_links":{"self":[{"href":"https:\/\/sartsmetal.ee\/lt\/wp-json\/wp\/v2\/pages\/220","targetHints":{"allow":["GET"]}}],"collection":[{"href":"https:\/\/sartsmetal.ee\/lt\/wp-json\/wp\/v2\/pages"}],"about":[{"href":"https:\/\/sartsmetal.ee\/lt\/wp-json\/wp\/v2\/types\/page"}],"author":[{"embeddable":true,"href":"https:\/\/sartsmetal.ee\/lt\/wp-json\/wp\/v2\/users\/1"}],"replies":[{"embeddable":true,"href":"https:\/\/sartsmetal.ee\/lt\/wp-json\/wp\/v2\/comments?post=220"}],"version-history":[{"count":5,"href":"https:\/\/sartsmetal.ee\/lt\/wp-json\/wp\/v2\/pages\/220\/revisions"}],"predecessor-version":[{"id":3958,"href":"https:\/\/sartsmetal.ee\/lt\/wp-json\/wp\/v2\/pages\/220\/revisions\/3958"}],"wp:attachment":[{"href":"https:\/\/sartsmetal.ee\/lt\/wp-json\/wp\/v2\/media?parent=220"}],"curies":[{"name":"wp","href":"https:\/\/api.w.org\/{rel}","templated":true}]}}