{"id":4518,"date":"2025-11-03T13:24:58","date_gmt":"2025-11-03T11:24:58","guid":{"rendered":"https:\/\/sartsmetal.ee\/?page_id=4518"},"modified":"2025-11-04T12:30:15","modified_gmt":"2025-11-04T10:30:15","slug":"robot-lihvimine","status":"publish","type":"page","link":"https:\/\/sartsmetal.ee\/lt\/robot-lihvimine\/","title":{"rendered":"robotizuotas \u0161lifavimas"},"content":{"rendered":"<div data-elementor-type=\"wp-page\" data-elementor-id=\"4518\" class=\"elementor elementor-4518\" data-elementor-post-type=\"page\">\n\t\t\t\t\t\t<section class=\"elementor-section elementor-top-section elementor-element elementor-element-c160d1b elementor-section-boxed elementor-section-height-default elementor-section-height-default\" data-id=\"c160d1b\" data-element_type=\"section\" data-e-type=\"section\" data-settings=\"{&quot;background_background&quot;:&quot;classic&quot;}\">\n\t\t\t\t\t\t\t<div class=\"elementor-background-overlay\"><\/div>\n\t\t\t\t\t\t\t<div class=\"elementor-container elementor-column-gap-default\">\n\t\t\t\t\t<div class=\"elementor-column elementor-col-33 elementor-top-column elementor-element elementor-element-8f74294\" data-id=\"8f74294\" data-element_type=\"column\" data-e-type=\"column\">\n\t\t\t<div class=\"elementor-widget-wrap\">\n\t\t\t\t\t\t\t<\/div>\n\t\t<\/div>\n\t\t\t\t<div class=\"elementor-column elementor-col-33 elementor-top-column elementor-element elementor-element-e1183b5\" data-id=\"e1183b5\" data-element_type=\"column\" data-e-type=\"column\">\n\t\t\t<div class=\"elementor-widget-wrap elementor-element-populated\">\n\t\t\t\t\t\t<div class=\"elementor-element elementor-element-1b8f34e elementor-widget elementor-widget-heading\" data-id=\"1b8f34e\" data-element_type=\"widget\" data-e-type=\"widget\" data-widget_type=\"heading.default\">\n\t\t\t\t<div class=\"elementor-widget-container\">\n\t\t\t\t\t<h1 class=\"elementor-heading-title elementor-size-default\">robotizuotas \u0161lifavimas<\/h1>\t\t\t\t<\/div>\n\t\t\t\t<\/div>\n\t\t\t\t\t<\/div>\n\t\t<\/div>\n\t\t\t\t<div class=\"elementor-column elementor-col-33 elementor-top-column elementor-element elementor-element-62d39f3\" data-id=\"62d39f3\" data-element_type=\"column\" data-e-type=\"column\">\n\t\t\t<div class=\"elementor-widget-wrap\">\n\t\t\t\t\t\t\t<\/div>\n\t\t<\/div>\n\t\t\t\t\t<\/div>\n\t\t<\/section>\n\t\t\t\t<section class=\"elementor-section elementor-top-section elementor-element elementor-element-0496ec3 elementor-section-boxed elementor-section-height-default elementor-section-height-default\" data-id=\"0496ec3\" data-element_type=\"section\" data-e-type=\"section\">\n\t\t\t\t\t\t<div class=\"elementor-container elementor-column-gap-default\">\n\t\t\t\t\t<div class=\"elementor-column elementor-col-50 elementor-top-column elementor-element elementor-element-a2f9df3\" data-id=\"a2f9df3\" data-element_type=\"column\" data-e-type=\"column\">\n\t\t\t<div class=\"elementor-widget-wrap elementor-element-populated\">\n\t\t\t\t\t\t<div class=\"elementor-element elementor-element-9111187 elementor-widget elementor-widget-image\" data-id=\"9111187\" data-element_type=\"widget\" data-e-type=\"widget\" data-widget_type=\"image.default\">\n\t\t\t\t<div class=\"elementor-widget-container\">\n\t\t\t\t\t\t\t\t\t\t\t\t\t\t\t<img fetchpriority=\"high\" decoding=\"async\" width=\"800\" height=\"589\" src=\"https:\/\/sartsmetal.ee\/wp-content\/uploads\/2025\/06\/1.png\" class=\"attachment-large size-large wp-image-4469\" alt=\"\" srcset=\"https:\/\/sartsmetal.ee\/wp-content\/uploads\/2025\/06\/1.png 888w, https:\/\/sartsmetal.ee\/wp-content\/uploads\/2025\/06\/1-300x221.png 300w, https:\/\/sartsmetal.ee\/wp-content\/uploads\/2025\/06\/1-768x566.png 768w, https:\/\/sartsmetal.ee\/wp-content\/uploads\/2025\/06\/1-16x12.png 16w, https:\/\/sartsmetal.ee\/wp-content\/uploads\/2025\/06\/1-600x442.png 600w\" sizes=\"(max-width: 800px) 100vw, 800px\" \/>\t\t\t\t\t\t\t\t\t\t\t\t\t\t\t<\/div>\n\t\t\t\t<\/div>\n\t\t\t\t\t<\/div>\n\t\t<\/div>\n\t\t\t\t<div class=\"elementor-column elementor-col-50 elementor-top-column elementor-element elementor-element-3cd88eb\" data-id=\"3cd88eb\" data-element_type=\"column\" data-e-type=\"column\">\n\t\t\t<div class=\"elementor-widget-wrap elementor-element-populated\">\n\t\t\t\t\t\t<div class=\"elementor-element elementor-element-e83d17d elementor-widget elementor-widget-heading\" data-id=\"e83d17d\" data-element_type=\"widget\" data-e-type=\"widget\" data-widget_type=\"heading.default\">\n\t\t\t\t<div class=\"elementor-widget-container\">\n\t\t\t\t\t<h2 class=\"elementor-heading-title elementor-size-default\">Automatizuota \u0161lifavimo cel\u0117<\/h2>\t\t\t\t<\/div>\n\t\t\t\t<\/div>\n\t\t\t\t<div class=\"elementor-element elementor-element-3a3e1e6 elementor-widget elementor-widget-text-editor\" data-id=\"3a3e1e6\" data-element_type=\"widget\" data-e-type=\"widget\" data-widget_type=\"text-editor.default\">\n\t\t\t\t<div class=\"elementor-widget-container\">\n\t\t\t\t\t\t\t\t\t<p>Si\u016blome automatini\u0173 \u0161lifavimo celi\u0173 projektavim\u0105 ir \u012frengim\u0105. Pirmiausia atliekama esamos situacijos analiz\u0117 ir nustatomi pagrindiniai KPI rodikliai, po to atliekama preliminari ka\u0161t\u0173 ir naudos analiz\u0117. Perspektyviems projektams numatomas atsipirkimo laikotarpis \u2013 1\u20133 metai. M\u016bs\u0173 kompetencija apima:<\/p><p>Esamo proceso analiz\u0119 ir KPI nustatym\u0105. Med\u017eiag\u0173 srauto analiz\u0119. Ciklo laik\u0173 analiz\u0119.<\/p><p>Technini\u0173 sprendim\u0173 k\u016brim\u0105, \u012fskaitant padavimo mechanizmus, detali\u0173 sugriebim\u0105, \u0161lifavimo stakli\u0173 parinkim\u0105, roboto parinkim\u0105.<\/p><p>Gamybos cel\u0117s simuliacij\u0105 su realiais ciklo laikais.<br \/><br \/>\u012erangos ir mechanizm\u0173 projektavim\u0105 bei gamyb\u0105.<\/p><p>Rizikos vertinim\u0105 ir CE atitikt\u012f.<\/p><p>Montavim\u0105 ir integracij\u0105 \u012f gamybos linij\u0105.<\/p><p>Prie\u017ei\u016br\u0105 ir programavim\u0105.<\/p><p><a href=\"https:\/\/sartsmetal.ee\/lt\/kontakt\/\">Susisiekite su mumis<\/a>ir prad\u0117kite savo gamyklos automatizavim\u0105!<\/p>\t\t\t\t\t\t\t\t<\/div>\n\t\t\t\t<\/div>\n\t\t\t\t\t<\/div>\n\t\t<\/div>\n\t\t\t\t\t<\/div>\n\t\t<\/section>\n\t\t\t\t<section class=\"elementor-section elementor-top-section elementor-element elementor-element-226955f elementor-section-boxed elementor-section-height-default elementor-section-height-default\" data-id=\"226955f\" data-element_type=\"section\" data-e-type=\"section\">\n\t\t\t\t\t\t<div class=\"elementor-container elementor-column-gap-default\">\n\t\t\t\t\t<div class=\"elementor-column elementor-col-50 elementor-top-column elementor-element elementor-element-28296c5\" data-id=\"28296c5\" data-element_type=\"column\" data-e-type=\"column\">\n\t\t\t<div class=\"elementor-widget-wrap elementor-element-populated\">\n\t\t\t\t\t\t<div class=\"elementor-element elementor-element-322d647 elementor-widget elementor-widget-image\" data-id=\"322d647\" data-element_type=\"widget\" data-e-type=\"widget\" data-widget_type=\"image.default\">\n\t\t\t\t<div class=\"elementor-widget-container\">\n\t\t\t\t\t\t\t\t\t\t\t\t\t\t\t<img decoding=\"async\" width=\"786\" height=\"812\" src=\"https:\/\/sartsmetal.ee\/wp-content\/uploads\/2025\/04\/jubin1PNG.png\" class=\"attachment-large size-large wp-image-4420\" alt=\"\" srcset=\"https:\/\/sartsmetal.ee\/wp-content\/uploads\/2025\/04\/jubin1PNG.png 786w, https:\/\/sartsmetal.ee\/wp-content\/uploads\/2025\/04\/jubin1PNG-290x300.png 290w, https:\/\/sartsmetal.ee\/wp-content\/uploads\/2025\/04\/jubin1PNG-768x793.png 768w, https:\/\/sartsmetal.ee\/wp-content\/uploads\/2025\/04\/jubin1PNG-12x12.png 12w, https:\/\/sartsmetal.ee\/wp-content\/uploads\/2025\/04\/jubin1PNG-600x620.png 600w\" sizes=\"(max-width: 786px) 100vw, 786px\" \/>\t\t\t\t\t\t\t\t\t\t\t\t\t\t\t<\/div>\n\t\t\t\t<\/div>\n\t\t\t\t\t<\/div>\n\t\t<\/div>\n\t\t\t\t<div class=\"elementor-column elementor-col-50 elementor-top-column elementor-element elementor-element-9287e31\" data-id=\"9287e31\" data-element_type=\"column\" data-e-type=\"column\">\n\t\t\t<div class=\"elementor-widget-wrap elementor-element-populated\">\n\t\t\t\t\t\t<div class=\"elementor-element elementor-element-7feed1b elementor-widget elementor-widget-heading\" data-id=\"7feed1b\" data-element_type=\"widget\" data-e-type=\"widget\" data-widget_type=\"heading.default\">\n\t\t\t\t<div class=\"elementor-widget-container\">\n\t\t\t\t\t<h2 class=\"elementor-heading-title elementor-size-default\">Pneumatin\u0117 \u0161lifavimo ma\u0161ina robotui 10x330\n<\/h2>\t\t\t\t<\/div>\n\t\t\t\t<\/div>\n\t\t\t\t<div class=\"elementor-element elementor-element-25f57f9 elementor-widget elementor-widget-text-editor\" data-id=\"25f57f9\" data-element_type=\"widget\" data-e-type=\"widget\" data-widget_type=\"text-editor.default\">\n\t\t\t\t<div class=\"elementor-widget-container\">\n\t\t\t\t\t\t\t\t\t<p>Pneumatin\u0117 \u0161lifavimo ma\u0161ina pramoniniams ir kolaboraciniams robotams.<br \/>Tinka \u012fvairi\u0173 detali\u0173 \u0161lifavimui, u\u017evart\u0173 \u0161alinimui ir briaun\u0173 apvalinimui.<br \/>Reguliuojama darbo galvut\u0117<br \/>Sl\u0117gis 0,6 MPa<br \/>Pneumatin\u0117 jungtis NPT 1\/4, flan\u0161as ISO 9409-63 mm\u00a0<br \/>Maks. greitis 20 000 aps.\/min.<br \/>Reikalingas oro srautas 200 l\/min<br \/>Pagaminta Estijoje<\/p><p>Tiekiame auk\u0161tos kokyb\u0117s \u0161lifavimo juostas \u012fvairioms med\u017eiagoms (metalui, medienai, stiklui ir kt.).<\/p><p>Galime pagaminti flan\u0161\u0105, tinkant\u012f j\u016bs\u0173 robotui. Jei reikia, galime pad\u0117ti integruoti \u012frengin\u012f \u012f roboto sistem\u0105.<br \/>Taip pat si\u016blome speciali\u0173 \u012franki\u0173 projektavim\u0105 ir gamyb\u0105 pagal kliento reikalavimus.<\/p>\t\t\t\t\t\t\t\t<\/div>\n\t\t\t\t<\/div>\n\t\t\t\t\t<\/div>\n\t\t<\/div>\n\t\t\t\t\t<\/div>\n\t\t<\/section>\n\t\t\t\t<section class=\"elementor-section elementor-top-section elementor-element elementor-element-0763a1d elementor-section-boxed elementor-section-height-default elementor-section-height-default\" data-id=\"0763a1d\" data-element_type=\"section\" data-e-type=\"section\">\n\t\t\t\t\t\t<div class=\"elementor-container elementor-column-gap-default\">\n\t\t\t\t\t<div class=\"elementor-column elementor-col-50 elementor-top-column elementor-element elementor-element-88f9c68\" data-id=\"88f9c68\" data-element_type=\"column\" data-e-type=\"column\">\n\t\t\t<div class=\"elementor-widget-wrap elementor-element-populated\">\n\t\t\t\t\t\t<div class=\"elementor-element elementor-element-2ae4dd4 elementor-widget elementor-widget-image\" data-id=\"2ae4dd4\" data-element_type=\"widget\" data-e-type=\"widget\" data-widget_type=\"image.default\">\n\t\t\t\t<div class=\"elementor-widget-container\">\n\t\t\t\t\t\t\t\t\t\t\t\t\t\t\t<img decoding=\"async\" width=\"800\" height=\"755\" src=\"https:\/\/sartsmetal.ee\/wp-content\/uploads\/2025\/04\/Positsioneer2PNG-1024x967.png\" class=\"attachment-large size-large wp-image-4419\" alt=\"\" srcset=\"https:\/\/sartsmetal.ee\/wp-content\/uploads\/2025\/04\/Positsioneer2PNG-1024x967.png 1024w, https:\/\/sartsmetal.ee\/wp-content\/uploads\/2025\/04\/Positsioneer2PNG-300x283.png 300w, https:\/\/sartsmetal.ee\/wp-content\/uploads\/2025\/04\/Positsioneer2PNG-768x725.png 768w, https:\/\/sartsmetal.ee\/wp-content\/uploads\/2025\/04\/Positsioneer2PNG-1536x1451.png 1536w, https:\/\/sartsmetal.ee\/wp-content\/uploads\/2025\/04\/Positsioneer2PNG-2048x1934.png 2048w, https:\/\/sartsmetal.ee\/wp-content\/uploads\/2025\/04\/Positsioneer2PNG-13x12.png 13w, https:\/\/sartsmetal.ee\/wp-content\/uploads\/2025\/04\/Positsioneer2PNG-600x567.png 600w\" sizes=\"(max-width: 800px) 100vw, 800px\" \/>\t\t\t\t\t\t\t\t\t\t\t\t\t\t\t<\/div>\n\t\t\t\t<\/div>\n\t\t\t\t\t<\/div>\n\t\t<\/div>\n\t\t\t\t<div class=\"elementor-column elementor-col-50 elementor-top-column elementor-element elementor-element-3402072\" data-id=\"3402072\" data-element_type=\"column\" data-e-type=\"column\">\n\t\t\t<div class=\"elementor-widget-wrap elementor-element-populated\">\n\t\t\t\t\t\t<div class=\"elementor-element elementor-element-feec23c elementor-widget elementor-widget-heading\" data-id=\"feec23c\" data-element_type=\"widget\" data-e-type=\"widget\" data-widget_type=\"heading.default\">\n\t\t\t\t<div class=\"elementor-widget-container\">\n\t\t\t\t\t<h2 class=\"elementor-heading-title elementor-size-default\">Servo sukamoji platforma robotui<\/h2>\t\t\t\t<\/div>\n\t\t\t\t<\/div>\n\t\t\t\t<div class=\"elementor-element elementor-element-2aa9d7c elementor-widget elementor-widget-text-editor\" data-id=\"2aa9d7c\" data-element_type=\"widget\" data-e-type=\"widget\" data-widget_type=\"text-editor.default\">\n\t\t\t\t<div class=\"elementor-widget-container\">\n\t\t\t\t\t\t\t\t\t<p>Servo sukamoji platforma skirta detali\u0173 padavimui robotui. Ji taip pat gali b\u016bti naudojama kaip papildoma a\u0161is sud\u0117ting\u0173 detali\u0173 apdirbimui. Ant platformos gali b\u016bti montuojami \u012fvairi\u0173 tip\u0173 tvirtinimo \u012ftaisai.\u00a0<\/p><p>Auk\u0161tos kokyb\u0117s \u201eMitsubishi\u201c servo variklis, programuojamas pagal u\u017eduot\u012f<\/p><p>Pozicionavimo tikslumas \u00b10,01 mm<\/p><p>Stalo skersmuo 300 mm, maksimali apkrova 30 kg<\/p><p>S\u0105saja su robotu per I\/O signalus arba duomen\u0173 magistral\u0119<\/p><p>U\u017etikrintas patikimumas \u2013 perkrovos ar gedimo atveju \u012frenginys sustoja<\/p><p>Tvirta mechani\u0161kai apdirbta plienin\u0117 konstrukcija<\/p><p>Gali b\u016bti gaminama skirting\u0173 dyd\u017ei\u0173 pagal kliento poreikius. Galime pad\u0117ti integruoti platform\u0105 \u012f j\u016bs\u0173 roboto sistem\u0105.<\/p>\t\t\t\t\t\t\t\t<\/div>\n\t\t\t\t<\/div>\n\t\t\t\t\t<\/div>\n\t\t<\/div>\n\t\t\t\t\t<\/div>\n\t\t<\/section>\n\t\t\t\t<section class=\"elementor-section elementor-top-section elementor-element elementor-element-fa77015 elementor-section-boxed elementor-section-height-default elementor-section-height-default\" data-id=\"fa77015\" data-element_type=\"section\" data-e-type=\"section\">\n\t\t\t\t\t\t<div class=\"elementor-container elementor-column-gap-default\">\n\t\t\t\t\t<div class=\"elementor-column elementor-col-50 elementor-top-column elementor-element elementor-element-6bfa88d\" data-id=\"6bfa88d\" data-element_type=\"column\" data-e-type=\"column\">\n\t\t\t<div class=\"elementor-widget-wrap elementor-element-populated\">\n\t\t\t\t\t\t<div class=\"elementor-element elementor-element-2c408d7 elementor-widget elementor-widget-image\" data-id=\"2c408d7\" data-element_type=\"widget\" data-e-type=\"widget\" data-widget_type=\"image.default\">\n\t\t\t\t<div class=\"elementor-widget-container\">\n\t\t\t\t\t\t\t\t\t\t\t\t\t\t\t<img loading=\"lazy\" decoding=\"async\" width=\"800\" height=\"600\" src=\"https:\/\/sartsmetal.ee\/wp-content\/uploads\/2025\/06\/kapp-1024x768.jpg\" class=\"attachment-large size-large wp-image-4467\" alt=\"\" srcset=\"https:\/\/sartsmetal.ee\/wp-content\/uploads\/2025\/06\/kapp-1024x768.jpg 1024w, https:\/\/sartsmetal.ee\/wp-content\/uploads\/2025\/06\/kapp-300x225.jpg 300w, https:\/\/sartsmetal.ee\/wp-content\/uploads\/2025\/06\/kapp-768x576.jpg 768w, https:\/\/sartsmetal.ee\/wp-content\/uploads\/2025\/06\/kapp-1536x1152.jpg 1536w, https:\/\/sartsmetal.ee\/wp-content\/uploads\/2025\/06\/kapp-2048x1536.jpg 2048w, https:\/\/sartsmetal.ee\/wp-content\/uploads\/2025\/06\/kapp-16x12.jpg 16w, https:\/\/sartsmetal.ee\/wp-content\/uploads\/2025\/06\/kapp-600x450.jpg 600w\" sizes=\"(max-width: 800px) 100vw, 800px\" \/>\t\t\t\t\t\t\t\t\t\t\t\t\t\t\t<\/div>\n\t\t\t\t<\/div>\n\t\t\t\t\t<\/div>\n\t\t<\/div>\n\t\t\t\t<div class=\"elementor-column elementor-col-50 elementor-top-column elementor-element elementor-element-5765562\" data-id=\"5765562\" data-element_type=\"column\" data-e-type=\"column\">\n\t\t\t<div class=\"elementor-widget-wrap elementor-element-populated\">\n\t\t\t\t\t\t<div class=\"elementor-element elementor-element-ee97c72 elementor-widget elementor-widget-heading\" data-id=\"ee97c72\" data-element_type=\"widget\" data-e-type=\"widget\" data-widget_type=\"heading.default\">\n\t\t\t\t<div class=\"elementor-widget-container\">\n\t\t\t\t\t<h2 class=\"elementor-heading-title elementor-size-default\">Universalus \u0161lifavimo griebtuvas robotui<\/h2>\t\t\t\t<\/div>\n\t\t\t\t<\/div>\n\t\t\t\t<div class=\"elementor-element elementor-element-fd6ed68 elementor-widget elementor-widget-text-editor\" data-id=\"fd6ed68\" data-element_type=\"widget\" data-e-type=\"widget\" data-widget_type=\"text-editor.default\">\n\t\t\t\t<div class=\"elementor-widget-container\">\n\t\t\t\t\t\t\t\t\t<p>Universalus \u0161lifavimo griebtuvas ma\u017eesn\u0117ms detal\u0117ms. Griebtuvo \u017enypl\u0117s apdirbamos pagal ruo\u0161inio form\u0105. Pneumatinis Z a\u0161ies kompensatorius u\u017etikrina tolygi\u0105 \u0161lifavimo j\u0117g\u0105 ir pakartojam\u0105 rezultat\u0105.<\/p><p>Flan\u0161as ISO 9409-63 mm<\/p><p>\u201eSchunk\u201c pneumatinis griebtuvas<\/p><p>\u201eSchunk\u201c Z a\u0161ies kompensatorius, reguliuojamas sl\u0117gis<\/p><p>Specialios griebtuvo \u017enypl\u0117s pagal detal\u0119<\/p>\t\t\t\t\t\t\t\t<\/div>\n\t\t\t\t<\/div>\n\t\t\t\t\t<\/div>\n\t\t<\/div>\n\t\t\t\t\t<\/div>\n\t\t<\/section>\n\t\t\t\t<\/div>","protected":false},"excerpt":{"rendered":"<p>Robot lihvimine Automatiseeritud lihvimisrakk Pakume automaatse lihvimisraku projekteerimist ja paigaldust. Esmalt anal\u00fc\u00fcsitakse l\u00e4hte\u00fclesannet ja p\u00fcstitatakse peamised KPI\u00b4id, seej\u00e4rel teostatakse esialgne tasuvusarvutus. Lootusrikka projekti puhul eeldatav tasuvusaeg 1-3 aastat. Meie p\u00e4devusse kuulub: -Olemasoleva protsessi kaardistamine ja KPI\u00b4de m\u00e4\u00e4ramine. Materjalivoo kaardistamine. Ts\u00fckliaegade anal\u00fc\u00fcs. -Tehniliste lahenduste v\u00e4lja t\u00f6\u00f6tamine sealhulgas detailide s\u00f6\u00f6tur-v\u00e4ljaviimis mehhanismid, detailide haaramine, lihvmasina valik, roboti valik. [&hellip;]<\/p>\n","protected":false},"author":9,"featured_media":0,"parent":0,"menu_order":0,"comment_status":"closed","ping_status":"closed","template":"","meta":{"_monsterinsights_skip_tracking":false,"_monsterinsights_sitenote_active":false,"_monsterinsights_sitenote_note":"","_monsterinsights_sitenote_category":0,"footnotes":""},"class_list":["post-4518","page","type-page","status-publish","hentry"],"_links":{"self":[{"href":"https:\/\/sartsmetal.ee\/lt\/wp-json\/wp\/v2\/pages\/4518","targetHints":{"allow":["GET"]}}],"collection":[{"href":"https:\/\/sartsmetal.ee\/lt\/wp-json\/wp\/v2\/pages"}],"about":[{"href":"https:\/\/sartsmetal.ee\/lt\/wp-json\/wp\/v2\/types\/page"}],"author":[{"embeddable":true,"href":"https:\/\/sartsmetal.ee\/lt\/wp-json\/wp\/v2\/users\/9"}],"replies":[{"embeddable":true,"href":"https:\/\/sartsmetal.ee\/lt\/wp-json\/wp\/v2\/comments?post=4518"}],"version-history":[{"count":5,"href":"https:\/\/sartsmetal.ee\/lt\/wp-json\/wp\/v2\/pages\/4518\/revisions"}],"predecessor-version":[{"id":4680,"href":"https:\/\/sartsmetal.ee\/lt\/wp-json\/wp\/v2\/pages\/4518\/revisions\/4680"}],"wp:attachment":[{"href":"https:\/\/sartsmetal.ee\/lt\/wp-json\/wp\/v2\/media?parent=4518"}],"curies":[{"name":"wp","href":"https:\/\/api.w.org\/{rel}","templated":true}]}}