{"id":3424,"date":"2024-11-22T14:58:38","date_gmt":"2024-11-22T12:58:38","guid":{"rendered":"https:\/\/sartsmetal.ee\/?post_type=product&#038;p=3424"},"modified":"2026-02-18T09:53:46","modified_gmt":"2026-02-18T07:53:46","slug":"sarts-combimaster","status":"publish","type":"product","link":"https:\/\/sartsmetal.ee\/lt\/toode\/sarts-combimaster\/","title":{"rendered":"Sarts Combimaster"},"content":{"rendered":"<p>Combimaster sukurtas peili\u0173 meistrams ir preciziniams amatininkams. \u0160is modelis suteikia daugiau galimybi\u0173 tiksliam darbui. Greito voleli\u0173 keitimo sistema leid\u017eia \u0161lifuoti \u012fvairius spindulius ir griovelius. Naudojant 100 mm gumin\u012f volel\u012f galima pasiekti lygesn\u012f pavir\u0161i\u0173. Trij\u0173 pad\u0117\u010di\u0173 reguliuojamas darbo stalas leid\u017eia pasirinkti skirtingus \u0161lifavimo kampus ir pozicijas. Grei\u010dio reguliavimas ypa\u010d naudingas galandinant bei apdirbant skirtingas med\u017eiagas. Galima papildomai montuoti didel\u012f gumin\u012f kontaktin\u012f volel\u012f arba pavir\u0161iaus \u0161lifavimo pried\u0105.<\/p>\n<ul>\n<li>50 \u00d7 1500 juosta (patvaresn\u0117)<\/li>\n<li>Sukamasis ma\u017e\u0173 voleli\u0173 laikiklis (20, 30, 40 mm)<\/li>\n<li>3 pad\u0117\u010di\u0173 reguliuojamas darbo stalas (iki 15\u00b0 galandinimui)<\/li>\n<li>100 mm guminis volel\u012fs<\/li>\n<li>Greitas juostos keitimas su fiksavimo mechanizmu<\/li>\n<li>1100 W vienfazis arba trifazis variklis<\/li>\n<li>Grei\u010dio reguliavimas (da\u017enio keitiklis)<\/li>\n<li>Galimyb\u0117 montuoti didel\u012f kontaktin\u012f volel\u012f arba pavir\u0161iaus \u0161lifavimo pried\u0105<\/li>\n<li>Pramoniniai komponentai<\/li>\n<\/ul>","protected":false},"excerpt":{"rendered":"<p>Combimaster on m\u00f5eldud noameistritele ja peen k\u00e4sit\u00f6\u00f6listele. See masin annab rohkem v\u00f5imalusi t\u00e4pseks t\u00f6\u00f6ks. Rullide p\u00f6\u00f6rdvahetajaga saab lihvida erinevaid raadiuseid ja sooni. 100mm kummirulliga lihvides on v\u00f5imalik saavutada sujuvam pind. 3-l\u00fcliga t\u00f6\u00f6laud annab palju erinevaid lihvimsnurki ja asendeid. P\u00f6\u00f6rete reguleerimine annab eelise teritamisel ja erineavete materjalide lihvimsiel. Sellele mudelile saab lisada suure kummiratta ja tasalihvimis [&hellip;]<\/p>\n","protected":false},"featured_media":1583,"template":"","meta":{"_monsterinsights_skip_tracking":false,"_monsterinsights_sitenote_active":false,"_monsterinsights_sitenote_note":"","_monsterinsights_sitenote_category":0},"product_brand":[],"product_cat":[52],"product_tag":[],"class_list":{"0":"post-3424","1":"product","2":"type-product","3":"status-publish","4":"has-post-thumbnail","6":"product_cat-masinad","8":"first","9":"instock","10":"taxable","11":"shipping-taxable","12":"purchasable","13":"product-type-variable"},"_links":{"self":[{"href":"https:\/\/sartsmetal.ee\/lt\/wp-json\/wp\/v2\/product\/3424","targetHints":{"allow":["GET"]}}],"collection":[{"href":"https:\/\/sartsmetal.ee\/lt\/wp-json\/wp\/v2\/product"}],"about":[{"href":"https:\/\/sartsmetal.ee\/lt\/wp-json\/wp\/v2\/types\/product"}],"wp:featuredmedia":[{"embeddable":true,"href":"https:\/\/sartsmetal.ee\/lt\/wp-json\/wp\/v2\/media\/1583"}],"wp:attachment":[{"href":"https:\/\/sartsmetal.ee\/lt\/wp-json\/wp\/v2\/media?parent=3424"}],"wp:term":[{"taxonomy":"product_brand","embeddable":true,"href":"https:\/\/sartsmetal.ee\/lt\/wp-json\/wp\/v2\/product_brand?post=3424"},{"taxonomy":"product_cat","embeddable":true,"href":"https:\/\/sartsmetal.ee\/lt\/wp-json\/wp\/v2\/product_cat?post=3424"},{"taxonomy":"product_tag","embeddable":true,"href":"https:\/\/sartsmetal.ee\/lt\/wp-json\/wp\/v2\/product_tag?post=3424"}],"curies":[{"name":"wp","href":"https:\/\/api.w.org\/{rel}","templated":true}]}}