{"id":3470,"date":"2024-11-26T14:19:47","date_gmt":"2024-11-26T12:19:47","guid":{"rendered":"https:\/\/sartsmetal.ee\/?post_type=product&#038;p=3470"},"modified":"2026-04-16T21:25:32","modified_gmt":"2026-04-16T18:25:32","slug":"sarts-pro-revolver","status":"publish","type":"product","link":"https:\/\/sartsmetal.ee\/lt\/toode\/sarts-pro-revolver\/","title":{"rendered":"Sarts pro revolver"},"content":{"rendered":"<p>Skirtas gamybai arba ma\u017eoms metalo apdirbimo dirbtuv\u0117ms. Skirtumas nuo Pro modelio \u2013 sukamasis ma\u017e\u0173 voleli\u0173 laikiklis, suteikiantis prana\u0161um\u0105 formuojant skirtingus spindulius ir apdirbant sud\u0117tingos geometrijos detales.<\/p>\n<ul>\n<li>50 \u00d7 1220 juosta<\/li>\n<li>Sukamasis ma\u017e\u0173 voleli\u0173 laikiklis (20, 30, 40 mm)<\/li>\n<li>90\u201345\u00b0 reguliuojamas darbo stalas<\/li>\n<li>I\u0161traukiamas dulki\u0173 surinkimo skyrius<\/li>\n<li>Greitas juostos keitimas su fiksavimo mechanizmu<\/li>\n<li>1100 W vienfazis arba trifazis variklis<\/li>\n<li>1500 W trifazis variklis<\/li>\n<li>Modulin\u0117 konstrukcija<\/li>\n<li>Pramoniniai komponentai<\/li>\n<\/ul>","protected":false},"excerpt":{"rendered":"<p>See masin on m\u00f5eldud tootmisesse v\u00f5i v\u00e4iksematesse metalli-t\u00f6\u00f6kodadesse. Ainuke erinevus Pro mudeliga on see, et sellel masinal on rullide p\u00f6\u00f6rdvahetaja, mis annab eelise erinevate raadiuste lihvimisel. Parem ligip\u00e4\u00e4s keerulise kujuga detailide lihvimisel. Kompaktne ja samas v\u00f5imas lihvmasin mis sobib ideaalselt materjali eemalduseks, keevitusfaaside lihvimiseks, raadiuste lihvimiseks, kraatimiseks. Valikus ka 1.5Kw mootoriga mudel suure koormusega tootmiseks. [&hellip;]<\/p>\n","protected":false},"featured_media":1601,"template":"","meta":{"_monsterinsights_skip_tracking":false,"_monsterinsights_sitenote_active":false,"_monsterinsights_sitenote_note":"","_monsterinsights_sitenote_category":0},"product_brand":[],"product_cat":[52],"product_tag":[],"class_list":{"0":"post-3470","1":"product","2":"type-product","3":"status-publish","4":"has-post-thumbnail","6":"product_cat-masinad","8":"first","9":"instock","10":"taxable","11":"shipping-taxable","12":"purchasable","13":"product-type-variable"},"_links":{"self":[{"href":"https:\/\/sartsmetal.ee\/lt\/wp-json\/wp\/v2\/product\/3470","targetHints":{"allow":["GET"]}}],"collection":[{"href":"https:\/\/sartsmetal.ee\/lt\/wp-json\/wp\/v2\/product"}],"about":[{"href":"https:\/\/sartsmetal.ee\/lt\/wp-json\/wp\/v2\/types\/product"}],"wp:featuredmedia":[{"embeddable":true,"href":"https:\/\/sartsmetal.ee\/lt\/wp-json\/wp\/v2\/media\/1601"}],"wp:attachment":[{"href":"https:\/\/sartsmetal.ee\/lt\/wp-json\/wp\/v2\/media?parent=3470"}],"wp:term":[{"taxonomy":"product_brand","embeddable":true,"href":"https:\/\/sartsmetal.ee\/lt\/wp-json\/wp\/v2\/product_brand?post=3470"},{"taxonomy":"product_cat","embeddable":true,"href":"https:\/\/sartsmetal.ee\/lt\/wp-json\/wp\/v2\/product_cat?post=3470"},{"taxonomy":"product_tag","embeddable":true,"href":"https:\/\/sartsmetal.ee\/lt\/wp-json\/wp\/v2\/product_tag?post=3470"}],"curies":[{"name":"wp","href":"https:\/\/api.w.org\/{rel}","templated":true}]}}