{"id":4335,"date":"2025-01-06T16:30:12","date_gmt":"2025-01-06T14:30:12","guid":{"rendered":"https:\/\/sartsmetal.ee\/?post_type=product&#038;p=4335"},"modified":"2026-04-09T08:21:20","modified_gmt":"2026-04-09T05:21:20","slug":"lihvlint-vsm-xk870x-ceramic-g60","status":"publish","type":"product","link":"https:\/\/sartsmetal.ee\/lt\/toode\/lihvlint-vsm-xk870x-ceramic-g60\/","title":{"rendered":"VSM XK870X Ceramic 60"},"content":{"rendered":"<p>Keramin\u0117 \u0161lifavimo juosta, puikiai tinkanti sunkiai apdirbamiems anglies ir legiruotiems plienams. Taip pat tinka aliuminiui. \u017dymiai suma\u017eina \u0161lifavimo metu susidaran\u010di\u0105 \u0161ilum\u0105. Patvaresn\u0117 nei cirkonio juostos. Keraminiai gr\u016bdai, poliesterio audinio pagrindas.<\/p>","protected":false},"excerpt":{"rendered":"<p>Keramin\u0117 \u0161lifavimo juosta, puikiai tinkanti sunkiai apdirbamiems anglies ir legiruotiems plienams. Taip pat tinka aliuminiui. \u017dymiai suma\u017eina \u0161lifavimo metu susidaran\u010di\u0105 \u0161ilum\u0105. Patvaresn\u0117 nei cirkonio juostos. Keraminiai gr\u016bdai, poliesterio audinio pagrindas.<\/p>","protected":false},"featured_media":4338,"template":"","meta":{"_monsterinsights_skip_tracking":false,"_monsterinsights_sitenote_active":false,"_monsterinsights_sitenote_note":"","_monsterinsights_sitenote_category":0},"product_brand":[],"product_cat":[54],"product_tag":[],"class_list":{"0":"post-4335","1":"product","2":"type-product","3":"status-publish","4":"has-post-thumbnail","6":"product_cat-lindid","8":"first","9":"instock","10":"taxable","11":"shipping-taxable","12":"purchasable","13":"product-type-variable"},"_links":{"self":[{"href":"https:\/\/sartsmetal.ee\/lt\/wp-json\/wp\/v2\/product\/4335","targetHints":{"allow":["GET"]}}],"collection":[{"href":"https:\/\/sartsmetal.ee\/lt\/wp-json\/wp\/v2\/product"}],"about":[{"href":"https:\/\/sartsmetal.ee\/lt\/wp-json\/wp\/v2\/types\/product"}],"wp:featuredmedia":[{"embeddable":true,"href":"https:\/\/sartsmetal.ee\/lt\/wp-json\/wp\/v2\/media\/4338"}],"wp:attachment":[{"href":"https:\/\/sartsmetal.ee\/lt\/wp-json\/wp\/v2\/media?parent=4335"}],"wp:term":[{"taxonomy":"product_brand","embeddable":true,"href":"https:\/\/sartsmetal.ee\/lt\/wp-json\/wp\/v2\/product_brand?post=4335"},{"taxonomy":"product_cat","embeddable":true,"href":"https:\/\/sartsmetal.ee\/lt\/wp-json\/wp\/v2\/product_cat?post=4335"},{"taxonomy":"product_tag","embeddable":true,"href":"https:\/\/sartsmetal.ee\/lt\/wp-json\/wp\/v2\/product_tag?post=4335"}],"curies":[{"name":"wp","href":"https:\/\/api.w.org\/{rel}","templated":true}]}}