{"id":4390,"date":"2025-01-06T17:20:34","date_gmt":"2025-01-06T15:20:34","guid":{"rendered":"https:\/\/sartsmetal.ee\/?post_type=product&#038;p=4390"},"modified":"2025-01-06T17:29:24","modified_gmt":"2025-01-06T15:29:24","slug":"teflon-seibid-2tk","status":"publish","type":"product","link":"https:\/\/sartsmetal.ee\/lt\/toode\/teflon-seibid-2tk\/","title":{"rendered":"Teflonin\u0117s pover\u017el\u0117s (2 vnt.)"},"content":{"rendered":"<p>SKF PCMW 183201.5 E. \u0160arnyro veleno pover\u017el\u0117s. Tinka visiems modeliams nuo 2022 met\u0173. Komplekte \u2013 2 vnt.<\/p>","protected":false},"excerpt":{"rendered":"<p>SKF PCMW 183201.5 E. \u0160arnyro veleno pover\u017el\u0117s. Tinka visiems modeliams nuo 2022 met\u0173. Komplekte \u2013 2 vnt.<\/p>","protected":false},"featured_media":4391,"template":"","meta":{"_monsterinsights_skip_tracking":false,"_monsterinsights_sitenote_active":false,"_monsterinsights_sitenote_note":"","_monsterinsights_sitenote_category":0},"product_brand":[],"product_cat":[53],"product_tag":[],"class_list":{"0":"post-4390","1":"product","2":"type-product","3":"status-publish","4":"has-post-thumbnail","6":"product_cat-varuosad","8":"first","9":"instock","10":"taxable","11":"shipping-taxable","12":"purchasable","13":"product-type-simple"},"_links":{"self":[{"href":"https:\/\/sartsmetal.ee\/lt\/wp-json\/wp\/v2\/product\/4390","targetHints":{"allow":["GET"]}}],"collection":[{"href":"https:\/\/sartsmetal.ee\/lt\/wp-json\/wp\/v2\/product"}],"about":[{"href":"https:\/\/sartsmetal.ee\/lt\/wp-json\/wp\/v2\/types\/product"}],"wp:featuredmedia":[{"embeddable":true,"href":"https:\/\/sartsmetal.ee\/lt\/wp-json\/wp\/v2\/media\/4391"}],"wp:attachment":[{"href":"https:\/\/sartsmetal.ee\/lt\/wp-json\/wp\/v2\/media?parent=4390"}],"wp:term":[{"taxonomy":"product_brand","embeddable":true,"href":"https:\/\/sartsmetal.ee\/lt\/wp-json\/wp\/v2\/product_brand?post=4390"},{"taxonomy":"product_cat","embeddable":true,"href":"https:\/\/sartsmetal.ee\/lt\/wp-json\/wp\/v2\/product_cat?post=4390"},{"taxonomy":"product_tag","embeddable":true,"href":"https:\/\/sartsmetal.ee\/lt\/wp-json\/wp\/v2\/product_tag?post=4390"}],"curies":[{"name":"wp","href":"https:\/\/api.w.org\/{rel}","templated":true}]}}