{"id":4470,"date":"2025-06-22T19:30:25","date_gmt":"2025-06-22T16:30:25","guid":{"rendered":"https:\/\/sartsmetal.ee\/?post_type=product&#038;p=4470"},"modified":"2025-06-22T19:41:18","modified_gmt":"2025-06-22T16:41:18","slug":"rullide-poordvahetaja","status":"publish","type":"product","link":"https:\/\/sartsmetal.ee\/lt\/toode\/rullide-poordvahetaja\/","title":{"rendered":"Sukamieji ma\u017ei voleliai"},"content":{"rendered":"<p>Tinka Pro Revolver ir Combimaster modeliams, pagamintiems nuo 2023 met\u0173. Komplekt\u0105 sudaro 20 mm, 30 mm ir 40 mm voleliai.\u00a0<\/p>","protected":false},"excerpt":{"rendered":"<p>Tinka Pro Revolver ir Combimaster modeliams, pagamintiems nuo 2023 met\u0173. Komplekt\u0105 sudaro 20 mm, 30 mm ir 40 mm voleliai.\u00a0<\/p>","protected":false},"featured_media":4471,"template":"","meta":{"_monsterinsights_skip_tracking":false,"_monsterinsights_sitenote_active":false,"_monsterinsights_sitenote_note":"","_monsterinsights_sitenote_category":0},"product_brand":[],"product_cat":[53],"product_tag":[],"class_list":{"0":"post-4470","1":"product","2":"type-product","3":"status-publish","4":"has-post-thumbnail","6":"product_cat-varuosad","8":"first","9":"instock","10":"taxable","11":"shipping-taxable","12":"purchasable","13":"product-type-simple"},"_links":{"self":[{"href":"https:\/\/sartsmetal.ee\/lt\/wp-json\/wp\/v2\/product\/4470","targetHints":{"allow":["GET"]}}],"collection":[{"href":"https:\/\/sartsmetal.ee\/lt\/wp-json\/wp\/v2\/product"}],"about":[{"href":"https:\/\/sartsmetal.ee\/lt\/wp-json\/wp\/v2\/types\/product"}],"wp:featuredmedia":[{"embeddable":true,"href":"https:\/\/sartsmetal.ee\/lt\/wp-json\/wp\/v2\/media\/4471"}],"wp:attachment":[{"href":"https:\/\/sartsmetal.ee\/lt\/wp-json\/wp\/v2\/media?parent=4470"}],"wp:term":[{"taxonomy":"product_brand","embeddable":true,"href":"https:\/\/sartsmetal.ee\/lt\/wp-json\/wp\/v2\/product_brand?post=4470"},{"taxonomy":"product_cat","embeddable":true,"href":"https:\/\/sartsmetal.ee\/lt\/wp-json\/wp\/v2\/product_cat?post=4470"},{"taxonomy":"product_tag","embeddable":true,"href":"https:\/\/sartsmetal.ee\/lt\/wp-json\/wp\/v2\/product_tag?post=4470"}],"curies":[{"name":"wp","href":"https:\/\/api.w.org\/{rel}","templated":true}]}}