{"id":4472,"date":"2025-06-22T19:33:28","date_gmt":"2025-06-22T16:33:28","guid":{"rendered":"https:\/\/sartsmetal.ee\/?post_type=product&#038;p=4472"},"modified":"2025-06-22T19:41:18","modified_gmt":"2025-06-22T16:41:18","slug":"kummirullide-poordvahetaja","status":"publish","type":"product","link":"https:\/\/sartsmetal.ee\/lt\/toode\/kummirullide-poordvahetaja\/","title":{"rendered":"Gumuoti sukamieji ma\u017ei voleliai"},"content":{"rendered":"<p>Tinka Pro Revolver ir Combimaster modeliams, pagamintiems nuo 2023 met\u0173. Komplekt\u0105 sudaro 22 mm, 30 mm ir 40 mm voleliai. Voleliai padengti poliuretano guma, kuri u\u017etikrina geresn\u0119 pavir\u0161iaus kokyb\u0119 \u0161lifuojant. Rekomenduojama dirbti ma\u017eu grei\u010diu, tod\u0117l reikalingas da\u017enio keitiklis.<\/p>","protected":false},"excerpt":{"rendered":"<p>Tinka Pro Revolver ir Combimaster modeliams, pagamintiems nuo 2023 met\u0173. Komplekt\u0105 sudaro 22 mm, 30 mm ir 40 mm voleliai. Voleliai padengti poliuretano guma, kuri u\u017etikrina geresn\u0119 pavir\u0161iaus kokyb\u0119 \u0161lifuojant. Rekomenduojama dirbti ma\u017eu grei\u010diu, tod\u0117l reikalingas da\u017enio keitiklis.<\/p>","protected":false},"featured_media":4473,"template":"","meta":{"_monsterinsights_skip_tracking":false,"_monsterinsights_sitenote_active":false,"_monsterinsights_sitenote_note":"","_monsterinsights_sitenote_category":0},"product_brand":[],"product_cat":[53],"product_tag":[],"class_list":{"0":"post-4472","1":"product","2":"type-product","3":"status-publish","4":"has-post-thumbnail","6":"product_cat-varuosad","8":"first","9":"instock","10":"taxable","11":"shipping-taxable","12":"purchasable","13":"product-type-simple"},"_links":{"self":[{"href":"https:\/\/sartsmetal.ee\/lt\/wp-json\/wp\/v2\/product\/4472","targetHints":{"allow":["GET"]}}],"collection":[{"href":"https:\/\/sartsmetal.ee\/lt\/wp-json\/wp\/v2\/product"}],"about":[{"href":"https:\/\/sartsmetal.ee\/lt\/wp-json\/wp\/v2\/types\/product"}],"wp:featuredmedia":[{"embeddable":true,"href":"https:\/\/sartsmetal.ee\/lt\/wp-json\/wp\/v2\/media\/4473"}],"wp:attachment":[{"href":"https:\/\/sartsmetal.ee\/lt\/wp-json\/wp\/v2\/media?parent=4472"}],"wp:term":[{"taxonomy":"product_brand","embeddable":true,"href":"https:\/\/sartsmetal.ee\/lt\/wp-json\/wp\/v2\/product_brand?post=4472"},{"taxonomy":"product_cat","embeddable":true,"href":"https:\/\/sartsmetal.ee\/lt\/wp-json\/wp\/v2\/product_cat?post=4472"},{"taxonomy":"product_tag","embeddable":true,"href":"https:\/\/sartsmetal.ee\/lt\/wp-json\/wp\/v2\/product_tag?post=4472"}],"curies":[{"name":"wp","href":"https:\/\/api.w.org\/{rel}","templated":true}]}}