{"id":4684,"date":"2025-11-23T14:19:35","date_gmt":"2025-11-23T12:19:35","guid":{"rendered":"https:\/\/sartsmetal.ee\/?post_type=product&#038;p=4684"},"modified":"2026-04-11T21:37:23","modified_gmt":"2026-04-11T18:37:23","slug":"lihvmasina-alus","status":"publish","type":"product","link":"https:\/\/sartsmetal.ee\/lt\/toode\/lihvmasina-alus\/","title":{"rendered":"\u012erenginio stovas"},"content":{"rendered":"<p>Auk\u0161tis nuo grind\u0173: 820\u2013920 mm. Svoris apie 35 kg. Reguliuojamas auk\u0161tis. Montavimo pavir\u0161ius pavir\u0161iaus \u0161lifavimo priedui. \u0160onuose kabliai juostoms pakabinti. Galimas su ratukais arba gumin\u0117mis kojel\u0117mis.<\/p>","protected":false},"excerpt":{"rendered":"<p>Auk\u0161tis nuo grind\u0173: 820\u2013920 mm. Svoris apie 35 kg. Reguliuojamas auk\u0161tis. Montavimo pavir\u0161ius pavir\u0161iaus \u0161lifavimo priedui. \u0160onuose kabliai juostoms pakabinti. Galimas su ratukais arba gumin\u0117mis kojel\u0117mis.<\/p>","protected":false},"featured_media":4685,"template":"","meta":{"_monsterinsights_skip_tracking":false,"_monsterinsights_sitenote_active":false,"_monsterinsights_sitenote_note":"","_monsterinsights_sitenote_category":0},"product_brand":[],"product_cat":[62],"product_tag":[],"class_list":{"0":"post-4684","1":"product","2":"type-product","3":"status-publish","4":"has-post-thumbnail","6":"product_cat-lisad-masinatele","8":"first","9":"instock","10":"taxable","11":"shipping-taxable","12":"purchasable","13":"product-type-variable"},"_links":{"self":[{"href":"https:\/\/sartsmetal.ee\/lt\/wp-json\/wp\/v2\/product\/4684","targetHints":{"allow":["GET"]}}],"collection":[{"href":"https:\/\/sartsmetal.ee\/lt\/wp-json\/wp\/v2\/product"}],"about":[{"href":"https:\/\/sartsmetal.ee\/lt\/wp-json\/wp\/v2\/types\/product"}],"wp:featuredmedia":[{"embeddable":true,"href":"https:\/\/sartsmetal.ee\/lt\/wp-json\/wp\/v2\/media\/4685"}],"wp:attachment":[{"href":"https:\/\/sartsmetal.ee\/lt\/wp-json\/wp\/v2\/media?parent=4684"}],"wp:term":[{"taxonomy":"product_brand","embeddable":true,"href":"https:\/\/sartsmetal.ee\/lt\/wp-json\/wp\/v2\/product_brand?post=4684"},{"taxonomy":"product_cat","embeddable":true,"href":"https:\/\/sartsmetal.ee\/lt\/wp-json\/wp\/v2\/product_cat?post=4684"},{"taxonomy":"product_tag","embeddable":true,"href":"https:\/\/sartsmetal.ee\/lt\/wp-json\/wp\/v2\/product_tag?post=4684"}],"curies":[{"name":"wp","href":"https:\/\/api.w.org\/{rel}","templated":true}]}}