{"id":4518,"date":"2025-11-03T13:24:58","date_gmt":"2025-11-03T11:24:58","guid":{"rendered":"https:\/\/sartsmetal.ee\/?page_id=4518"},"modified":"2025-11-04T12:30:15","modified_gmt":"2025-11-04T10:30:15","slug":"robot-lihvimine","status":"publish","type":"page","link":"https:\/\/sartsmetal.ee\/lv\/robot-lihvimine\/","title":{"rendered":"Robotu sl\u012bp\u0113\u0161ana"},"content":{"rendered":"<div data-elementor-type=\"wp-page\" data-elementor-id=\"4518\" class=\"elementor elementor-4518\" data-elementor-post-type=\"page\">\n\t\t\t\t\t\t<section class=\"elementor-section elementor-top-section elementor-element elementor-element-c160d1b elementor-section-boxed elementor-section-height-default elementor-section-height-default\" data-id=\"c160d1b\" data-element_type=\"section\" data-e-type=\"section\" data-settings=\"{&quot;background_background&quot;:&quot;classic&quot;}\">\n\t\t\t\t\t\t\t<div class=\"elementor-background-overlay\"><\/div>\n\t\t\t\t\t\t\t<div class=\"elementor-container elementor-column-gap-default\">\n\t\t\t\t\t<div class=\"elementor-column elementor-col-33 elementor-top-column elementor-element elementor-element-8f74294\" data-id=\"8f74294\" data-element_type=\"column\" data-e-type=\"column\">\n\t\t\t<div class=\"elementor-widget-wrap\">\n\t\t\t\t\t\t\t<\/div>\n\t\t<\/div>\n\t\t\t\t<div class=\"elementor-column elementor-col-33 elementor-top-column elementor-element elementor-element-e1183b5\" data-id=\"e1183b5\" data-element_type=\"column\" data-e-type=\"column\">\n\t\t\t<div class=\"elementor-widget-wrap elementor-element-populated\">\n\t\t\t\t\t\t<div class=\"elementor-element elementor-element-1b8f34e elementor-widget elementor-widget-heading\" data-id=\"1b8f34e\" data-element_type=\"widget\" data-e-type=\"widget\" data-widget_type=\"heading.default\">\n\t\t\t\t<div class=\"elementor-widget-container\">\n\t\t\t\t\t<h1 class=\"elementor-heading-title elementor-size-default\">Robotu sl\u012bp\u0113\u0161ana<\/h1>\t\t\t\t<\/div>\n\t\t\t\t<\/div>\n\t\t\t\t\t<\/div>\n\t\t<\/div>\n\t\t\t\t<div class=\"elementor-column elementor-col-33 elementor-top-column elementor-element elementor-element-62d39f3\" data-id=\"62d39f3\" data-element_type=\"column\" data-e-type=\"column\">\n\t\t\t<div class=\"elementor-widget-wrap\">\n\t\t\t\t\t\t\t<\/div>\n\t\t<\/div>\n\t\t\t\t\t<\/div>\n\t\t<\/section>\n\t\t\t\t<section class=\"elementor-section elementor-top-section elementor-element elementor-element-0496ec3 elementor-section-boxed elementor-section-height-default elementor-section-height-default\" data-id=\"0496ec3\" data-element_type=\"section\" data-e-type=\"section\">\n\t\t\t\t\t\t<div class=\"elementor-container elementor-column-gap-default\">\n\t\t\t\t\t<div class=\"elementor-column elementor-col-50 elementor-top-column elementor-element elementor-element-a2f9df3\" data-id=\"a2f9df3\" data-element_type=\"column\" data-e-type=\"column\">\n\t\t\t<div class=\"elementor-widget-wrap elementor-element-populated\">\n\t\t\t\t\t\t<div class=\"elementor-element elementor-element-9111187 elementor-widget elementor-widget-image\" data-id=\"9111187\" data-element_type=\"widget\" data-e-type=\"widget\" data-widget_type=\"image.default\">\n\t\t\t\t<div class=\"elementor-widget-container\">\n\t\t\t\t\t\t\t\t\t\t\t\t\t\t\t<img fetchpriority=\"high\" decoding=\"async\" width=\"800\" height=\"589\" src=\"https:\/\/sartsmetal.ee\/wp-content\/uploads\/2025\/06\/1.png\" class=\"attachment-large size-large wp-image-4469\" alt=\"\" srcset=\"https:\/\/sartsmetal.ee\/wp-content\/uploads\/2025\/06\/1.png 888w, https:\/\/sartsmetal.ee\/wp-content\/uploads\/2025\/06\/1-300x221.png 300w, https:\/\/sartsmetal.ee\/wp-content\/uploads\/2025\/06\/1-768x566.png 768w, https:\/\/sartsmetal.ee\/wp-content\/uploads\/2025\/06\/1-16x12.png 16w, https:\/\/sartsmetal.ee\/wp-content\/uploads\/2025\/06\/1-600x442.png 600w\" sizes=\"(max-width: 800px) 100vw, 800px\" \/>\t\t\t\t\t\t\t\t\t\t\t\t\t\t\t<\/div>\n\t\t\t\t<\/div>\n\t\t\t\t\t<\/div>\n\t\t<\/div>\n\t\t\t\t<div class=\"elementor-column elementor-col-50 elementor-top-column elementor-element elementor-element-3cd88eb\" data-id=\"3cd88eb\" data-element_type=\"column\" data-e-type=\"column\">\n\t\t\t<div class=\"elementor-widget-wrap elementor-element-populated\">\n\t\t\t\t\t\t<div class=\"elementor-element elementor-element-e83d17d elementor-widget elementor-widget-heading\" data-id=\"e83d17d\" data-element_type=\"widget\" data-e-type=\"widget\" data-widget_type=\"heading.default\">\n\t\t\t\t<div class=\"elementor-widget-container\">\n\t\t\t\t\t<h2 class=\"elementor-heading-title elementor-size-default\">Automatiz\u0113ta sl\u012bp\u0113\u0161anas \u0161\u016bna<\/h2>\t\t\t\t<\/div>\n\t\t\t\t<\/div>\n\t\t\t\t<div class=\"elementor-element elementor-element-3a3e1e6 elementor-widget elementor-widget-text-editor\" data-id=\"3a3e1e6\" data-element_type=\"widget\" data-e-type=\"widget\" data-widget_type=\"text-editor.default\">\n\t\t\t\t<div class=\"elementor-widget-container\">\n\t\t\t\t\t\t\t\t\t<p>Pied\u0101v\u0101jam automatiz\u0113tu sl\u012bp\u0113\u0161anas \u0161\u016bnu projekt\u0113\u0161anu un uzst\u0101d\u012b\u0161anu. S\u0101kotn\u0113ji tiek analiz\u0113ta eso\u0161\u0101 situ\u0101cija un noteikti galvenie veiktsp\u0113jas r\u0101d\u012bt\u0101ji (KPI), p\u0113c tam veikta s\u0101kotn\u0113j\u0101 izmaksu\u2013ieguvumu anal\u012bze. Perspekt\u012bvos projektos paredzamais invest\u012bciju atmaks\u0101\u0161an\u0101s periods ir 1\u20133 gadi.\n\nM\u016bsu kompetenc\u0113 ietilpst:<\/p><p>Eso\u0161\u0101 procesa kart\u0113\u0161ana un KPI defin\u0113\u0161ana. Materi\u0101lu pl\u016bsmas kart\u0113\u0161ana. Cikla laiku anal\u012bze.<\/p><p>Tehnisko risin\u0101jumu izstr\u0101de (padeves meh\u0101nismi, deta\u013cu satver\u0161ana, sl\u012bp\u0113\u0161anas iek\u0101rtas un robota izv\u0113le)<\/p><p>Ra\u017eo\u0161anas \u0161\u016bnas simul\u0101cija ar re\u0101liem cikla laikiem<br \/><br \/>Iek\u0101rtu un apr\u012bkojuma projekt\u0113\u0161ana un izgatavo\u0161ana<\/p><p>Riska nov\u0113rt\u0113jums un CE atbilst\u012bba<\/p><p>Uzst\u0101d\u012b\u0161ana un integr\u0101cija ra\u017eo\u0161anas l\u012bnij\u0101<\/p><p>Apkope un programm\u0113\u0161ana<\/p><p><a href=\"https:\/\/sartsmetal.ee\/lv\/kontakt\/\">Sazinieties ar mums<\/a>, lai uzs\u0101ktu j\u016bsu r\u016bpn\u012bcas automatiz\u0101ciju!<\/p>\t\t\t\t\t\t\t\t<\/div>\n\t\t\t\t<\/div>\n\t\t\t\t\t<\/div>\n\t\t<\/div>\n\t\t\t\t\t<\/div>\n\t\t<\/section>\n\t\t\t\t<section class=\"elementor-section elementor-top-section elementor-element elementor-element-226955f elementor-section-boxed elementor-section-height-default elementor-section-height-default\" data-id=\"226955f\" data-element_type=\"section\" data-e-type=\"section\">\n\t\t\t\t\t\t<div class=\"elementor-container elementor-column-gap-default\">\n\t\t\t\t\t<div class=\"elementor-column elementor-col-50 elementor-top-column elementor-element elementor-element-28296c5\" data-id=\"28296c5\" data-element_type=\"column\" data-e-type=\"column\">\n\t\t\t<div class=\"elementor-widget-wrap elementor-element-populated\">\n\t\t\t\t\t\t<div class=\"elementor-element elementor-element-322d647 elementor-widget elementor-widget-image\" data-id=\"322d647\" data-element_type=\"widget\" data-e-type=\"widget\" data-widget_type=\"image.default\">\n\t\t\t\t<div class=\"elementor-widget-container\">\n\t\t\t\t\t\t\t\t\t\t\t\t\t\t\t<img decoding=\"async\" width=\"786\" height=\"812\" src=\"https:\/\/sartsmetal.ee\/wp-content\/uploads\/2025\/04\/jubin1PNG.png\" class=\"attachment-large size-large wp-image-4420\" alt=\"\" srcset=\"https:\/\/sartsmetal.ee\/wp-content\/uploads\/2025\/04\/jubin1PNG.png 786w, https:\/\/sartsmetal.ee\/wp-content\/uploads\/2025\/04\/jubin1PNG-290x300.png 290w, https:\/\/sartsmetal.ee\/wp-content\/uploads\/2025\/04\/jubin1PNG-768x793.png 768w, https:\/\/sartsmetal.ee\/wp-content\/uploads\/2025\/04\/jubin1PNG-12x12.png 12w, https:\/\/sartsmetal.ee\/wp-content\/uploads\/2025\/04\/jubin1PNG-600x620.png 600w\" sizes=\"(max-width: 786px) 100vw, 786px\" \/>\t\t\t\t\t\t\t\t\t\t\t\t\t\t\t<\/div>\n\t\t\t\t<\/div>\n\t\t\t\t\t<\/div>\n\t\t<\/div>\n\t\t\t\t<div class=\"elementor-column elementor-col-50 elementor-top-column elementor-element elementor-element-9287e31\" data-id=\"9287e31\" data-element_type=\"column\" data-e-type=\"column\">\n\t\t\t<div class=\"elementor-widget-wrap elementor-element-populated\">\n\t\t\t\t\t\t<div class=\"elementor-element elementor-element-7feed1b elementor-widget elementor-widget-heading\" data-id=\"7feed1b\" data-element_type=\"widget\" data-e-type=\"widget\" data-widget_type=\"heading.default\">\n\t\t\t\t<div class=\"elementor-widget-container\">\n\t\t\t\t\t<h2 class=\"elementor-heading-title elementor-size-default\">Pneimatisk\u0101 sl\u012bpma\u0161\u012bna robotam 10\u00d7330\n<\/h2>\t\t\t\t<\/div>\n\t\t\t\t<\/div>\n\t\t\t\t<div class=\"elementor-element elementor-element-25f57f9 elementor-widget elementor-widget-text-editor\" data-id=\"25f57f9\" data-element_type=\"widget\" data-e-type=\"widget\" data-widget_type=\"text-editor.default\">\n\t\t\t\t<div class=\"elementor-widget-container\">\n\t\t\t\t\t\t\t\t\t<p>Pneimatisk\u0101 sl\u012bpma\u0161\u012bna industri\u0101lajiem un sadarb\u012bbas robotiem.<br \/>Piem\u0113rota sl\u012bp\u0113\u0161anai, atskabargu no\u0146em\u0161anai un malu noapa\u013co\u0161anai da\u017e\u0101d\u0101m deta\u013c\u0101m.<br \/>Regul\u0113jama darba galva<br \/>Spiediens: 0,6 MPa<br \/>Pneimatiskais piesl\u0113gums NPT 1\/4, atloks ISO 9409-63 mm\u00a0<br \/>Maks. \u0101trums: 20 000 apgr.\/min<br \/>Nepiecie\u0161amais gaisa pat\u0113ri\u0146\u0161: 200 l\/min<br \/>Ra\u017eots Igaunij\u0101<\/p><p>Pieg\u0101d\u0101jam augstas kvalit\u0101tes sl\u012bplentes da\u017e\u0101diem materi\u0101liem (met\u0101ls, koks, stikls u.c.).<\/p><p>Ir iesp\u0113ja izgatavot atloku, kas atbilst j\u016bsu robotam. Nepiecie\u0161am\u012bbas gad\u012bjum\u0101 pal\u012bdzam ar integr\u0101ciju robota sist\u0113m\u0101.<br \/>Pied\u0101v\u0101jam ar\u012b speci\u0101lu instrumentu projekt\u0113\u0161anu un izgatavo\u0161anu atbilsto\u0161i klienta pras\u012bb\u0101m.<\/p>\t\t\t\t\t\t\t\t<\/div>\n\t\t\t\t<\/div>\n\t\t\t\t\t<\/div>\n\t\t<\/div>\n\t\t\t\t\t<\/div>\n\t\t<\/section>\n\t\t\t\t<section class=\"elementor-section elementor-top-section elementor-element elementor-element-0763a1d elementor-section-boxed elementor-section-height-default elementor-section-height-default\" data-id=\"0763a1d\" data-element_type=\"section\" data-e-type=\"section\">\n\t\t\t\t\t\t<div class=\"elementor-container elementor-column-gap-default\">\n\t\t\t\t\t<div class=\"elementor-column elementor-col-50 elementor-top-column elementor-element elementor-element-88f9c68\" data-id=\"88f9c68\" data-element_type=\"column\" data-e-type=\"column\">\n\t\t\t<div class=\"elementor-widget-wrap elementor-element-populated\">\n\t\t\t\t\t\t<div class=\"elementor-element elementor-element-2ae4dd4 elementor-widget elementor-widget-image\" data-id=\"2ae4dd4\" data-element_type=\"widget\" data-e-type=\"widget\" data-widget_type=\"image.default\">\n\t\t\t\t<div class=\"elementor-widget-container\">\n\t\t\t\t\t\t\t\t\t\t\t\t\t\t\t<img decoding=\"async\" width=\"800\" height=\"755\" src=\"https:\/\/sartsmetal.ee\/wp-content\/uploads\/2025\/04\/Positsioneer2PNG-1024x967.png\" class=\"attachment-large size-large wp-image-4419\" alt=\"\" srcset=\"https:\/\/sartsmetal.ee\/wp-content\/uploads\/2025\/04\/Positsioneer2PNG-1024x967.png 1024w, https:\/\/sartsmetal.ee\/wp-content\/uploads\/2025\/04\/Positsioneer2PNG-300x283.png 300w, https:\/\/sartsmetal.ee\/wp-content\/uploads\/2025\/04\/Positsioneer2PNG-768x725.png 768w, https:\/\/sartsmetal.ee\/wp-content\/uploads\/2025\/04\/Positsioneer2PNG-1536x1451.png 1536w, https:\/\/sartsmetal.ee\/wp-content\/uploads\/2025\/04\/Positsioneer2PNG-2048x1934.png 2048w, https:\/\/sartsmetal.ee\/wp-content\/uploads\/2025\/04\/Positsioneer2PNG-13x12.png 13w, https:\/\/sartsmetal.ee\/wp-content\/uploads\/2025\/04\/Positsioneer2PNG-600x567.png 600w\" sizes=\"(max-width: 800px) 100vw, 800px\" \/>\t\t\t\t\t\t\t\t\t\t\t\t\t\t\t<\/div>\n\t\t\t\t<\/div>\n\t\t\t\t\t<\/div>\n\t\t<\/div>\n\t\t\t\t<div class=\"elementor-column elementor-col-50 elementor-top-column elementor-element elementor-element-3402072\" data-id=\"3402072\" data-element_type=\"column\" data-e-type=\"column\">\n\t\t\t<div class=\"elementor-widget-wrap elementor-element-populated\">\n\t\t\t\t\t\t<div class=\"elementor-element elementor-element-feec23c elementor-widget elementor-widget-heading\" data-id=\"feec23c\" data-element_type=\"widget\" data-e-type=\"widget\" data-widget_type=\"heading.default\">\n\t\t\t\t<div class=\"elementor-widget-container\">\n\t\t\t\t\t<h2 class=\"elementor-heading-title elementor-size-default\">Servo pagrieziena galds robotam<\/h2>\t\t\t\t<\/div>\n\t\t\t\t<\/div>\n\t\t\t\t<div class=\"elementor-element elementor-element-2aa9d7c elementor-widget elementor-widget-text-editor\" data-id=\"2aa9d7c\" data-element_type=\"widget\" data-e-type=\"widget\" data-widget_type=\"text-editor.default\">\n\t\t\t\t<div class=\"elementor-widget-container\">\n\t\t\t\t\t\t\t\t\t<p>Servo pagrieziena galds paredz\u0113ts deta\u013cu padevei robotam. To var izmantot ar\u012b k\u0101 papildu asi sare\u017e\u0123\u012btu deta\u013cu apstr\u0101dei. Uz galda iesp\u0113jams uzst\u0101d\u012bt da\u017e\u0101du veidu stiprin\u0101jumus.\u00a0<\/p><p>Augstas kvalit\u0101tes Mitsubishi servomotors, programm\u0113jams atbilsto\u0161i uzdevumam<\/p><p>Pozicion\u0113\u0161anas precizit\u0101te \u00b1 0,01 mm<\/p><p>Galda diametrs 300 mm, maksim\u0101l\u0101 slodze 30 kg<\/p><p>Savienojums ar robotu caur I\/O sign\u0101liem vai datu kopni (Databus)<\/p><p>P\u0101rslodzes vai boj\u0101juma gad\u012bjum\u0101 iek\u0101rta autom\u0101tiski apst\u0101jas<\/p><p>Stingra meh\u0101niski apstr\u0101d\u0101ta t\u0113rauda konstrukcija<\/p><p>Iesp\u0113jams izgatavot da\u017e\u0101dos izm\u0113ros un atbilsto\u0161i klienta pras\u012bb\u0101m. Pal\u012bdzam ar integr\u0101ciju j\u016bsu robota sist\u0113m\u0101.<\/p>\t\t\t\t\t\t\t\t<\/div>\n\t\t\t\t<\/div>\n\t\t\t\t\t<\/div>\n\t\t<\/div>\n\t\t\t\t\t<\/div>\n\t\t<\/section>\n\t\t\t\t<section class=\"elementor-section elementor-top-section elementor-element elementor-element-fa77015 elementor-section-boxed elementor-section-height-default elementor-section-height-default\" data-id=\"fa77015\" data-element_type=\"section\" data-e-type=\"section\">\n\t\t\t\t\t\t<div class=\"elementor-container elementor-column-gap-default\">\n\t\t\t\t\t<div class=\"elementor-column elementor-col-50 elementor-top-column elementor-element elementor-element-6bfa88d\" data-id=\"6bfa88d\" data-element_type=\"column\" data-e-type=\"column\">\n\t\t\t<div class=\"elementor-widget-wrap elementor-element-populated\">\n\t\t\t\t\t\t<div class=\"elementor-element elementor-element-2c408d7 elementor-widget elementor-widget-image\" data-id=\"2c408d7\" data-element_type=\"widget\" data-e-type=\"widget\" data-widget_type=\"image.default\">\n\t\t\t\t<div class=\"elementor-widget-container\">\n\t\t\t\t\t\t\t\t\t\t\t\t\t\t\t<img loading=\"lazy\" decoding=\"async\" width=\"800\" height=\"600\" src=\"https:\/\/sartsmetal.ee\/wp-content\/uploads\/2025\/06\/kapp-1024x768.jpg\" class=\"attachment-large size-large wp-image-4467\" alt=\"\" srcset=\"https:\/\/sartsmetal.ee\/wp-content\/uploads\/2025\/06\/kapp-1024x768.jpg 1024w, https:\/\/sartsmetal.ee\/wp-content\/uploads\/2025\/06\/kapp-300x225.jpg 300w, https:\/\/sartsmetal.ee\/wp-content\/uploads\/2025\/06\/kapp-768x576.jpg 768w, https:\/\/sartsmetal.ee\/wp-content\/uploads\/2025\/06\/kapp-1536x1152.jpg 1536w, https:\/\/sartsmetal.ee\/wp-content\/uploads\/2025\/06\/kapp-2048x1536.jpg 2048w, https:\/\/sartsmetal.ee\/wp-content\/uploads\/2025\/06\/kapp-16x12.jpg 16w, https:\/\/sartsmetal.ee\/wp-content\/uploads\/2025\/06\/kapp-600x450.jpg 600w\" sizes=\"(max-width: 800px) 100vw, 800px\" \/>\t\t\t\t\t\t\t\t\t\t\t\t\t\t\t<\/div>\n\t\t\t\t<\/div>\n\t\t\t\t\t<\/div>\n\t\t<\/div>\n\t\t\t\t<div class=\"elementor-column elementor-col-50 elementor-top-column elementor-element elementor-element-5765562\" data-id=\"5765562\" data-element_type=\"column\" data-e-type=\"column\">\n\t\t\t<div class=\"elementor-widget-wrap elementor-element-populated\">\n\t\t\t\t\t\t<div class=\"elementor-element elementor-element-ee97c72 elementor-widget elementor-widget-heading\" data-id=\"ee97c72\" data-element_type=\"widget\" data-e-type=\"widget\" data-widget_type=\"heading.default\">\n\t\t\t\t<div class=\"elementor-widget-container\">\n\t\t\t\t\t<h2 class=\"elementor-heading-title elementor-size-default\">Univers\u0101ls sl\u012bp\u0113\u0161anas satv\u0113r\u0113js robotam<\/h2>\t\t\t\t<\/div>\n\t\t\t\t<\/div>\n\t\t\t\t<div class=\"elementor-element elementor-element-fd6ed68 elementor-widget elementor-widget-text-editor\" data-id=\"fd6ed68\" data-element_type=\"widget\" data-e-type=\"widget\" data-widget_type=\"text-editor.default\">\n\t\t\t\t<div class=\"elementor-widget-container\">\n\t\t\t\t\t\t\t\t\t<p>Univers\u0101ls sl\u012bp\u0113\u0161anas satv\u0113r\u0113js maz\u0101k\u0101m deta\u013c\u0101m. Satv\u0113r\u0113ja \u017eok\u013ci tiek meh\u0101niski apstr\u0101d\u0101ti atbilsto\u0161i konkr\u0113t\u0101s deta\u013cas formai. Pneimatiskais Z-ass kompensators nodro\u0161ina vienm\u0113r\u012bgu sl\u012bp\u0113\u0161anas sp\u0113ku un atk\u0101rtojamus rezult\u0101tus.<\/p><p>Atloks ISO 9409-63 mm<\/p><p>Schunk pneimatiskais satv\u0113r\u0113js<\/p><p>Schunk Z-ass kompensators ar regul\u0113jamu spiedienu<\/p><p>Speci\u0101li satv\u0113r\u0113ja \u017eok\u013ci atbilsto\u0161i deta\u013cai<\/p>\t\t\t\t\t\t\t\t<\/div>\n\t\t\t\t<\/div>\n\t\t\t\t\t<\/div>\n\t\t<\/div>\n\t\t\t\t\t<\/div>\n\t\t<\/section>\n\t\t\t\t<\/div>","protected":false},"excerpt":{"rendered":"<p>Robot lihvimine Automatiseeritud lihvimisrakk Pakume automaatse lihvimisraku projekteerimist ja paigaldust. Esmalt anal\u00fc\u00fcsitakse l\u00e4hte\u00fclesannet ja p\u00fcstitatakse peamised KPI\u00b4id, seej\u00e4rel teostatakse esialgne tasuvusarvutus. Lootusrikka projekti puhul eeldatav tasuvusaeg 1-3 aastat. Meie p\u00e4devusse kuulub: -Olemasoleva protsessi kaardistamine ja KPI\u00b4de m\u00e4\u00e4ramine. Materjalivoo kaardistamine. Ts\u00fckliaegade anal\u00fc\u00fcs. -Tehniliste lahenduste v\u00e4lja t\u00f6\u00f6tamine sealhulgas detailide s\u00f6\u00f6tur-v\u00e4ljaviimis mehhanismid, detailide haaramine, lihvmasina valik, roboti valik. [&hellip;]<\/p>\n","protected":false},"author":9,"featured_media":0,"parent":0,"menu_order":0,"comment_status":"closed","ping_status":"closed","template":"","meta":{"_monsterinsights_skip_tracking":false,"_monsterinsights_sitenote_active":false,"_monsterinsights_sitenote_note":"","_monsterinsights_sitenote_category":0,"footnotes":""},"class_list":["post-4518","page","type-page","status-publish","hentry"],"_links":{"self":[{"href":"https:\/\/sartsmetal.ee\/lv\/wp-json\/wp\/v2\/pages\/4518","targetHints":{"allow":["GET"]}}],"collection":[{"href":"https:\/\/sartsmetal.ee\/lv\/wp-json\/wp\/v2\/pages"}],"about":[{"href":"https:\/\/sartsmetal.ee\/lv\/wp-json\/wp\/v2\/types\/page"}],"author":[{"embeddable":true,"href":"https:\/\/sartsmetal.ee\/lv\/wp-json\/wp\/v2\/users\/9"}],"replies":[{"embeddable":true,"href":"https:\/\/sartsmetal.ee\/lv\/wp-json\/wp\/v2\/comments?post=4518"}],"version-history":[{"count":5,"href":"https:\/\/sartsmetal.ee\/lv\/wp-json\/wp\/v2\/pages\/4518\/revisions"}],"predecessor-version":[{"id":4680,"href":"https:\/\/sartsmetal.ee\/lv\/wp-json\/wp\/v2\/pages\/4518\/revisions\/4680"}],"wp:attachment":[{"href":"https:\/\/sartsmetal.ee\/lv\/wp-json\/wp\/v2\/media?parent=4518"}],"curies":[{"name":"wp","href":"https:\/\/api.w.org\/{rel}","templated":true}]}}