{"id":3424,"date":"2024-11-22T14:58:38","date_gmt":"2024-11-22T12:58:38","guid":{"rendered":"https:\/\/sartsmetal.ee\/?post_type=product&#038;p=3424"},"modified":"2026-02-18T09:53:46","modified_gmt":"2026-02-18T07:53:46","slug":"sarts-combimaster","status":"publish","type":"product","link":"https:\/\/sartsmetal.ee\/lv\/toode\/sarts-combimaster\/","title":{"rendered":"Sarts Combimaster"},"content":{"rendered":"<p>Combimaster ir izstr\u0101d\u0101ta na\u017eu meistariem un prec\u012bziem amatniekiem. \u0160\u012b iek\u0101rta pied\u0101v\u0101 pla\u0161\u0101kas iesp\u0113jas prec\u012bzam darbam. Pateicoties \u0101tr\u0101s mai\u0146as rull\u012b\u0161u sist\u0113mai, iesp\u0113jams sl\u012bp\u0113t da\u017e\u0101dus r\u0101diusus un rievas. Sl\u012bp\u0113jot ar 100 mm gumijas rulli, iesp\u0113jams ieg\u016bt vienm\u0113r\u012bg\u0101ku virsmu. Tr\u012bs posmu regul\u0113jamais darba galds pied\u0101v\u0101 da\u017e\u0101dus sl\u012bp\u0113\u0161anas le\u0146\u0137us un poz\u012bcijas. \u0100truma regul\u0113\u0161ana ir \u012bpa\u0161i noder\u012bga asin\u0101\u0161anai un da\u017e\u0101du materi\u0101lu apstr\u0101dei. Papildus iesp\u0113jams uzst\u0101d\u012bt lielu gumijas kontakt\u00adrulli vai virsmas sl\u012bp\u0113\u0161anas uzgali.<\/p>\n<ul>\n<li>50 \u00d7 1500 lente (iztur\u012bg\u0101ka)<\/li>\n<li>Rot\u0113jo\u0161s mazo rull\u012b\u0161u tur\u0113t\u0101js (20, 30, 40 mm)<\/li>\n<li>3 posmu regul\u0113jams darba galds (asin\u0101\u0161anai l\u012bdz 15\u00b0)<\/li>\n<li>100 mm gumijas rullis<\/li>\n<li>\u0100tra lentes nomai\u0146a ar fiks\u0101cijas meh\u0101nismu<\/li>\n<li>1100 W vienf\u0101zes vai tr\u012bsf\u0101\u017eu motors<\/li>\n<li>\u0100truma regul\u0113\u0161ana (frekven\u010du p\u0101rveidot\u0101js)<\/li>\n<li>Iesp\u0113ja pievienot lielu gumijas kontakt\u00adrulli vai virsmas sl\u012bp\u0113t\u0101ju<\/li>\n<li>Industri\u0101li komponenti<\/li>\n<\/ul>","protected":false},"excerpt":{"rendered":"<p>Combimaster on m\u00f5eldud noameistritele ja peen k\u00e4sit\u00f6\u00f6listele. See masin annab rohkem v\u00f5imalusi t\u00e4pseks t\u00f6\u00f6ks. Rullide p\u00f6\u00f6rdvahetajaga saab lihvida erinevaid raadiuseid ja sooni. 100mm kummirulliga lihvides on v\u00f5imalik saavutada sujuvam pind. 3-l\u00fcliga t\u00f6\u00f6laud annab palju erinevaid lihvimsnurki ja asendeid. P\u00f6\u00f6rete reguleerimine annab eelise teritamisel ja erineavete materjalide lihvimsiel. Sellele mudelile saab lisada suure kummiratta ja tasalihvimis [&hellip;]<\/p>\n","protected":false},"featured_media":1583,"template":"","meta":{"_monsterinsights_skip_tracking":false,"_monsterinsights_sitenote_active":false,"_monsterinsights_sitenote_note":"","_monsterinsights_sitenote_category":0},"product_brand":[],"product_cat":[52],"product_tag":[],"class_list":{"0":"post-3424","1":"product","2":"type-product","3":"status-publish","4":"has-post-thumbnail","6":"product_cat-masinad","8":"first","9":"instock","10":"taxable","11":"shipping-taxable","12":"purchasable","13":"product-type-variable"},"_links":{"self":[{"href":"https:\/\/sartsmetal.ee\/lv\/wp-json\/wp\/v2\/product\/3424","targetHints":{"allow":["GET"]}}],"collection":[{"href":"https:\/\/sartsmetal.ee\/lv\/wp-json\/wp\/v2\/product"}],"about":[{"href":"https:\/\/sartsmetal.ee\/lv\/wp-json\/wp\/v2\/types\/product"}],"wp:featuredmedia":[{"embeddable":true,"href":"https:\/\/sartsmetal.ee\/lv\/wp-json\/wp\/v2\/media\/1583"}],"wp:attachment":[{"href":"https:\/\/sartsmetal.ee\/lv\/wp-json\/wp\/v2\/media?parent=3424"}],"wp:term":[{"taxonomy":"product_brand","embeddable":true,"href":"https:\/\/sartsmetal.ee\/lv\/wp-json\/wp\/v2\/product_brand?post=3424"},{"taxonomy":"product_cat","embeddable":true,"href":"https:\/\/sartsmetal.ee\/lv\/wp-json\/wp\/v2\/product_cat?post=3424"},{"taxonomy":"product_tag","embeddable":true,"href":"https:\/\/sartsmetal.ee\/lv\/wp-json\/wp\/v2\/product_tag?post=3424"}],"curies":[{"name":"wp","href":"https:\/\/api.w.org\/{rel}","templated":true}]}}