{"id":3465,"date":"2024-11-26T14:12:58","date_gmt":"2024-11-26T12:12:58","guid":{"rendered":"https:\/\/sartsmetal.ee\/?post_type=product&#038;p=3465"},"modified":"2026-02-10T13:19:06","modified_gmt":"2026-02-10T11:19:06","slug":"sarts-basic","status":"publish","type":"product","link":"https:\/\/sartsmetal.ee\/lv\/toode\/sarts-basic\/","title":{"rendered":"Sarts Basic"},"content":{"rendered":"<p>Paredz\u0113ta lietot\u0101jiem, kuriem nepiecie\u0161ama iek\u0101rta vienk\u0101r\u0161\u0101m darb\u012bb\u0101m: atskabargu no\u0146em\u0161anai, f\u0101z\u0113\u0161anai, malu noapa\u013co\u0161anai, asin\u0101\u0161anai un pul\u0113\u0161anai. Nav paredz\u0113ta intens\u012bvai materi\u0101la no\u0146em\u0161anai.<\/p>\n<ul>\n<li>50 \u00d7 1220 lente<\/li>\n<li>Fiks\u0113ts darba galds 90\u00b0<\/li>\n<li>750w motors<\/li>\n<li>Modul\u0101ra konstrukcija<\/li>\n<li>Industri\u0101li komponenti<\/li>\n<\/ul>","protected":false},"excerpt":{"rendered":"<p>M\u00f5eldud kasutajale kellel on vaja masinat lihtsateks operatsioonideks nagu kraatimine, faasimine, servade \u00fcmardamine, teritamine ja poleerimine. Ei ole ette n\u00e4htud suureks materjali eemalduseks. 50\u00d71220 m\u00f5\u00f5dus lint Fikseeritud t\u00f6\u00f6laud 90 kraadi 750w mootor Modulaarne disain T\u00f6\u00f6stuslikud komponendid<\/p>","protected":false},"featured_media":1424,"template":"","meta":{"_monsterinsights_skip_tracking":false,"_monsterinsights_sitenote_active":false,"_monsterinsights_sitenote_note":"","_monsterinsights_sitenote_category":0},"product_brand":[],"product_cat":[52],"product_tag":[],"class_list":{"0":"post-3465","1":"product","2":"type-product","3":"status-publish","4":"has-post-thumbnail","6":"product_cat-masinad","8":"first","9":"instock","10":"taxable","11":"shipping-taxable","12":"purchasable","13":"product-type-simple"},"_links":{"self":[{"href":"https:\/\/sartsmetal.ee\/lv\/wp-json\/wp\/v2\/product\/3465","targetHints":{"allow":["GET"]}}],"collection":[{"href":"https:\/\/sartsmetal.ee\/lv\/wp-json\/wp\/v2\/product"}],"about":[{"href":"https:\/\/sartsmetal.ee\/lv\/wp-json\/wp\/v2\/types\/product"}],"wp:featuredmedia":[{"embeddable":true,"href":"https:\/\/sartsmetal.ee\/lv\/wp-json\/wp\/v2\/media\/1424"}],"wp:attachment":[{"href":"https:\/\/sartsmetal.ee\/lv\/wp-json\/wp\/v2\/media?parent=3465"}],"wp:term":[{"taxonomy":"product_brand","embeddable":true,"href":"https:\/\/sartsmetal.ee\/lv\/wp-json\/wp\/v2\/product_brand?post=3465"},{"taxonomy":"product_cat","embeddable":true,"href":"https:\/\/sartsmetal.ee\/lv\/wp-json\/wp\/v2\/product_cat?post=3465"},{"taxonomy":"product_tag","embeddable":true,"href":"https:\/\/sartsmetal.ee\/lv\/wp-json\/wp\/v2\/product_tag?post=3465"}],"curies":[{"name":"wp","href":"https:\/\/api.w.org\/{rel}","templated":true}]}}