{"id":3470,"date":"2024-11-26T14:19:47","date_gmt":"2024-11-26T12:19:47","guid":{"rendered":"https:\/\/sartsmetal.ee\/?post_type=product&#038;p=3470"},"modified":"2026-04-16T21:25:32","modified_gmt":"2026-04-16T18:25:32","slug":"sarts-pro-revolver","status":"publish","type":"product","link":"https:\/\/sartsmetal.ee\/lv\/toode\/sarts-pro-revolver\/","title":{"rendered":"Sarts pro revolver"},"content":{"rendered":"<p>Paredz\u0113ta ra\u017eo\u0161anai vai neliel\u0101m met\u0101lapstr\u0101des darbn\u012bc\u0101m. Galven\u0101 at\u0161\u0137ir\u012bba no Pro mode\u013ca \u2014 rot\u0113jo\u0161s mazo rull\u012b\u0161u tur\u0113t\u0101js, kas nodro\u0161ina priek\u0161roc\u012bbas da\u017e\u0101du r\u0101diusu sl\u012bp\u0113\u0161an\u0101 un lab\u0101ku piek\u013cuvi sare\u017e\u0123\u012bt\u0101m deta\u013cu \u0123eometrij\u0101m.<\/p>\n<ul>\n<li>50 \u00d7 1220 lente<\/li>\n<li>Rot\u0113jo\u0161s mazo rull\u012b\u0161u tur\u0113t\u0101js (20, 30, 40 mm)<\/li>\n<li>Regul\u0113jams darba galds 90\u201345\u00b0<\/li>\n<li>Izvelkama putek\u013cu sav\u0101k\u0161anas kaste<\/li>\n<li>\u0100tra lentes nomai\u0146a ar fiks\u0101cijas meh\u0101nismu<\/li>\n<li>1100 W vienf\u0101zes vai tr\u012bsf\u0101\u017eu motors<\/li>\n<li>1500 W tr\u012bsf\u0101\u017eu motors<\/li>\n<li>Modul\u0101ra konstrukcija<\/li>\n<li>Industri\u0101li komponenti<\/li>\n<\/ul>","protected":false},"excerpt":{"rendered":"<p>See masin on m\u00f5eldud tootmisesse v\u00f5i v\u00e4iksematesse metalli-t\u00f6\u00f6kodadesse. Ainuke erinevus Pro mudeliga on see, et sellel masinal on rullide p\u00f6\u00f6rdvahetaja, mis annab eelise erinevate raadiuste lihvimisel. Parem ligip\u00e4\u00e4s keerulise kujuga detailide lihvimisel. Kompaktne ja samas v\u00f5imas lihvmasin mis sobib ideaalselt materjali eemalduseks, keevitusfaaside lihvimiseks, raadiuste lihvimiseks, kraatimiseks. Valikus ka 1.5Kw mootoriga mudel suure koormusega tootmiseks. [&hellip;]<\/p>\n","protected":false},"featured_media":1601,"template":"","meta":{"_monsterinsights_skip_tracking":false,"_monsterinsights_sitenote_active":false,"_monsterinsights_sitenote_note":"","_monsterinsights_sitenote_category":0},"product_brand":[],"product_cat":[52],"product_tag":[],"class_list":{"0":"post-3470","1":"product","2":"type-product","3":"status-publish","4":"has-post-thumbnail","6":"product_cat-masinad","8":"first","9":"instock","10":"taxable","11":"shipping-taxable","12":"purchasable","13":"product-type-variable"},"_links":{"self":[{"href":"https:\/\/sartsmetal.ee\/lv\/wp-json\/wp\/v2\/product\/3470","targetHints":{"allow":["GET"]}}],"collection":[{"href":"https:\/\/sartsmetal.ee\/lv\/wp-json\/wp\/v2\/product"}],"about":[{"href":"https:\/\/sartsmetal.ee\/lv\/wp-json\/wp\/v2\/types\/product"}],"wp:featuredmedia":[{"embeddable":true,"href":"https:\/\/sartsmetal.ee\/lv\/wp-json\/wp\/v2\/media\/1601"}],"wp:attachment":[{"href":"https:\/\/sartsmetal.ee\/lv\/wp-json\/wp\/v2\/media?parent=3470"}],"wp:term":[{"taxonomy":"product_brand","embeddable":true,"href":"https:\/\/sartsmetal.ee\/lv\/wp-json\/wp\/v2\/product_brand?post=3470"},{"taxonomy":"product_cat","embeddable":true,"href":"https:\/\/sartsmetal.ee\/lv\/wp-json\/wp\/v2\/product_cat?post=3470"},{"taxonomy":"product_tag","embeddable":true,"href":"https:\/\/sartsmetal.ee\/lv\/wp-json\/wp\/v2\/product_tag?post=3470"}],"curies":[{"name":"wp","href":"https:\/\/api.w.org\/{rel}","templated":true}]}}