{"id":3475,"date":"2024-11-26T12:21:24","date_gmt":"2024-11-26T12:21:24","guid":{"rendered":"https:\/\/sartsmetal.ee\/?post_type=product&#038;p=3475"},"modified":"2026-03-28T22:55:20","modified_gmt":"2026-03-28T20:55:20","slug":"kummeeritud-rull-300mm","status":"publish","type":"product","link":"https:\/\/sartsmetal.ee\/lv\/toode\/kummeeritud-rull-300mm\/","title":{"rendered":"Gumijas rullis 300 mm"},"content":{"rendered":"<ul>\n<li>Piem\u0113rots Combimaster modelim (50 \u00d7 1500 lente).<\/li>\n<li>Dob\u0101s sl\u012bp\u0113\u0161anas un asin\u0101\u0161anas darbiem.<\/li>\n<li>Paredz\u0113ts lieto\u0161anai ar 3 posmu darba galdu.<\/li>\n<\/ul>","protected":false},"excerpt":{"rendered":"<p>Sobib mudelile Combimaster (50\u00d71500 lint) Terade n\u00f5gus lihvimine ja teritamine Kinnitus 3 l\u00fcliga t\u00f6\u00f6laua jaoks<\/p>","protected":false},"featured_media":1700,"template":"","meta":{"_monsterinsights_skip_tracking":false,"_monsterinsights_sitenote_active":false,"_monsterinsights_sitenote_note":"","_monsterinsights_sitenote_category":0},"product_brand":[],"product_cat":[62],"product_tag":[],"class_list":{"0":"post-3475","1":"product","2":"type-product","3":"status-publish","4":"has-post-thumbnail","6":"product_cat-lisad-masinatele","8":"first","9":"onbackorder","10":"taxable","11":"shipping-taxable","12":"purchasable","13":"product-type-simple"},"_links":{"self":[{"href":"https:\/\/sartsmetal.ee\/lv\/wp-json\/wp\/v2\/product\/3475","targetHints":{"allow":["GET"]}}],"collection":[{"href":"https:\/\/sartsmetal.ee\/lv\/wp-json\/wp\/v2\/product"}],"about":[{"href":"https:\/\/sartsmetal.ee\/lv\/wp-json\/wp\/v2\/types\/product"}],"wp:featuredmedia":[{"embeddable":true,"href":"https:\/\/sartsmetal.ee\/lv\/wp-json\/wp\/v2\/media\/1700"}],"wp:attachment":[{"href":"https:\/\/sartsmetal.ee\/lv\/wp-json\/wp\/v2\/media?parent=3475"}],"wp:term":[{"taxonomy":"product_brand","embeddable":true,"href":"https:\/\/sartsmetal.ee\/lv\/wp-json\/wp\/v2\/product_brand?post=3475"},{"taxonomy":"product_cat","embeddable":true,"href":"https:\/\/sartsmetal.ee\/lv\/wp-json\/wp\/v2\/product_cat?post=3475"},{"taxonomy":"product_tag","embeddable":true,"href":"https:\/\/sartsmetal.ee\/lv\/wp-json\/wp\/v2\/product_tag?post=3475"}],"curies":[{"name":"wp","href":"https:\/\/api.w.org\/{rel}","templated":true}]}}