{"id":3476,"date":"2024-11-26T14:22:02","date_gmt":"2024-11-26T12:22:02","guid":{"rendered":"https:\/\/sartsmetal.ee\/?post_type=product&#038;p=3476"},"modified":"2026-01-05T16:07:06","modified_gmt":"2026-01-05T14:07:06","slug":"tolmu-aratombe-kolu","status":"publish","type":"product","link":"https:\/\/sartsmetal.ee\/lv\/toode\/tolmu-aratombe-kolu\/","title":{"rendered":"Putek\u013cu sav\u0101c\u0113js"},"content":{"rendered":"<ul>\n<li>Piem\u0113rots Basic, Pro un Pro Revolver mode\u013ciem (50 \u00d7 1220 lente).<\/li>\n<li>100 mm piesl\u0113guma caurulei.<\/li>\n<\/ul>","protected":false},"excerpt":{"rendered":"<p>Sobib mudelitele, basic, pro, pro revolver (50\u00d71220 lint) 100mm vent. toru jaoks<\/p>","protected":false},"featured_media":1702,"template":"","meta":{"_monsterinsights_skip_tracking":false,"_monsterinsights_sitenote_active":false,"_monsterinsights_sitenote_note":"","_monsterinsights_sitenote_category":0},"product_brand":[],"product_cat":[62],"product_tag":[],"class_list":{"0":"post-3476","1":"product","2":"type-product","3":"status-publish","4":"has-post-thumbnail","6":"product_cat-lisad-masinatele","8":"first","9":"instock","10":"taxable","11":"shipping-taxable","12":"purchasable","13":"product-type-simple"},"_links":{"self":[{"href":"https:\/\/sartsmetal.ee\/lv\/wp-json\/wp\/v2\/product\/3476","targetHints":{"allow":["GET"]}}],"collection":[{"href":"https:\/\/sartsmetal.ee\/lv\/wp-json\/wp\/v2\/product"}],"about":[{"href":"https:\/\/sartsmetal.ee\/lv\/wp-json\/wp\/v2\/types\/product"}],"wp:featuredmedia":[{"embeddable":true,"href":"https:\/\/sartsmetal.ee\/lv\/wp-json\/wp\/v2\/media\/1702"}],"wp:attachment":[{"href":"https:\/\/sartsmetal.ee\/lv\/wp-json\/wp\/v2\/media?parent=3476"}],"wp:term":[{"taxonomy":"product_brand","embeddable":true,"href":"https:\/\/sartsmetal.ee\/lv\/wp-json\/wp\/v2\/product_brand?post=3476"},{"taxonomy":"product_cat","embeddable":true,"href":"https:\/\/sartsmetal.ee\/lv\/wp-json\/wp\/v2\/product_cat?post=3476"},{"taxonomy":"product_tag","embeddable":true,"href":"https:\/\/sartsmetal.ee\/lv\/wp-json\/wp\/v2\/product_tag?post=3476"}],"curies":[{"name":"wp","href":"https:\/\/api.w.org\/{rel}","templated":true}]}}