{"id":4305,"date":"2025-01-06T15:58:34","date_gmt":"2025-01-06T13:58:34","guid":{"rendered":"https:\/\/sartsmetal.ee\/?post_type=product&#038;p=4305"},"modified":"2026-03-25T12:54:59","modified_gmt":"2026-03-25T10:54:59","slug":"lihvlint-vsm-zk713x-g100","status":"publish","type":"product","link":"https:\/\/sartsmetal.ee\/lv\/toode\/lihvlint-vsm-zk713x-g100\/","title":{"rendered":"VSM ZK713X 100"},"content":{"rendered":"<p>Univers\u0101la sl\u012bplente, piem\u0113rota liel\u0101kajai da\u013cai materi\u0101lu: t\u0113raudam, ner\u016bs\u0113jo\u0161ajam t\u0113raudam, alum\u012bnijam un kokam. Cirkonija\u2013alum\u012bnija graudi, poliestera auduma pamatne.<\/p>","protected":false},"excerpt":{"rendered":"<p>Univers\u0101la sl\u012bplente, piem\u0113rota liel\u0101kajai da\u013cai materi\u0101lu: t\u0113raudam, ner\u016bs\u0113jo\u0161ajam t\u0113raudam, alum\u012bnijam un kokam. Cirkonija\u2013alum\u012bnija graudi, poliestera auduma pamatne.<\/p>","protected":false},"featured_media":4296,"template":"","meta":{"_monsterinsights_skip_tracking":false,"_monsterinsights_sitenote_active":false,"_monsterinsights_sitenote_note":"","_monsterinsights_sitenote_category":0},"product_brand":[],"product_cat":[54],"product_tag":[],"class_list":{"0":"post-4305","1":"product","2":"type-product","3":"status-publish","4":"has-post-thumbnail","6":"product_cat-lindid","8":"first","9":"instock","10":"taxable","11":"shipping-taxable","12":"purchasable","13":"product-type-variable"},"_links":{"self":[{"href":"https:\/\/sartsmetal.ee\/lv\/wp-json\/wp\/v2\/product\/4305","targetHints":{"allow":["GET"]}}],"collection":[{"href":"https:\/\/sartsmetal.ee\/lv\/wp-json\/wp\/v2\/product"}],"about":[{"href":"https:\/\/sartsmetal.ee\/lv\/wp-json\/wp\/v2\/types\/product"}],"wp:featuredmedia":[{"embeddable":true,"href":"https:\/\/sartsmetal.ee\/lv\/wp-json\/wp\/v2\/media\/4296"}],"wp:attachment":[{"href":"https:\/\/sartsmetal.ee\/lv\/wp-json\/wp\/v2\/media?parent=4305"}],"wp:term":[{"taxonomy":"product_brand","embeddable":true,"href":"https:\/\/sartsmetal.ee\/lv\/wp-json\/wp\/v2\/product_brand?post=4305"},{"taxonomy":"product_cat","embeddable":true,"href":"https:\/\/sartsmetal.ee\/lv\/wp-json\/wp\/v2\/product_cat?post=4305"},{"taxonomy":"product_tag","embeddable":true,"href":"https:\/\/sartsmetal.ee\/lv\/wp-json\/wp\/v2\/product_tag?post=4305"}],"curies":[{"name":"wp","href":"https:\/\/api.w.org\/{rel}","templated":true}]}}