{"id":4324,"date":"2025-01-06T16:12:26","date_gmt":"2025-01-06T14:12:26","guid":{"rendered":"https:\/\/sartsmetal.ee\/?post_type=product&#038;p=4324"},"modified":"2026-03-31T10:29:31","modified_gmt":"2026-03-31T07:29:31","slug":"lihvlint-klingspor-cs411y-g120","status":"publish","type":"product","link":"https:\/\/sartsmetal.ee\/lv\/toode\/lihvlint-klingspor-cs411y-g120\/","title":{"rendered":"Klingspor CS411Y 120"},"content":{"rendered":"<p>Speci\u0101li izstr\u0101d\u0101ta t\u0113rauda un ner\u016bs\u0113jo\u0161\u0101 t\u0113rauda sl\u012bp\u0113\u0161anai. Cirkonija\u2013alum\u012bnija graudi, poliestera auduma pamatne.<\/p>","protected":false},"excerpt":{"rendered":"<p>Speci\u0101li izstr\u0101d\u0101ta t\u0113rauda un ner\u016bs\u0113jo\u0161\u0101 t\u0113rauda sl\u012bp\u0113\u0161anai. Cirkonija\u2013alum\u012bnija graudi, poliestera auduma pamatne.<\/p>","protected":false},"featured_media":4317,"template":"","meta":{"_monsterinsights_skip_tracking":false,"_monsterinsights_sitenote_active":false,"_monsterinsights_sitenote_note":"","_monsterinsights_sitenote_category":0},"product_brand":[],"product_cat":[54],"product_tag":[],"class_list":{"0":"post-4324","1":"product","2":"type-product","3":"status-publish","4":"has-post-thumbnail","6":"product_cat-lindid","8":"first","9":"instock","10":"sale","11":"taxable","12":"shipping-taxable","13":"purchasable","14":"product-type-variable"},"_links":{"self":[{"href":"https:\/\/sartsmetal.ee\/lv\/wp-json\/wp\/v2\/product\/4324","targetHints":{"allow":["GET"]}}],"collection":[{"href":"https:\/\/sartsmetal.ee\/lv\/wp-json\/wp\/v2\/product"}],"about":[{"href":"https:\/\/sartsmetal.ee\/lv\/wp-json\/wp\/v2\/types\/product"}],"wp:featuredmedia":[{"embeddable":true,"href":"https:\/\/sartsmetal.ee\/lv\/wp-json\/wp\/v2\/media\/4317"}],"wp:attachment":[{"href":"https:\/\/sartsmetal.ee\/lv\/wp-json\/wp\/v2\/media?parent=4324"}],"wp:term":[{"taxonomy":"product_brand","embeddable":true,"href":"https:\/\/sartsmetal.ee\/lv\/wp-json\/wp\/v2\/product_brand?post=4324"},{"taxonomy":"product_cat","embeddable":true,"href":"https:\/\/sartsmetal.ee\/lv\/wp-json\/wp\/v2\/product_cat?post=4324"},{"taxonomy":"product_tag","embeddable":true,"href":"https:\/\/sartsmetal.ee\/lv\/wp-json\/wp\/v2\/product_tag?post=4324"}],"curies":[{"name":"wp","href":"https:\/\/api.w.org\/{rel}","templated":true}]}}