{"id":4352,"date":"2025-01-06T16:45:25","date_gmt":"2025-01-06T14:45:25","guid":{"rendered":"https:\/\/sartsmetal.ee\/?post_type=product&#038;p=4352"},"modified":"2026-03-25T12:54:58","modified_gmt":"2026-03-25T10:54:58","slug":"lihvlint-3m-trizact-237aa-g1400a16","status":"publish","type":"product","link":"https:\/\/sartsmetal.ee\/lv\/toode\/lihvlint-3m-trizact-237aa-g1400a16\/","title":{"rendered":"3M Trizact 237AA K1400(A16)"},"content":{"rendered":"<p>Smalkai sl\u012bp\u0113\u0161anai, asin\u0101\u0161anai un pul\u0113\u0161anai. Piem\u0113rota oglek\u013ca t\u0113raudam, ner\u016bs\u0113jo\u0161ajam t\u0113raudam, ni\u0137e\u013ca sakaus\u0113jumiem, tit\u0101nam un alum\u012bnijam. Alum\u012bnija oks\u012bda graudi, X-weight auduma pamatne.<\/p>","protected":false},"excerpt":{"rendered":"<p>Smalkai sl\u012bp\u0113\u0161anai, asin\u0101\u0161anai un pul\u0113\u0161anai. Piem\u0113rota oglek\u013ca t\u0113raudam, ner\u016bs\u0113jo\u0161ajam t\u0113raudam, ni\u0137e\u013ca sakaus\u0113jumiem, tit\u0101nam un alum\u012bnijam. Alum\u012bnija oks\u012bda graudi, X-weight auduma pamatne.<\/p>","protected":false},"featured_media":4348,"template":"","meta":{"_monsterinsights_skip_tracking":false,"_monsterinsights_sitenote_active":false,"_monsterinsights_sitenote_note":"","_monsterinsights_sitenote_category":0},"product_brand":[],"product_cat":[54],"product_tag":[],"class_list":{"0":"post-4352","1":"product","2":"type-product","3":"status-publish","4":"has-post-thumbnail","6":"product_cat-lindid","8":"first","9":"instock","10":"taxable","11":"shipping-taxable","12":"purchasable","13":"product-type-variable"},"_links":{"self":[{"href":"https:\/\/sartsmetal.ee\/lv\/wp-json\/wp\/v2\/product\/4352","targetHints":{"allow":["GET"]}}],"collection":[{"href":"https:\/\/sartsmetal.ee\/lv\/wp-json\/wp\/v2\/product"}],"about":[{"href":"https:\/\/sartsmetal.ee\/lv\/wp-json\/wp\/v2\/types\/product"}],"wp:featuredmedia":[{"embeddable":true,"href":"https:\/\/sartsmetal.ee\/lv\/wp-json\/wp\/v2\/media\/4348"}],"wp:attachment":[{"href":"https:\/\/sartsmetal.ee\/lv\/wp-json\/wp\/v2\/media?parent=4352"}],"wp:term":[{"taxonomy":"product_brand","embeddable":true,"href":"https:\/\/sartsmetal.ee\/lv\/wp-json\/wp\/v2\/product_brand?post=4352"},{"taxonomy":"product_cat","embeddable":true,"href":"https:\/\/sartsmetal.ee\/lv\/wp-json\/wp\/v2\/product_cat?post=4352"},{"taxonomy":"product_tag","embeddable":true,"href":"https:\/\/sartsmetal.ee\/lv\/wp-json\/wp\/v2\/product_tag?post=4352"}],"curies":[{"name":"wp","href":"https:\/\/api.w.org\/{rel}","templated":true}]}}