{"id":4368,"date":"2025-01-06T16:54:24","date_gmt":"2025-01-06T14:54:24","guid":{"rendered":"https:\/\/sartsmetal.ee\/?post_type=product&#038;p=4368"},"modified":"2026-03-13T09:25:36","modified_gmt":"2026-03-13T07:25:36","slug":"karukeel-lint-3m-scotch-bright-fin","status":"publish","type":"product","link":"https:\/\/sartsmetal.ee\/lv\/toode\/karukeel-lint-3m-scotch-bright-fin\/","title":{"rendered":"3M scotch bright Fine"},"content":{"rendered":"<p>T\u012br\u012b\u0161anai, pul\u0113\u0161anai un atskabargu no\u0146em\u0161anai. Smalka abrazivit\u0101te.<\/p>","protected":false},"excerpt":{"rendered":"<p>T\u012br\u012b\u0161anai, pul\u0113\u0161anai un atskabargu no\u0146em\u0161anai. Smalka abrazivit\u0101te.<\/p>","protected":false},"featured_media":4371,"template":"","meta":{"_monsterinsights_skip_tracking":false,"_monsterinsights_sitenote_active":false,"_monsterinsights_sitenote_note":"","_monsterinsights_sitenote_category":0},"product_brand":[],"product_cat":[54],"product_tag":[],"class_list":{"0":"post-4368","1":"product","2":"type-product","3":"status-publish","4":"has-post-thumbnail","6":"product_cat-lindid","8":"first","9":"instock","10":"taxable","11":"shipping-taxable","12":"purchasable","13":"product-type-variable"},"_links":{"self":[{"href":"https:\/\/sartsmetal.ee\/lv\/wp-json\/wp\/v2\/product\/4368","targetHints":{"allow":["GET"]}}],"collection":[{"href":"https:\/\/sartsmetal.ee\/lv\/wp-json\/wp\/v2\/product"}],"about":[{"href":"https:\/\/sartsmetal.ee\/lv\/wp-json\/wp\/v2\/types\/product"}],"wp:featuredmedia":[{"embeddable":true,"href":"https:\/\/sartsmetal.ee\/lv\/wp-json\/wp\/v2\/media\/4371"}],"wp:attachment":[{"href":"https:\/\/sartsmetal.ee\/lv\/wp-json\/wp\/v2\/media?parent=4368"}],"wp:term":[{"taxonomy":"product_brand","embeddable":true,"href":"https:\/\/sartsmetal.ee\/lv\/wp-json\/wp\/v2\/product_brand?post=4368"},{"taxonomy":"product_cat","embeddable":true,"href":"https:\/\/sartsmetal.ee\/lv\/wp-json\/wp\/v2\/product_cat?post=4368"},{"taxonomy":"product_tag","embeddable":true,"href":"https:\/\/sartsmetal.ee\/lv\/wp-json\/wp\/v2\/product_tag?post=4368"}],"curies":[{"name":"wp","href":"https:\/\/api.w.org\/{rel}","templated":true}]}}