{"id":4374,"date":"2025-01-06T17:02:07","date_gmt":"2025-01-06T15:02:07","guid":{"rendered":"https:\/\/sartsmetal.ee\/?post_type=product&#038;p=4374"},"modified":"2025-01-06T17:16:03","modified_gmt":"2025-01-06T15:16:03","slug":"kuullaager-16x8x5-2tk","status":"publish","type":"product","link":"https:\/\/sartsmetal.ee\/lv\/toode\/kuullaager-16x8x5-2tk\/","title":{"rendered":"Lod\u012b\u0161u gultnis 16 \u00d7 8 \u00d7 5 (2 gab.)"},"content":{"rendered":"<p>688-2RS-C3 lod\u012b\u0161u gultnis. Izmanto\u0161anai rot\u0113jo\u0161aj\u0101 meh\u0101nism\u0101 D20 rull\u012b\u0161a iek\u0161pus\u0113. Komplekt\u0101 2 gab.<\/p>","protected":false},"excerpt":{"rendered":"<p>688-2RS-C3 lod\u012b\u0161u gultnis. Izmanto\u0161anai rot\u0113jo\u0161aj\u0101 meh\u0101nism\u0101 D20 rull\u012b\u0161a iek\u0161pus\u0113. Komplekt\u0101 2 gab.<\/p>","protected":false},"featured_media":4379,"template":"","meta":{"_monsterinsights_skip_tracking":false,"_monsterinsights_sitenote_active":false,"_monsterinsights_sitenote_note":"","_monsterinsights_sitenote_category":0},"product_brand":[],"product_cat":[53],"product_tag":[],"class_list":{"0":"post-4374","1":"product","2":"type-product","3":"status-publish","4":"has-post-thumbnail","6":"product_cat-varuosad","8":"first","9":"instock","10":"taxable","11":"shipping-taxable","12":"purchasable","13":"product-type-simple"},"_links":{"self":[{"href":"https:\/\/sartsmetal.ee\/lv\/wp-json\/wp\/v2\/product\/4374","targetHints":{"allow":["GET"]}}],"collection":[{"href":"https:\/\/sartsmetal.ee\/lv\/wp-json\/wp\/v2\/product"}],"about":[{"href":"https:\/\/sartsmetal.ee\/lv\/wp-json\/wp\/v2\/types\/product"}],"wp:featuredmedia":[{"embeddable":true,"href":"https:\/\/sartsmetal.ee\/lv\/wp-json\/wp\/v2\/media\/4379"}],"wp:attachment":[{"href":"https:\/\/sartsmetal.ee\/lv\/wp-json\/wp\/v2\/media?parent=4374"}],"wp:term":[{"taxonomy":"product_brand","embeddable":true,"href":"https:\/\/sartsmetal.ee\/lv\/wp-json\/wp\/v2\/product_brand?post=4374"},{"taxonomy":"product_cat","embeddable":true,"href":"https:\/\/sartsmetal.ee\/lv\/wp-json\/wp\/v2\/product_cat?post=4374"},{"taxonomy":"product_tag","embeddable":true,"href":"https:\/\/sartsmetal.ee\/lv\/wp-json\/wp\/v2\/product_tag?post=4374"}],"curies":[{"name":"wp","href":"https:\/\/api.w.org\/{rel}","templated":true}]}}