{"id":4380,"date":"2025-01-06T17:13:56","date_gmt":"2025-01-06T15:13:56","guid":{"rendered":"https:\/\/sartsmetal.ee\/?post_type=product&#038;p=4380"},"modified":"2025-01-06T17:18:13","modified_gmt":"2025-01-06T15:18:13","slug":"vabajooksu-rull-d50mm","status":"publish","type":"product","link":"https:\/\/sartsmetal.ee\/lv\/toode\/vabajooksu-rull-d50mm\/","title":{"rendered":"Rullis D49 mm"},"content":{"rendered":"<p>Pieejams Basic, Pro un Pro Revolver mode\u013ciem no 2023. gada. Materi\u0101ls: t\u0113rauds. Gult\u0146i uzst\u0101d\u012bti.\u00a0<\/p>","protected":false},"excerpt":{"rendered":"<p>Pieejams Basic, Pro un Pro Revolver mode\u013ciem no 2023. gada. Materi\u0101ls: t\u0113rauds. Gult\u0146i uzst\u0101d\u012bti.\u00a0<\/p>","protected":false},"featured_media":4381,"template":"","meta":{"_monsterinsights_skip_tracking":false,"_monsterinsights_sitenote_active":false,"_monsterinsights_sitenote_note":"","_monsterinsights_sitenote_category":0},"product_brand":[],"product_cat":[53],"product_tag":[],"class_list":{"0":"post-4380","1":"product","2":"type-product","3":"status-publish","4":"has-post-thumbnail","6":"product_cat-varuosad","8":"first","9":"instock","10":"taxable","11":"shipping-taxable","12":"purchasable","13":"product-type-simple"},"_links":{"self":[{"href":"https:\/\/sartsmetal.ee\/lv\/wp-json\/wp\/v2\/product\/4380","targetHints":{"allow":["GET"]}}],"collection":[{"href":"https:\/\/sartsmetal.ee\/lv\/wp-json\/wp\/v2\/product"}],"about":[{"href":"https:\/\/sartsmetal.ee\/lv\/wp-json\/wp\/v2\/types\/product"}],"wp:featuredmedia":[{"embeddable":true,"href":"https:\/\/sartsmetal.ee\/lv\/wp-json\/wp\/v2\/media\/4381"}],"wp:attachment":[{"href":"https:\/\/sartsmetal.ee\/lv\/wp-json\/wp\/v2\/media?parent=4380"}],"wp:term":[{"taxonomy":"product_brand","embeddable":true,"href":"https:\/\/sartsmetal.ee\/lv\/wp-json\/wp\/v2\/product_brand?post=4380"},{"taxonomy":"product_cat","embeddable":true,"href":"https:\/\/sartsmetal.ee\/lv\/wp-json\/wp\/v2\/product_cat?post=4380"},{"taxonomy":"product_tag","embeddable":true,"href":"https:\/\/sartsmetal.ee\/lv\/wp-json\/wp\/v2\/product_tag?post=4380"}],"curies":[{"name":"wp","href":"https:\/\/api.w.org\/{rel}","templated":true}]}}