{"id":4382,"date":"2025-01-06T17:16:26","date_gmt":"2025-01-06T15:16:26","guid":{"rendered":"https:\/\/sartsmetal.ee\/?post_type=product&#038;p=4382"},"modified":"2025-01-06T17:18:13","modified_gmt":"2025-01-06T15:18:13","slug":"regulleerimisrull-d64mm","status":"publish","type":"product","link":"https:\/\/sartsmetal.ee\/lv\/toode\/regulleerimisrull-d64mm\/","title":{"rendered":"Lentes centr\u0113\u0161anas rullis D64 mm"},"content":{"rendered":"<p>Piem\u0113rots visiem mode\u013ciem no 2023. gada. Materi\u0101ls: t\u0113rauds. Gult\u0146i uzst\u0101d\u012bti.<\/p>","protected":false},"excerpt":{"rendered":"<p>Piem\u0113rots visiem mode\u013ciem no 2023. gada. Materi\u0101ls: t\u0113rauds. Gult\u0146i uzst\u0101d\u012bti.<\/p>","protected":false},"featured_media":4383,"template":"","meta":{"_monsterinsights_skip_tracking":false,"_monsterinsights_sitenote_active":false,"_monsterinsights_sitenote_note":"","_monsterinsights_sitenote_category":0},"product_brand":[],"product_cat":[53],"product_tag":[],"class_list":{"0":"post-4382","1":"product","2":"type-product","3":"status-publish","4":"has-post-thumbnail","6":"product_cat-varuosad","8":"first","9":"instock","10":"taxable","11":"shipping-taxable","12":"purchasable","13":"product-type-simple"},"_links":{"self":[{"href":"https:\/\/sartsmetal.ee\/lv\/wp-json\/wp\/v2\/product\/4382","targetHints":{"allow":["GET"]}}],"collection":[{"href":"https:\/\/sartsmetal.ee\/lv\/wp-json\/wp\/v2\/product"}],"about":[{"href":"https:\/\/sartsmetal.ee\/lv\/wp-json\/wp\/v2\/types\/product"}],"wp:featuredmedia":[{"embeddable":true,"href":"https:\/\/sartsmetal.ee\/lv\/wp-json\/wp\/v2\/media\/4383"}],"wp:attachment":[{"href":"https:\/\/sartsmetal.ee\/lv\/wp-json\/wp\/v2\/media?parent=4382"}],"wp:term":[{"taxonomy":"product_brand","embeddable":true,"href":"https:\/\/sartsmetal.ee\/lv\/wp-json\/wp\/v2\/product_brand?post=4382"},{"taxonomy":"product_cat","embeddable":true,"href":"https:\/\/sartsmetal.ee\/lv\/wp-json\/wp\/v2\/product_cat?post=4382"},{"taxonomy":"product_tag","embeddable":true,"href":"https:\/\/sartsmetal.ee\/lv\/wp-json\/wp\/v2\/product_tag?post=4382"}],"curies":[{"name":"wp","href":"https:\/\/api.w.org\/{rel}","templated":true}]}}