{"id":4389,"date":"2025-01-06T17:20:34","date_gmt":"2025-01-06T15:20:34","guid":{"rendered":"https:\/\/sartsmetal.ee\/?post_type=product&#038;p=4389"},"modified":"2025-01-06T17:26:09","modified_gmt":"2025-01-06T15:26:09","slug":"reguleerija","status":"publish","type":"product","link":"https:\/\/sartsmetal.ee\/lv\/toode\/reguleerija\/","title":{"rendered":"Lentes centr\u0113\u0161anas rokturis"},"content":{"rendered":"<p>Piem\u0113rots mode\u013ciem no 2024. gada. V\u012btnes izm\u0113rs: M10 \u00d7 1.<\/p>","protected":false},"excerpt":{"rendered":"<p>Piem\u0113rots mode\u013ciem no 2024. gada. V\u012btnes izm\u0113rs: M10 \u00d7 1.<\/p>","protected":false},"featured_media":4392,"template":"","meta":{"_monsterinsights_skip_tracking":false,"_monsterinsights_sitenote_active":false,"_monsterinsights_sitenote_note":"","_monsterinsights_sitenote_category":0},"product_brand":[],"product_cat":[53],"product_tag":[],"class_list":{"0":"post-4389","1":"product","2":"type-product","3":"status-publish","4":"has-post-thumbnail","6":"product_cat-varuosad","8":"first","9":"instock","10":"taxable","11":"shipping-taxable","12":"purchasable","13":"product-type-simple"},"_links":{"self":[{"href":"https:\/\/sartsmetal.ee\/lv\/wp-json\/wp\/v2\/product\/4389","targetHints":{"allow":["GET"]}}],"collection":[{"href":"https:\/\/sartsmetal.ee\/lv\/wp-json\/wp\/v2\/product"}],"about":[{"href":"https:\/\/sartsmetal.ee\/lv\/wp-json\/wp\/v2\/types\/product"}],"wp:featuredmedia":[{"embeddable":true,"href":"https:\/\/sartsmetal.ee\/lv\/wp-json\/wp\/v2\/media\/4392"}],"wp:attachment":[{"href":"https:\/\/sartsmetal.ee\/lv\/wp-json\/wp\/v2\/media?parent=4389"}],"wp:term":[{"taxonomy":"product_brand","embeddable":true,"href":"https:\/\/sartsmetal.ee\/lv\/wp-json\/wp\/v2\/product_brand?post=4389"},{"taxonomy":"product_cat","embeddable":true,"href":"https:\/\/sartsmetal.ee\/lv\/wp-json\/wp\/v2\/product_cat?post=4389"},{"taxonomy":"product_tag","embeddable":true,"href":"https:\/\/sartsmetal.ee\/lv\/wp-json\/wp\/v2\/product_tag?post=4389"}],"curies":[{"name":"wp","href":"https:\/\/api.w.org\/{rel}","templated":true}]}}