{"id":4397,"date":"2025-01-06T17:30:16","date_gmt":"2025-01-06T15:30:16","guid":{"rendered":"https:\/\/sartsmetal.ee\/?post_type=product&#038;p=4397"},"modified":"2025-01-06T17:36:18","modified_gmt":"2025-01-06T15:36:18","slug":"2020-2022-lihvijate-remont-komplekt","status":"publish","type":"product","link":"https:\/\/sartsmetal.ee\/lv\/toode\/2020-2022-lihvijate-remont-komplekt\/","title":{"rendered":"Sl\u012bpma\u0161\u012bnu remonta komplekts 2020\u20132022"},"content":{"rendered":"<p>Rull\u012b\u0161u remonta komplekts iek\u0101rt\u0101m, kas ra\u017eotas 2020.\u20132022. gad\u0101. Materi\u0101ls: t\u0113rauds. Gult\u0146i jau uzst\u0101d\u012bti.<\/p>","protected":false},"excerpt":{"rendered":"<p>Rull\u012b\u0161u remonta komplekts iek\u0101rt\u0101m, kas ra\u017eotas 2020.\u20132022. gad\u0101. Materi\u0101ls: t\u0113rauds. Gult\u0146i jau uzst\u0101d\u012bti.<\/p>","protected":false},"featured_media":4398,"template":"","meta":{"_monsterinsights_skip_tracking":false,"_monsterinsights_sitenote_active":false,"_monsterinsights_sitenote_note":"","_monsterinsights_sitenote_category":0},"product_brand":[],"product_cat":[53],"product_tag":[],"class_list":{"0":"post-4397","1":"product","2":"type-product","3":"status-publish","4":"has-post-thumbnail","6":"product_cat-varuosad","8":"first","9":"instock","10":"taxable","11":"shipping-taxable","12":"purchasable","13":"product-type-simple"},"_links":{"self":[{"href":"https:\/\/sartsmetal.ee\/lv\/wp-json\/wp\/v2\/product\/4397","targetHints":{"allow":["GET"]}}],"collection":[{"href":"https:\/\/sartsmetal.ee\/lv\/wp-json\/wp\/v2\/product"}],"about":[{"href":"https:\/\/sartsmetal.ee\/lv\/wp-json\/wp\/v2\/types\/product"}],"wp:featuredmedia":[{"embeddable":true,"href":"https:\/\/sartsmetal.ee\/lv\/wp-json\/wp\/v2\/media\/4398"}],"wp:attachment":[{"href":"https:\/\/sartsmetal.ee\/lv\/wp-json\/wp\/v2\/media?parent=4397"}],"wp:term":[{"taxonomy":"product_brand","embeddable":true,"href":"https:\/\/sartsmetal.ee\/lv\/wp-json\/wp\/v2\/product_brand?post=4397"},{"taxonomy":"product_cat","embeddable":true,"href":"https:\/\/sartsmetal.ee\/lv\/wp-json\/wp\/v2\/product_cat?post=4397"},{"taxonomy":"product_tag","embeddable":true,"href":"https:\/\/sartsmetal.ee\/lv\/wp-json\/wp\/v2\/product_tag?post=4397"}],"curies":[{"name":"wp","href":"https:\/\/api.w.org\/{rel}","templated":true}]}}