{"id":4399,"date":"2025-01-06T17:32:52","date_gmt":"2025-01-06T15:32:52","guid":{"rendered":"https:\/\/sartsmetal.ee\/?post_type=product&#038;p=4399"},"modified":"2025-12-07T23:01:50","modified_gmt":"2025-12-07T21:01:50","slug":"diy-rullide-komplekt","status":"publish","type":"product","link":"https:\/\/sartsmetal.ee\/lv\/toode\/diy-rullide-komplekt\/","title":{"rendered":"DIY rull\u012b\u0161u komplekts"},"content":{"rendered":"<p>Izveidojiet savu lentas sl\u012bpma\u0161\u012bnu! Ilgm\u016b\u017e\u012bgi t\u0113rauda rull\u012b\u0161i, ra\u017eoti Igaunij\u0101.<\/p>\n<p>Komplekt\u0101 ietilpst:<\/p>\n<p>1 \u00d7 117 mm piedzi\u0146as rullis 19\/24 mm v\u0101rpstai (nor\u0101d\u012bt izm\u0113ru)<\/p>\n<p>2 \u00d7 50 mm br\u012bvgaitas rull\u012b\u0161i<\/p>\n<p>1 \u00d7 64 mm r\u0101diusa regul\u0113\u0161anas rullis<\/p>\n<p>Visi gult\u0146i jau ir uzst\u0101d\u012bti. Rull\u012b\u0161i tiek piestiprin\u0101ti ar M10 skr\u016bv\u0113m.<\/p>","protected":false},"excerpt":{"rendered":"<p>Ehita omale ise lihvmasin! Kvaliteetsed terasest kauakestvad rullid. Toodetud Eestis. Komplektis: 1x 117mm veorull 19\/24mm v\u00f5llile (t\u00e4psusta) 2x 50mm vabajooksu rullid 1x 64mm raadiusega reguleerimisrull K\u00f5ik laagrid juba sisse paigaldatud, ainult kinnita masina k\u00fclge. Kinnitus M10 poltidega.<\/p>","protected":false},"featured_media":4404,"template":"","meta":{"_monsterinsights_skip_tracking":false,"_monsterinsights_sitenote_active":false,"_monsterinsights_sitenote_note":"","_monsterinsights_sitenote_category":0},"product_brand":[],"product_cat":[53],"product_tag":[],"class_list":{"0":"post-4399","1":"product","2":"type-product","3":"status-publish","4":"has-post-thumbnail","6":"product_cat-varuosad","8":"first","9":"instock","10":"sale","11":"taxable","12":"shipping-taxable","13":"purchasable","14":"product-type-variable"},"_links":{"self":[{"href":"https:\/\/sartsmetal.ee\/lv\/wp-json\/wp\/v2\/product\/4399","targetHints":{"allow":["GET"]}}],"collection":[{"href":"https:\/\/sartsmetal.ee\/lv\/wp-json\/wp\/v2\/product"}],"about":[{"href":"https:\/\/sartsmetal.ee\/lv\/wp-json\/wp\/v2\/types\/product"}],"wp:featuredmedia":[{"embeddable":true,"href":"https:\/\/sartsmetal.ee\/lv\/wp-json\/wp\/v2\/media\/4404"}],"wp:attachment":[{"href":"https:\/\/sartsmetal.ee\/lv\/wp-json\/wp\/v2\/media?parent=4399"}],"wp:term":[{"taxonomy":"product_brand","embeddable":true,"href":"https:\/\/sartsmetal.ee\/lv\/wp-json\/wp\/v2\/product_brand?post=4399"},{"taxonomy":"product_cat","embeddable":true,"href":"https:\/\/sartsmetal.ee\/lv\/wp-json\/wp\/v2\/product_cat?post=4399"},{"taxonomy":"product_tag","embeddable":true,"href":"https:\/\/sartsmetal.ee\/lv\/wp-json\/wp\/v2\/product_tag?post=4399"}],"curies":[{"name":"wp","href":"https:\/\/api.w.org\/{rel}","templated":true}]}}