{"id":4452,"date":"2025-06-02T21:23:29","date_gmt":"2025-06-02T18:23:29","guid":{"rendered":"https:\/\/sartsmetal.ee\/?post_type=product&#038;p=4452"},"modified":"2025-06-05T20:58:57","modified_gmt":"2025-06-05T17:58:57","slug":"lihvtald-2021-2022","status":"publish","type":"product","link":"https:\/\/sartsmetal.ee\/lv\/toode\/lihvtald-2021-2022\/","title":{"rendered":"Balsta pl\u0101tne 2021\u20132022"},"content":{"rendered":"<p>Piem\u0113rota mode\u013ciem, kas ra\u017eoti 2021.\u20132022. gad\u0101.<\/p>","protected":false},"excerpt":{"rendered":"<p>Piem\u0113rota mode\u013ciem, kas ra\u017eoti 2021.\u20132022. gad\u0101.<\/p>","protected":false},"featured_media":4455,"template":"","meta":{"_monsterinsights_skip_tracking":false,"_monsterinsights_sitenote_active":false,"_monsterinsights_sitenote_note":"","_monsterinsights_sitenote_category":0},"product_brand":[],"product_cat":[53],"product_tag":[],"class_list":{"0":"post-4452","1":"product","2":"type-product","3":"status-publish","4":"has-post-thumbnail","6":"product_cat-varuosad","8":"first","9":"instock","10":"taxable","11":"shipping-taxable","12":"purchasable","13":"product-type-simple"},"_links":{"self":[{"href":"https:\/\/sartsmetal.ee\/lv\/wp-json\/wp\/v2\/product\/4452","targetHints":{"allow":["GET"]}}],"collection":[{"href":"https:\/\/sartsmetal.ee\/lv\/wp-json\/wp\/v2\/product"}],"about":[{"href":"https:\/\/sartsmetal.ee\/lv\/wp-json\/wp\/v2\/types\/product"}],"wp:featuredmedia":[{"embeddable":true,"href":"https:\/\/sartsmetal.ee\/lv\/wp-json\/wp\/v2\/media\/4455"}],"wp:attachment":[{"href":"https:\/\/sartsmetal.ee\/lv\/wp-json\/wp\/v2\/media?parent=4452"}],"wp:term":[{"taxonomy":"product_brand","embeddable":true,"href":"https:\/\/sartsmetal.ee\/lv\/wp-json\/wp\/v2\/product_brand?post=4452"},{"taxonomy":"product_cat","embeddable":true,"href":"https:\/\/sartsmetal.ee\/lv\/wp-json\/wp\/v2\/product_cat?post=4452"},{"taxonomy":"product_tag","embeddable":true,"href":"https:\/\/sartsmetal.ee\/lv\/wp-json\/wp\/v2\/product_tag?post=4452"}],"curies":[{"name":"wp","href":"https:\/\/api.w.org\/{rel}","templated":true}]}}