{"id":4456,"date":"2025-06-02T21:27:22","date_gmt":"2025-06-02T18:27:22","guid":{"rendered":"https:\/\/sartsmetal.ee\/?post_type=product&#038;p=4456"},"modified":"2025-06-06T21:35:28","modified_gmt":"2025-06-06T18:35:28","slug":"lihvtald-alates-2023","status":"publish","type":"product","link":"https:\/\/sartsmetal.ee\/lv\/toode\/lihvtald-alates-2023\/","title":{"rendered":"Balsta pl\u0101tne (Platen)"},"content":{"rendered":"<p>Nodilumiztur\u012bga t\u0113rauda pl\u0101tne. Abpus\u0113ji sl\u012bp\u0113ta virsma. Piem\u0113rota mode\u013ciem, s\u0101kot no 2023. gada.<\/p>","protected":false},"excerpt":{"rendered":"<p>Nodilumiztur\u012bga t\u0113rauda pl\u0101tne. Abpus\u0113ji sl\u012bp\u0113ta virsma. Piem\u0113rota mode\u013ciem, s\u0101kot no 2023. gada.<\/p>","protected":false},"featured_media":4454,"template":"","meta":{"_monsterinsights_skip_tracking":false,"_monsterinsights_sitenote_active":false,"_monsterinsights_sitenote_note":"","_monsterinsights_sitenote_category":0},"product_brand":[],"product_cat":[53],"product_tag":[],"class_list":{"0":"post-4456","1":"product","2":"type-product","3":"status-publish","4":"has-post-thumbnail","6":"product_cat-varuosad","8":"first","9":"instock","10":"taxable","11":"shipping-taxable","12":"purchasable","13":"product-type-variable"},"_links":{"self":[{"href":"https:\/\/sartsmetal.ee\/lv\/wp-json\/wp\/v2\/product\/4456","targetHints":{"allow":["GET"]}}],"collection":[{"href":"https:\/\/sartsmetal.ee\/lv\/wp-json\/wp\/v2\/product"}],"about":[{"href":"https:\/\/sartsmetal.ee\/lv\/wp-json\/wp\/v2\/types\/product"}],"wp:featuredmedia":[{"embeddable":true,"href":"https:\/\/sartsmetal.ee\/lv\/wp-json\/wp\/v2\/media\/4454"}],"wp:attachment":[{"href":"https:\/\/sartsmetal.ee\/lv\/wp-json\/wp\/v2\/media?parent=4456"}],"wp:term":[{"taxonomy":"product_brand","embeddable":true,"href":"https:\/\/sartsmetal.ee\/lv\/wp-json\/wp\/v2\/product_brand?post=4456"},{"taxonomy":"product_cat","embeddable":true,"href":"https:\/\/sartsmetal.ee\/lv\/wp-json\/wp\/v2\/product_cat?post=4456"},{"taxonomy":"product_tag","embeddable":true,"href":"https:\/\/sartsmetal.ee\/lv\/wp-json\/wp\/v2\/product_tag?post=4456"}],"curies":[{"name":"wp","href":"https:\/\/api.w.org\/{rel}","templated":true}]}}