{"id":4472,"date":"2025-06-22T19:33:28","date_gmt":"2025-06-22T16:33:28","guid":{"rendered":"https:\/\/sartsmetal.ee\/?post_type=product&#038;p=4472"},"modified":"2025-06-22T19:41:18","modified_gmt":"2025-06-22T16:41:18","slug":"kummirullide-poordvahetaja","status":"publish","type":"product","link":"https:\/\/sartsmetal.ee\/lv\/toode\/kummirullide-poordvahetaja\/","title":{"rendered":"Gumijoti rot\u0113jo\u0161ie mazie rull\u012b\u0161i"},"content":{"rendered":"<p>Piem\u0113roti Pro Revolver un Combimaster mode\u013ciem, kas ra\u017eoti no 2023. gada. Revolveris sast\u0101v no 22 mm, 30 mm un 40 mm rull\u012b\u0161iem. Rull\u012b\u0161i ir p\u0101rkl\u0101ti ar poliuret\u0101na gumiju, kas nodro\u0161ina lab\u0101ku virsmas apstr\u0101des kvalit\u0101ti. Ieteicams str\u0101d\u0101t ar zemu \u0101trumu, t\u0101d\u0113\u013c nepiecie\u0161ama iek\u0101rta ar frekven\u010du p\u0101rveidot\u0101ju.<\/p>","protected":false},"excerpt":{"rendered":"<p>Piem\u0113roti Pro Revolver un Combimaster mode\u013ciem, kas ra\u017eoti no 2023. gada. Revolveris sast\u0101v no 22 mm, 30 mm un 40 mm rull\u012b\u0161iem. Rull\u012b\u0161i ir p\u0101rkl\u0101ti ar poliuret\u0101na gumiju, kas nodro\u0161ina lab\u0101ku virsmas apstr\u0101des kvalit\u0101ti. Ieteicams str\u0101d\u0101t ar zemu \u0101trumu, t\u0101d\u0113\u013c nepiecie\u0161ama iek\u0101rta ar frekven\u010du p\u0101rveidot\u0101ju.<\/p>","protected":false},"featured_media":4473,"template":"","meta":{"_monsterinsights_skip_tracking":false,"_monsterinsights_sitenote_active":false,"_monsterinsights_sitenote_note":"","_monsterinsights_sitenote_category":0},"product_brand":[],"product_cat":[53],"product_tag":[],"class_list":{"0":"post-4472","1":"product","2":"type-product","3":"status-publish","4":"has-post-thumbnail","6":"product_cat-varuosad","8":"first","9":"instock","10":"taxable","11":"shipping-taxable","12":"purchasable","13":"product-type-simple"},"_links":{"self":[{"href":"https:\/\/sartsmetal.ee\/lv\/wp-json\/wp\/v2\/product\/4472","targetHints":{"allow":["GET"]}}],"collection":[{"href":"https:\/\/sartsmetal.ee\/lv\/wp-json\/wp\/v2\/product"}],"about":[{"href":"https:\/\/sartsmetal.ee\/lv\/wp-json\/wp\/v2\/types\/product"}],"wp:featuredmedia":[{"embeddable":true,"href":"https:\/\/sartsmetal.ee\/lv\/wp-json\/wp\/v2\/media\/4473"}],"wp:attachment":[{"href":"https:\/\/sartsmetal.ee\/lv\/wp-json\/wp\/v2\/media?parent=4472"}],"wp:term":[{"taxonomy":"product_brand","embeddable":true,"href":"https:\/\/sartsmetal.ee\/lv\/wp-json\/wp\/v2\/product_brand?post=4472"},{"taxonomy":"product_cat","embeddable":true,"href":"https:\/\/sartsmetal.ee\/lv\/wp-json\/wp\/v2\/product_cat?post=4472"},{"taxonomy":"product_tag","embeddable":true,"href":"https:\/\/sartsmetal.ee\/lv\/wp-json\/wp\/v2\/product_tag?post=4472"}],"curies":[{"name":"wp","href":"https:\/\/api.w.org\/{rel}","templated":true}]}}