{"id":4689,"date":"2025-11-23T14:34:15","date_gmt":"2025-11-23T12:34:15","guid":{"rendered":"https:\/\/sartsmetal.ee\/?post_type=product&#038;p=4689"},"modified":"2026-01-05T16:05:44","modified_gmt":"2026-01-05T14:05:44","slug":"tasalihvija","status":"publish","type":"product","link":"https:\/\/sartsmetal.ee\/lv\/toode\/tasalihvija\/","title":{"rendered":"Virsmas sl\u012bp\u0113\u0161anas uzgalis"},"content":{"rendered":"<p>Piem\u0113rots Combimaster modelim. Stiprin\u0101ms pie iek\u0101rtas pamatnes. Maksim\u0101lie deta\u013cas izm\u0113ri: 260 \u00d7 50 \u00d7 50 mm. Regul\u0113jams sl\u012bpuma le\u0146\u0137is. Deta\u013ca tiek fiks\u0113ta ar magn\u0113tiem.<\/p>","protected":false},"excerpt":{"rendered":"<p>Piem\u0113rots Combimaster modelim. Stiprin\u0101ms pie iek\u0101rtas pamatnes. Maksim\u0101lie deta\u013cas izm\u0113ri: 260 \u00d7 50 \u00d7 50 mm. Regul\u0113jams sl\u012bpuma le\u0146\u0137is. Deta\u013ca tiek fiks\u0113ta ar magn\u0113tiem.<\/p>","protected":false},"featured_media":4686,"template":"","meta":{"_monsterinsights_skip_tracking":false,"_monsterinsights_sitenote_active":false,"_monsterinsights_sitenote_note":"","_monsterinsights_sitenote_category":0},"product_brand":[],"product_cat":[62],"product_tag":[],"class_list":{"0":"post-4689","1":"product","2":"type-product","3":"status-publish","4":"has-post-thumbnail","6":"product_cat-lisad-masinatele","8":"first","9":"instock","10":"taxable","11":"shipping-taxable","12":"purchasable","13":"product-type-simple"},"_links":{"self":[{"href":"https:\/\/sartsmetal.ee\/lv\/wp-json\/wp\/v2\/product\/4689","targetHints":{"allow":["GET"]}}],"collection":[{"href":"https:\/\/sartsmetal.ee\/lv\/wp-json\/wp\/v2\/product"}],"about":[{"href":"https:\/\/sartsmetal.ee\/lv\/wp-json\/wp\/v2\/types\/product"}],"wp:featuredmedia":[{"embeddable":true,"href":"https:\/\/sartsmetal.ee\/lv\/wp-json\/wp\/v2\/media\/4686"}],"wp:attachment":[{"href":"https:\/\/sartsmetal.ee\/lv\/wp-json\/wp\/v2\/media?parent=4689"}],"wp:term":[{"taxonomy":"product_brand","embeddable":true,"href":"https:\/\/sartsmetal.ee\/lv\/wp-json\/wp\/v2\/product_brand?post=4689"},{"taxonomy":"product_cat","embeddable":true,"href":"https:\/\/sartsmetal.ee\/lv\/wp-json\/wp\/v2\/product_cat?post=4689"},{"taxonomy":"product_tag","embeddable":true,"href":"https:\/\/sartsmetal.ee\/lv\/wp-json\/wp\/v2\/product_tag?post=4689"}],"curies":[{"name":"wp","href":"https:\/\/api.w.org\/{rel}","templated":true}]}}