{"id":4770,"date":"2026-03-25T12:32:52","date_gmt":"2026-03-25T10:32:52","guid":{"rendered":"https:\/\/sartsmetal.ee\/?post_type=product&#038;p=4770"},"modified":"2026-04-29T10:42:09","modified_gmt":"2026-04-29T07:42:09","slug":"slipcloy-kayy-g240","status":"publish","type":"product","link":"https:\/\/sartsmetal.ee\/lv\/toode\/slipcloy-kayy-g240\/","title":{"rendered":"Slipcloy KAYY P240"},"content":{"rendered":"<p>Smalkas sl\u012bp\u0113\u0161anas un asin\u0101\u0161anas darbiem, piem\u0113rots liel\u0101kajai da\u013cai materi\u0101lu, piem\u0113ram, t\u0113raudam, ner\u016bs\u0113jo\u0161ajam t\u0113raudam, alum\u012bnijam un koksnei. Alum\u012bnija oks\u012bda graudi, aizmugur\u0113 poliestera audums. Ra\u017eots Igaunij\u0101.<\/p>","protected":false},"excerpt":{"rendered":"<p>Smalkas sl\u012bp\u0113\u0161anas un asin\u0101\u0161anas darbiem, piem\u0113rots liel\u0101kajai da\u013cai materi\u0101lu, piem\u0113ram, t\u0113raudam, ner\u016bs\u0113jo\u0161ajam t\u0113raudam, alum\u012bnijam un koksnei. Alum\u012bnija oks\u012bda graudi, aizmugur\u0113 poliestera audums. Ra\u017eots Igaunij\u0101.<\/p>","protected":false},"featured_media":4774,"template":"","meta":{"_monsterinsights_skip_tracking":false,"_monsterinsights_sitenote_active":false,"_monsterinsights_sitenote_note":"","_monsterinsights_sitenote_category":0},"product_brand":[],"product_cat":[54],"product_tag":[],"class_list":{"0":"post-4770","1":"product","2":"type-product","3":"status-publish","4":"has-post-thumbnail","6":"product_cat-lindid","8":"first","9":"instock","10":"taxable","11":"shipping-taxable","12":"purchasable","13":"product-type-variable"},"_links":{"self":[{"href":"https:\/\/sartsmetal.ee\/lv\/wp-json\/wp\/v2\/product\/4770","targetHints":{"allow":["GET"]}}],"collection":[{"href":"https:\/\/sartsmetal.ee\/lv\/wp-json\/wp\/v2\/product"}],"about":[{"href":"https:\/\/sartsmetal.ee\/lv\/wp-json\/wp\/v2\/types\/product"}],"wp:featuredmedia":[{"embeddable":true,"href":"https:\/\/sartsmetal.ee\/lv\/wp-json\/wp\/v2\/media\/4774"}],"wp:attachment":[{"href":"https:\/\/sartsmetal.ee\/lv\/wp-json\/wp\/v2\/media?parent=4770"}],"wp:term":[{"taxonomy":"product_brand","embeddable":true,"href":"https:\/\/sartsmetal.ee\/lv\/wp-json\/wp\/v2\/product_brand?post=4770"},{"taxonomy":"product_cat","embeddable":true,"href":"https:\/\/sartsmetal.ee\/lv\/wp-json\/wp\/v2\/product_cat?post=4770"},{"taxonomy":"product_tag","embeddable":true,"href":"https:\/\/sartsmetal.ee\/lv\/wp-json\/wp\/v2\/product_tag?post=4770"}],"curies":[{"name":"wp","href":"https:\/\/api.w.org\/{rel}","templated":true}]}}